{"id":10999,"date":"2023-05-24T22:27:02","date_gmt":"2023-05-24T20:27:02","guid":{"rendered":"https:\/\/antart.com.pl\/?page_id=10999"},"modified":"2026-01-23T14:49:53","modified_gmt":"2026-01-23T13:49:53","slug":"delivery-information","status":"publish","type":"page","link":"https:\/\/antart.com.pl\/en\/informacje-o-dostawie\/","title":{"rendered":"Delivery information"},"content":{"rendered":"<div data-elementor-type=\"wp-page\" data-elementor-id=\"10999\" class=\"elementor elementor-10999\" data-elementor-post-type=\"page\">\n\t\t\t\t\t\t<section class=\"elementor-section elementor-top-section elementor-element elementor-element-4d793f9f elementor-section-boxed elementor-section-height-default elementor-section-height-default jltma-glass-effect-no\" data-id=\"4d793f9f\" data-element_type=\"section\" data-e-type=\"section\">\n\t\t\t\t\t\t<div class=\"elementor-container elementor-column-gap-default\">\n\t\t\t\t\t<div class=\"elementor-column elementor-col-100 elementor-top-column elementor-element elementor-element-69af63d3 jltma-glass-effect-no\" data-id=\"69af63d3\" data-element_type=\"column\" data-e-type=\"column\">\n\t\t\t<div class=\"elementor-widget-wrap elementor-element-populated\">\n\t\t\t\t\t\t<div class=\"elementor-element elementor-element-4cf26208 jltma-glass-effect-no elementor-widget elementor-widget-heading\" data-id=\"4cf26208\" data-element_type=\"widget\" data-e-type=\"widget\" data-widget_type=\"heading.default\">\n\t\t\t\t<div class=\"elementor-widget-container\">\n\t\t\t\t\t<h2 class=\"elementor-heading-title elementor-size-default\">Information on deliveries<\/h2>\t\t\t\t<\/div>\n\t\t\t\t<\/div>\n\t\t\t\t<div class=\"elementor-element elementor-element-455dd301 jltma-glass-effect-no elementor-widget elementor-widget-text-editor\" data-id=\"455dd301\" data-element_type=\"widget\" data-e-type=\"widget\" data-widget_type=\"text-editor.default\">\n\t\t\t\t<div class=\"elementor-widget-container\">\n\t\t\t\t\t\t\t\t\t\n<p>Delivery information:<\/p>\n<p>Order dispatch takes place from Monday to Thursday<\/p>\n\n<p>The cost of shipping is from 22\u00a3 higher depending on parameters and weight.<\/p>\n\n<p>For \"cash on delivery\" shipments we charge PLN 3.<\/p>\n\n<p>Bulky furniture sent on a pallet cost starts from 180zl<\/p>\n\n<p>Dispatch usually takes place the next working day after the payment has been credited.<\/p>\n\n<p>Other shipments which cannot be handled by a courier company are agreed individually.<\/p>\n\n<p>You will be informed of each order update and shipment (waybill number) by e-mail.<\/p>\n\n<p>Please feel free to contact us if you have any questions<\/p>\n\n<p>ENJOY YOUR SHOPPING<\/p>\n\t\t\t\t\t\t\t\t<\/div>\n\t\t\t\t<\/div>\n\t\t\t\t\t<\/div>\n\t\t<\/div>\n\t\t\t\t\t<\/div>\n\t\t<\/section>\n\t\t\t\t<\/div>","protected":false},"excerpt":{"rendered":"<p>Informacje o dostawach Informacje o dostawach: Wysy\u0142ka zam\u00f3wienia odbywa si\u0119 od poniedzia\u0142ku do czwartku Koszt wysy\u0142ki jest od 22z\u0142 wy\u017cszy koszt w zale\u017cno\u015bci od parametr\u00f3w oraz wagi. W przesy\u0142kach \u201eza pobraniem\u201d doliczamy 3z\u0142 Meble gabarytowe wysy\u0142ane na palecie koszt palety zaczyna si\u0119 od 180z\u0142 Wysy\u0142ka nast\u0119puje najcz\u0119\u015bciej nast\u0119pnego dnia roboczego po zaksi\u0119gowaniu wp\u0142aty. Pozosta\u0142e transporty [&hellip;]<\/p>\n","protected":false},"author":1,"featured_media":0,"parent":0,"menu_order":0,"comment_status":"closed","ping_status":"closed","template":"","meta":{"_seopress_robots_primary_cat":"","_seopress_titles_title":"Dostawa antyk\u00f3w | Sklep z antykami online \u2013 Ant-art","_seopress_titles_desc":"Informacje o dostawie antyk\u00f3w i mebli vintage zakupionych w sklepie z antykami online. Bezpieczna wysy\u0142ka mebli, porcelany i dekoracji.","_seopress_robots_index":"","site-sidebar-layout":"no-sidebar","site-content-layout":"page-builder","ast-site-content-layout":"full-width-container","site-content-style":"unboxed","site-sidebar-style":"unboxed","ast-global-header-display":"","ast-banner-title-visibility":"","ast-main-header-display":"","ast-hfb-above-header-display":"","ast-hfb-below-header-display":"","ast-hfb-mobile-header-display":"","site-post-title":"disabled","ast-breadcrumbs-content":"","ast-featured-img":"disabled","footer-sml-layout":"","ast-disable-related-posts":"","theme-transparent-header-meta":"","adv-header-id-meta":"","stick-header-meta":"","header-above-stick-meta":"","header-main-stick-meta":"","header-below-stick-meta":"","astra-migrate-meta-layouts":"set","ast-page-background-enabled":"default","ast-page-background-meta":{"desktop":{"background-color":"var(--ast-global-color-4)","background-image":"","background-repeat":"repeat","background-position":"center center","background-size":"auto","background-attachment":"scroll","background-type":"","background-media":"","overlay-type":"","overlay-color":"","overlay-opacity":"","overlay-gradient":""},"tablet":{"background-color":"","background-image":"","background-repeat":"repeat","background-position":"center center","background-size":"auto","background-attachment":"scroll","background-type":"","background-media":"","overlay-type":"","overlay-color":"","overlay-opacity":"","overlay-gradient":""},"mobile":{"background-color":"","background-image":"","background-repeat":"repeat","background-position":"center center","background-size":"auto","background-attachment":"scroll","background-type":"","background-media":"","overlay-type":"","overlay-color":"","overlay-opacity":"","overlay-gradient":""}},"ast-content-background-meta":{"desktop":{"background-color":"var(--ast-global-color-5)","background-image":"","background-repeat":"repeat","background-position":"center center","background-size":"auto","background-attachment":"scroll","background-type":"","background-media":"","overlay-type":"","overlay-color":"","overlay-opacity":"","overlay-gradient":""},"tablet":{"background-color":"var(--ast-global-color-5)","background-image":"","background-repeat":"repeat","background-position":"center center","background-size":"auto","background-attachment":"scroll","background-type":"","background-media":"","overlay-type":"","overlay-color":"","overlay-opacity":"","overlay-gradient":""},"mobile":{"background-color":"var(--ast-global-color-5)","background-image":"","background-repeat":"repeat","background-position":"center center","background-size":"auto","background-attachment":"scroll","background-type":"","background-media":"","overlay-type":"","overlay-color":"","overlay-opacity":"","overlay-gradient":""}},"footnotes":""},"class_list":["post-10999","page","type-page","status-publish","hentry"],"_links":{"self":[{"href":"https:\/\/antart.com.pl\/en\/wp-json\/wp\/v2\/pages\/10999","targetHints":{"allow":["GET"]}}],"collection":[{"href":"https:\/\/antart.com.pl\/en\/wp-json\/wp\/v2\/pages"}],"about":[{"href":"https:\/\/antart.com.pl\/en\/wp-json\/wp\/v2\/types\/page"}],"author":[{"embeddable":true,"href":"https:\/\/antart.com.pl\/en\/wp-json\/wp\/v2\/users\/1"}],"replies":[{"embeddable":true,"href":"https:\/\/antart.com.pl\/en\/wp-json\/wp\/v2\/comments?post=10999"}],"version-history":[{"count":5,"href":"https:\/\/antart.com.pl\/en\/wp-json\/wp\/v2\/pages\/10999\/revisions"}],"predecessor-version":[{"id":61901,"href":"https:\/\/antart.com.pl\/en\/wp-json\/wp\/v2\/pages\/10999\/revisions\/61901"}],"wp:attachment":[{"href":"https:\/\/antart.com.pl\/en\/wp-json\/wp\/v2\/media?parent=10999"}],"curies":[{"name":"wp","href":"https:\/\/api.w.org\/{rel}","templated":true}]}}