{"id":536,"date":"2021-08-23T13:48:49","date_gmt":"2021-08-23T11:48:49","guid":{"rendered":"https:\/\/antart.com.pl\/about\/"},"modified":"2026-01-23T14:46:34","modified_gmt":"2026-01-23T13:46:34","slug":"about-us","status":"publish","type":"page","link":"https:\/\/antart.com.pl\/en\/o-nas\/","title":{"rendered":"About us"},"content":{"rendered":"<div data-elementor-type=\"wp-page\" data-elementor-id=\"536\" class=\"elementor elementor-536\" data-elementor-post-type=\"page\">\n\t\t\t\t\t\t<section class=\"elementor-section elementor-top-section elementor-element elementor-element-eac414c elementor-section-boxed elementor-section-height-default elementor-section-height-default jltma-glass-effect-no\" data-id=\"eac414c\" data-element_type=\"section\" data-e-type=\"section\">\n\t\t\t\t\t\t<div class=\"elementor-container elementor-column-gap-no\">\n\t\t\t\t\t<div class=\"elementor-column elementor-col-100 elementor-top-column elementor-element elementor-element-26509c6d jltma-glass-effect-no\" data-id=\"26509c6d\" data-element_type=\"column\" data-e-type=\"column\">\n\t\t\t<div class=\"elementor-widget-wrap elementor-element-populated\">\n\t\t\t\t\t\t<div class=\"elementor-element elementor-element-9b39313 elementor-widget__width-inherit elementor-position-top jltma-glass-effect-no elementor-widget elementor-widget-image-box\" data-id=\"9b39313\" data-element_type=\"widget\" data-e-type=\"widget\" data-widget_type=\"image-box.default\">\n\t\t\t\t<div class=\"elementor-widget-container\">\n\t\t\t\t\t<div class=\"elementor-image-box-wrapper\"><figure class=\"elementor-image-box-img\"><img fetchpriority=\"high\" decoding=\"async\" width=\"978\" height=\"978\" src=\"https:\/\/antart.com.pl\/wp-content\/uploads\/porcelain-tea-cup.png\" class=\"attachment-full size-full wp-image-10942\" alt=\"About us | Antique and vintage furniture shop - Antart\" srcset=\"https:\/\/antart.com.pl\/wp-content\/uploads\/porcelain-tea-cup.png 978w, https:\/\/antart.com.pl\/wp-content\/uploads\/porcelain-tea-cup-300x300.png 300w, https:\/\/antart.com.pl\/wp-content\/uploads\/porcelain-tea-cup-100x100.png 100w, https:\/\/antart.com.pl\/wp-content\/uploads\/porcelain-tea-cup-600x600.png 600w, https:\/\/antart.com.pl\/wp-content\/uploads\/porcelain-tea-cup-150x150.png 150w, https:\/\/antart.com.pl\/wp-content\/uploads\/porcelain-tea-cup-768x768.png 768w, https:\/\/antart.com.pl\/wp-content\/uploads\/elementor\/thumbs\/porcelain-tea-cup-q6y9jxounf0x7zfj57yubvzqrj90iclu2wjkhbeqro.png 90w\" sizes=\"(max-width: 978px) 100vw, 978px\" \/><\/figure><div class=\"elementor-image-box-content\"><h1 class=\"elementor-image-box-title\">The Ant-art shop was created for objects that deserve a second life. A wide range of articles gathered in one place consisting of furniture, porcelain, glass, clocks, lighting and decorative paintings in various styles.<\/h1><p class=\"elementor-image-box-description\"><br>We make sure that the range is regularly replenished so that everyone can find something interesting and sophisticated for themselves. Our products from bygone eras will give your home a unique atmosphere. Items from bygone eras are currently experiencing a renaissance. These types of items can only be found in antique shops or at antique fairs. In the home, they give the rooms a new character. Our Ant-art shop collects noteworthy products on a daily basis. We sell online throughout the country, as well as stationary. Anyone can visit Us, see to touch the chosen product. Products purchased from us are dispatched by courier service or can be collected in person. In the case of international shipment, the valuation of transport costs is individual.<\/p><\/div><\/div>\t\t\t\t<\/div>\n\t\t\t\t<\/div>\n\t\t\t\t\t<\/div>\n\t\t<\/div>\n\t\t\t\t\t<\/div>\n\t\t<\/section>\n\t\t\t\t<section class=\"elementor-section elementor-top-section elementor-element elementor-element-5a2cd3f8 elementor-section-height-min-height elementor-section-boxed elementor-section-height-default elementor-section-items-middle jltma-glass-effect-no\" data-id=\"5a2cd3f8\" data-element_type=\"section\" data-e-type=\"section\" data-settings=\"{&quot;background_background&quot;:&quot;classic&quot;}\">\n\t\t\t\t\t\t<div class=\"elementor-container elementor-column-gap-no\">\n\t\t\t\t\t<div class=\"elementor-column elementor-col-100 elementor-top-column elementor-element elementor-element-254654a3 jltma-glass-effect-no\" data-id=\"254654a3\" data-element_type=\"column\" data-e-type=\"column\">\n\t\t\t<div class=\"elementor-widget-wrap\">\n\t\t\t\t\t\t\t<\/div>\n\t\t<\/div>\n\t\t\t\t\t<\/div>\n\t\t<\/section>\n\t\t\t\t<section class=\"elementor-section elementor-top-section elementor-element elementor-element-1ffd710f elementor-section-boxed elementor-section-height-default elementor-section-height-default jltma-glass-effect-no\" data-id=\"1ffd710f\" data-element_type=\"section\" data-e-type=\"section\" data-settings=\"{&quot;background_background&quot;:&quot;classic&quot;}\">\n\t\t\t\t\t\t\t<div class=\"elementor-background-overlay\"><\/div>\n\t\t\t\t\t\t\t<div class=\"elementor-container elementor-column-gap-no\">\n\t\t\t\t\t<div class=\"elementor-column elementor-col-100 elementor-top-column elementor-element elementor-element-280646e7 jltma-glass-effect-no\" data-id=\"280646e7\" data-element_type=\"column\" data-e-type=\"column\">\n\t\t\t<div class=\"elementor-widget-wrap elementor-element-populated\">\n\t\t\t\t\t\t<div class=\"elementor-element elementor-element-5dc891af jltma-glass-effect-no elementor-widget elementor-widget-heading\" data-id=\"5dc891af\" data-element_type=\"widget\" data-e-type=\"widget\" data-widget_type=\"heading.default\">\n\t\t\t\t<div class=\"elementor-widget-container\">\n\t\t\t\t\t<h2 class=\"elementor-heading-title elementor-size-default\"><h3 style=\"font-style: normal;white-space: normal\"><span style=\"color: var(--ast-global-color-2);font-size: 45px;font-style: italic;white-space: pre-wrap\">In our warehouse, everyone will find something for themselves through modernity as well as products with a soul.<\/span><br><\/h3>\n\n<\/h2>\t\t\t\t<\/div>\n\t\t\t\t<\/div>\n\t\t\t\t\t<\/div>\n\t\t<\/div>\n\t\t\t\t\t<\/div>\n\t\t<\/section>\n\t\t\t\t<section class=\"elementor-section elementor-top-section elementor-element elementor-element-32b5f1f2 elementor-section-boxed elementor-section-height-default elementor-section-height-default jltma-glass-effect-no\" data-id=\"32b5f1f2\" data-element_type=\"section\" data-e-type=\"section\" data-settings=\"{&quot;background_background&quot;:&quot;classic&quot;}\">\n\t\t\t\t\t\t\t<div class=\"elementor-background-overlay\"><\/div>\n\t\t\t\t\t\t\t<div class=\"elementor-container elementor-column-gap-no\">\n\t\t\t\t\t<div class=\"elementor-column elementor-col-100 elementor-top-column elementor-element elementor-element-b671bcd jltma-glass-effect-no\" data-id=\"b671bcd\" data-element_type=\"column\" data-e-type=\"column\">\n\t\t\t<div class=\"elementor-widget-wrap elementor-element-populated\">\n\t\t\t\t\t\t<div class=\"elementor-element elementor-element-2f08fb8a jltma-glass-effect-no elementor-widget elementor-widget-heading\" data-id=\"2f08fb8a\" data-element_type=\"widget\" data-e-type=\"widget\" data-widget_type=\"heading.default\">\n\t\t\t\t<div class=\"elementor-widget-container\">\n\t\t\t\t\t<h2 class=\"elementor-heading-title elementor-size-large\"><h2 style=\"font-style: normal;white-space: normal\"><span style=\"color: white;font-size: 54px;font-style: italic;white-space: pre-wrap\">Top quality in a timeless style<\/span><br><\/h2><\/h2>\t\t\t\t<\/div>\n\t\t\t\t<\/div>\n\t\t\t\t<div class=\"elementor-element elementor-element-7e6725f0 elementor-widget-divider--view-line jltma-glass-effect-no elementor-widget elementor-widget-divider\" data-id=\"7e6725f0\" data-element_type=\"widget\" data-e-type=\"widget\" data-widget_type=\"divider.default\">\n\t\t\t\t<div class=\"elementor-widget-container\">\n\t\t\t\t\t\t\t<div class=\"elementor-divider\">\n\t\t\t<span class=\"elementor-divider-separator\">\n\t\t\t\t\t\t<\/span>\n\t\t<\/div>\n\t\t\t\t\t\t<\/div>\n\t\t\t\t<\/div>\n\t\t\t\t<div class=\"elementor-element elementor-element-2e58cdd3 jltma-glass-effect-no elementor-widget elementor-widget-text-editor\" data-id=\"2e58cdd3\" data-element_type=\"widget\" data-e-type=\"widget\" data-widget_type=\"text-editor.default\">\n\t\t\t\t<div class=\"elementor-widget-container\">\n\t\t\t\t\t\t\t\t\t<p>Our company ANT-ART is a family-run business importing ANTIQUE, STYLE, DESIGNE FURNITURE, as well as household accessories, bicycles, fitness equipment, and everything for the garden.<\/p>\n<p>Our products are imported from GERMANY, BELGIUM and France<\/p>\t\t\t\t\t\t\t\t<\/div>\n\t\t\t\t<\/div>\n\t\t\t\t\t<\/div>\n\t\t<\/div>\n\t\t\t\t\t<\/div>\n\t\t<\/section>\n\t\t\t\t<section class=\"elementor-section elementor-top-section elementor-element elementor-element-3259bef elementor-section-boxed elementor-section-height-default elementor-section-height-default jltma-glass-effect-no\" data-id=\"3259bef\" data-element_type=\"section\" data-e-type=\"section\">\n\t\t\t\t\t\t<div class=\"elementor-container elementor-column-gap-no\">\n\t\t\t\t\t<div class=\"elementor-column elementor-col-100 elementor-top-column elementor-element elementor-element-28e76569 jltma-glass-effect-no\" data-id=\"28e76569\" data-element_type=\"column\" data-e-type=\"column\">\n\t\t\t<div class=\"elementor-widget-wrap elementor-element-populated\">\n\t\t\t\t\t\t<div class=\"elementor-element elementor-element-24a1c1ef elementor-position-top jltma-glass-effect-no elementor-widget elementor-widget-image-box\" data-id=\"24a1c1ef\" data-element_type=\"widget\" data-e-type=\"widget\" data-widget_type=\"image-box.default\">\n\t\t\t\t<div class=\"elementor-widget-container\">\n\t\t\t\t\t<div class=\"elementor-image-box-wrapper\"><figure class=\"elementor-image-box-img\"><img decoding=\"async\" width=\"68\" height=\"69\" src=\"https:\/\/antart.com.pl\/wp-content\/uploads\/sale-icon.png\" class=\"attachment-full size-full wp-image-10943\" alt=\"Ant-art - online antique shop | Vintage and retro furniture\" \/><\/figure><div class=\"elementor-image-box-content\"><h2 class=\"elementor-image-box-title\">Subscribe to our newsletter and receive<br> 15% discount!<\/h2><p class=\"elementor-image-box-description\">Now for all those who sign up to our newsletter will receive a discount on all antiques<\/p><\/div><\/div>\t\t\t\t<\/div>\n\t\t\t\t<\/div>\n\t\t\t\t<div class=\"elementor-element elementor-element-6a289a75 jltma-glass-effect-no elementor-widget elementor-widget-button\" data-id=\"6a289a75\" data-element_type=\"widget\" data-e-type=\"widget\" data-widget_type=\"button.default\">\n\t\t\t\t<div class=\"elementor-widget-container\">\n\t\t\t\t\t\t\t\t\t<div class=\"elementor-button-wrapper\">\n\t\t\t\t\t<a class=\"elementor-button elementor-button-link elementor-size-sm\" href=\"\/en\/promotions\/\">\n\t\t\t\t\t\t<span class=\"elementor-button-content-wrapper\">\n\t\t\t\t\t\t\t\t\t<span class=\"elementor-button-text\">- Discover all the opportunities<\/span>\n\t\t\t\t\t<\/span>\n\t\t\t\t\t<\/a>\n\t\t\t\t<\/div>\n\t\t\t\t\t\t\t\t<\/div>\n\t\t\t\t<\/div>\n\t\t\t\t\t<\/div>\n\t\t<\/div>\n\t\t\t\t\t<\/div>\n\t\t<\/section>\n\t\t\t\t<\/div>","protected":false},"excerpt":{"rendered":"<p>Sklep Ant-art powsta\u0142 z my\u015bl\u0105 o przedmiotach, kt\u00f3rym nale\u017cy si\u0119 drugie \u017cycie. Bogata oferta artyku\u0142\u00f3w gromadzona w jednym miejscu sk\u0142adaj\u0105ca si\u0119 z mebli, porcelany, szk\u0142a, zegar\u00f3w, o\u015bwietlenia i obraz\u00f3w dekoracyjnych w r\u00f3\u017cnych stylach. Dbamy o regularne uzupe\u0142nianie asortymentu, aby ka\u017cdy znalaz\u0142 dla siebie co\u015b ciekawego, wyszukanego. Nasze produkty z minionych epok nadadz\u0105 Twojemu domowi niepowtarzalny [&hellip;]<\/p>\n","protected":false},"author":1,"featured_media":0,"parent":0,"menu_order":0,"comment_status":"closed","ping_status":"closed","template":"","meta":{"_seopress_robots_primary_cat":"","_seopress_titles_title":"O nas | Sklep z antykami i meblami vintage \u2013 Ant-art","_seopress_titles_desc":"Poznaj sklep z antykami oferuj\u0105cy meble antyki, meble w stylu rustykalnym, porcelan\u0119 vintage oraz unikatowe dekoracje do domu.","_seopress_robots_index":"","site-sidebar-layout":"no-sidebar","site-content-layout":"page-builder","ast-site-content-layout":"full-width-container","site-content-style":"unboxed","site-sidebar-style":"unboxed","ast-global-header-display":"","ast-banner-title-visibility":"","ast-main-header-display":"","ast-hfb-above-header-display":"","ast-hfb-below-header-display":"","ast-hfb-mobile-header-display":"","site-post-title":"disabled","ast-breadcrumbs-content":"disabled","ast-featured-img":"disabled","footer-sml-layout":"","ast-disable-related-posts":"","theme-transparent-header-meta":"enabled","adv-header-id-meta":"","stick-header-meta":"","header-above-stick-meta":"","header-main-stick-meta":"","header-below-stick-meta":"","astra-migrate-meta-layouts":"set","ast-page-background-enabled":"default","ast-page-background-meta":{"desktop":{"background-color":"var(--ast-global-color-4)","background-image":"","background-repeat":"repeat","background-position":"center center","background-size":"auto","background-attachment":"scroll","background-type":"","background-media":"","overlay-type":"","overlay-color":"","overlay-opacity":"","overlay-gradient":""},"tablet":{"background-color":"","background-image":"","background-repeat":"repeat","background-position":"center center","background-size":"auto","background-attachment":"scroll","background-type":"","background-media":"","overlay-type":"","overlay-color":"","overlay-opacity":"","overlay-gradient":""},"mobile":{"background-color":"","background-image":"","background-repeat":"repeat","background-position":"center center","background-size":"auto","background-attachment":"scroll","background-type":"","background-media":"","overlay-type":"","overlay-color":"","overlay-opacity":"","overlay-gradient":""}},"ast-content-background-meta":{"desktop":{"background-color":"var(--ast-global-color-5)","background-image":"","background-repeat":"repeat","background-position":"center center","background-size":"auto","background-attachment":"scroll","background-type":"","background-media":"","overlay-type":"","overlay-color":"","overlay-opacity":"","overlay-gradient":""},"tablet":{"background-color":"var(--ast-global-color-5)","background-image":"","background-repeat":"repeat","background-position":"center center","background-size":"auto","background-attachment":"scroll","background-type":"","background-media":"","overlay-type":"","overlay-color":"","overlay-opacity":"","overlay-gradient":""},"mobile":{"background-color":"var(--ast-global-color-5)","background-image":"","background-repeat":"repeat","background-position":"center center","background-size":"auto","background-attachment":"scroll","background-type":"","background-media":"","overlay-type":"","overlay-color":"","overlay-opacity":"","overlay-gradient":""}},"footnotes":""},"class_list":["post-536","page","type-page","status-publish","hentry"],"_links":{"self":[{"href":"https:\/\/antart.com.pl\/en\/wp-json\/wp\/v2\/pages\/536","targetHints":{"allow":["GET"]}}],"collection":[{"href":"https:\/\/antart.com.pl\/en\/wp-json\/wp\/v2\/pages"}],"about":[{"href":"https:\/\/antart.com.pl\/en\/wp-json\/wp\/v2\/types\/page"}],"author":[{"embeddable":true,"href":"https:\/\/antart.com.pl\/en\/wp-json\/wp\/v2\/users\/1"}],"replies":[{"embeddable":true,"href":"https:\/\/antart.com.pl\/en\/wp-json\/wp\/v2\/comments?post=536"}],"version-history":[{"count":6,"href":"https:\/\/antart.com.pl\/en\/wp-json\/wp\/v2\/pages\/536\/revisions"}],"predecessor-version":[{"id":61905,"href":"https:\/\/antart.com.pl\/en\/wp-json\/wp\/v2\/pages\/536\/revisions\/61905"}],"wp:attachment":[{"href":"https:\/\/antart.com.pl\/en\/wp-json\/wp\/v2\/media?parent=536"}],"curies":[{"name":"wp","href":"https:\/\/api.w.org\/{rel}","templated":true}]}}