{"id":10639,"date":"2023-05-24T15:29:27","date_gmt":"2023-05-24T13:29:27","guid":{"rendered":"https:\/\/antart.com.pl\/?post_type=product&#038;p=10639"},"modified":"2024-11-12T09:36:51","modified_gmt":"2024-11-12T08:36:51","slug":"calacs-service-hungary-70s-80s","status":"publish","type":"product","link":"https:\/\/antart.com.pl\/en\/produkt\/serwis-kalacsa-wegry-lata-70-80-te\/","title":{"rendered":"Kalacs service Hungary 1970s\/80s"},"content":{"rendered":"<h3><em><strong>Kalacs service Hungary 1970s\/80s.<\/strong><\/em><\/h3>\n<h3><em><strong>KALOCSA coffee service from Hungary hand-painted with intense colours in folk style. <\/strong><\/em><br \/>\n<em><strong>The set dates from the 1970s-80s.<\/strong><\/em><br \/>\n<em><strong>The kit includes:<\/strong><\/em><br \/>\n<em><strong>7x cups: diameter: 6.3cm, height: 6.3cm<\/strong><\/em><br \/>\n<em><strong>8x saucers: diameter: 11cm<\/strong><\/em><br \/>\n<em><strong>6c dessert: diameter: 17cm<\/strong><\/em><br \/>\n<em><strong>2x small saucers: length: 10cm, diameter: 9cm, height:2cm<\/strong><\/em><br \/>\n<em><strong>1x chocolate box: diameter: 12cm, depth: 4cm, total height: 8cm<\/strong><\/em><br \/>\n<em><strong>1x vase: length: 12.5cm, width: 4cm, height: 13.5<\/strong><\/em><\/h3>\n<p>&nbsp;<\/p>","protected":false},"excerpt":{"rendered":"<p>Serwis Kalacsa W\u0119gry lata 70\/80-te. Serwis kawowy firmy KALOCSA pochodz\u0105cy z W\u0119gier r\u0119cznie malowany z intensywne kolory w stylu ludowym. Zestaw pochodzi z lat 70-80-tych. W sk\u0142ad zestawu wchodzi: 7x fili\u017canek : \u015brednica: 6,3cm, wysoko\u015b\u0107:6,3cm 8x spodk\u00f3w: \u015brednica: 11cm 6c deserowe: \u015brednica: 17cm 2x ma\u0142e spodki: d\u0142ugo\u015b\u0107: 10cm, \u015brednica: 9cm, wysoko\u015b\u0107:2cm 1x bombonierka: \u015brednica: 12cm, [&hellip;]<\/p>\n","protected":false},"featured_media":0,"template":"","meta":{"_seopress_robots_primary_cat":"","_seopress_titles_title":"","_seopress_titles_desc":"","_seopress_robots_index":"","site-sidebar-layout":"default","site-content-layout":"default","ast-site-content-layout":"default","site-content-style":"default","site-sidebar-style":"default","ast-global-header-display":"","ast-banner-title-visibility":"","ast-main-header-display":"","ast-hfb-above-header-display":"","ast-hfb-below-header-display":"","ast-hfb-mobile-header-display":"","site-post-title":"","ast-breadcrumbs-content":"","ast-featured-img":"","footer-sml-layout":"","ast-disable-related-posts":"","theme-transparent-header-meta":"default","adv-header-id-meta":"","stick-header-meta":"default","header-above-stick-meta":"","header-main-stick-meta":"","header-below-stick-meta":"","astra-migrate-meta-layouts":"default","ast-page-background-enabled":"default","ast-page-background-meta":{"desktop":{"background-color":"var(--ast-global-color-4)","background-image":"","background-repeat":"repeat","background-position":"center center","background-size":"auto","background-attachment":"scroll","background-type":"","background-media":"","overlay-type":"","overlay-color":"","overlay-opacity":"","overlay-gradient":""},"tablet":{"background-color":"","background-image":"","background-repeat":"repeat","background-position":"center center","background-size":"auto","background-attachment":"scroll","background-type":"","background-media":"","overlay-type":"","overlay-color":"","overlay-opacity":"","overlay-gradient":""},"mobile":{"background-color":"","background-image":"","background-repeat":"repeat","background-position":"center center","background-size":"auto","background-attachment":"scroll","background-type":"","background-media":"","overlay-type":"","overlay-color":"","overlay-opacity":"","overlay-gradient":""}},"ast-content-background-meta":{"desktop":{"background-color":"var(--ast-global-color-5)","background-image":"","background-repeat":"repeat","background-position":"center center","background-size":"auto","background-attachment":"scroll","background-type":"","background-media":"","overlay-type":"","overlay-color":"","overlay-opacity":"","overlay-gradient":""},"tablet":{"background-color":"var(--ast-global-color-5)","background-image":"","background-repeat":"repeat","background-position":"center center","background-size":"auto","background-attachment":"scroll","background-type":"","background-media":"","overlay-type":"","overlay-color":"","overlay-opacity":"","overlay-gradient":""},"mobile":{"background-color":"var(--ast-global-color-5)","background-image":"","background-repeat":"repeat","background-position":"center center","background-size":"auto","background-attachment":"scroll","background-type":"","background-media":"","overlay-type":"","overlay-color":"","overlay-opacity":"","overlay-gradient":""}}},"product_brand":[],"product_cat":[64,24,49],"product_tag":[],"class_list":{"0":"post-10639","1":"product","2":"type-product","3":"status-publish","5":"product_cat-kawowy","6":"product_cat-kuchnia","7":"product_cat-serwisy","8":"product_shipping_class-wysylka-40zl","9":"desktop-align-left","10":"tablet-align-left","11":"mobile-align-left","12":"ast-product-gallery-layout-vertical-slider","13":"ast-product-tabs-layout-horizontal","14":"ast-qv-on-image","16":"first","17":"instock","18":"sold-individually","19":"shipping-taxable","20":"purchasable","21":"product-type-simple"},"_links":{"self":[{"href":"https:\/\/antart.com.pl\/en\/wp-json\/wp\/v2\/product\/10639","targetHints":{"allow":["GET"]}}],"collection":[{"href":"https:\/\/antart.com.pl\/en\/wp-json\/wp\/v2\/product"}],"about":[{"href":"https:\/\/antart.com.pl\/en\/wp-json\/wp\/v2\/types\/product"}],"wp:attachment":[{"href":"https:\/\/antart.com.pl\/en\/wp-json\/wp\/v2\/media?parent=10639"}],"wp:term":[{"taxonomy":"product_brand","embeddable":true,"href":"https:\/\/antart.com.pl\/en\/wp-json\/wp\/v2\/product_brand?post=10639"},{"taxonomy":"product_cat","embeddable":true,"href":"https:\/\/antart.com.pl\/en\/wp-json\/wp\/v2\/product_cat?post=10639"},{"taxonomy":"product_tag","embeddable":true,"href":"https:\/\/antart.com.pl\/en\/wp-json\/wp\/v2\/product_tag?post=10639"}],"curies":[{"name":"wp","href":"https:\/\/api.w.org\/{rel}","templated":true}]}}