{"id":11369,"date":"2023-06-02T13:05:52","date_gmt":"2023-06-02T11:05:52","guid":{"rendered":"https:\/\/antart.com.pl\/?post_type=product&#038;p=11369"},"modified":"2024-11-12T09:36:50","modified_gmt":"2024-11-12T08:36:50","slug":"seltmann-coffee-set-for-4-persons-weiden-grey-roses","status":"publish","type":"product","link":"https:\/\/antart.com.pl\/en\/produkt\/zestaw-kawowy-na-4-osoby-seltmann-weiden-szare-roze\/","title":{"rendered":"Seltmann coffee set for 4 persons Seltmann Weiden grey roses"},"content":{"rendered":"<h3 style=\"text-align: center;\"><em><strong>The service comes from the popular Bavarian Seltmann factory in Weiden. The signature (Seltmann Weiden, Bavaria, W. Germany) used since 1949. Made of high quality porcelain, quite fine.<\/strong><\/em><\/h3>\n<p>&nbsp;<\/p>\n<h3 style=\"text-align: center;\"><em><strong>Grey roses service for 4 persons consists of: <\/strong><\/em><\/h3>\n<h3 style=\"text-align: center;\"><em><strong>Jug: length: 22.5cm, height without lid: 20cm, total height: 25cm<\/strong><\/em><\/h3>\n<h3 style=\"text-align: center;\"><em><strong>sugar bowl: diameter: 9cm, height without lid: 6.5cm, total height 10.5cm<\/strong><\/em><\/h3>\n<h3 style=\"text-align: center;\"><em><strong>4x cups: height: 7cm, diameter: 8.5cm<\/strong><\/em><\/h3>\n<h3 style=\"text-align: center;\"><em><strong> 6x saucers: diameter: 14.5cm <\/strong><\/em><\/h3>\n<h3 style=\"text-align: center;\"><em><strong>6x dessert: diameter: 19cm\u00a0<\/strong><\/em><\/h3>\n<h3 style=\"text-align: center;\"><em><strong> Oval platter: length: 31.5cm, width: 21.5cm.<\/strong><\/em><\/h3>","protected":false},"excerpt":{"rendered":"<p>Serwis pochodzi z popularnej bawarskiej wytw\u00f3rni Seltmann z Weiden. Sygnatura (Seltmann Weiden, Bavaria, W. Germany) stosowana od 1949 roku. Wykonany z wysokiej jako\u015bci porcelany, do\u015b\u0107 delikatnej. &nbsp; Serwis szare r\u00f3\u017ce na 4 osoby sk\u0142ada si\u0119 z: Dzbanek: d\u0142ugo\u015b\u0107: 22,5cm, wysoko\u015b\u0107 bez wieczka: 20cm, wysoko\u015b\u0107 ca\u0142kowita: 25cm cukiernica: \u015brednica: 9cm, wysoko\u015b\u0107 bez wieczka: 6,5cm, wysoko\u015b\u0107 ca\u0142kowita [&hellip;]<\/p>\n","protected":false},"featured_media":11370,"template":"","meta":{"_seopress_robots_primary_cat":"","_seopress_titles_title":"","_seopress_titles_desc":"","_seopress_robots_index":"","site-sidebar-layout":"default","site-content-layout":"default","ast-site-content-layout":"default","site-content-style":"default","site-sidebar-style":"default","ast-global-header-display":"","ast-banner-title-visibility":"","ast-main-header-display":"","ast-hfb-above-header-display":"","ast-hfb-below-header-display":"","ast-hfb-mobile-header-display":"","site-post-title":"","ast-breadcrumbs-content":"","ast-featured-img":"","footer-sml-layout":"","ast-disable-related-posts":"","theme-transparent-header-meta":"default","adv-header-id-meta":"","stick-header-meta":"default","header-above-stick-meta":"","header-main-stick-meta":"","header-below-stick-meta":"","astra-migrate-meta-layouts":"default","ast-page-background-enabled":"default","ast-page-background-meta":{"desktop":{"background-color":"var(--ast-global-color-4)","background-image":"","background-repeat":"repeat","background-position":"center center","background-size":"auto","background-attachment":"scroll","background-type":"","background-media":"","overlay-type":"","overlay-color":"","overlay-opacity":"","overlay-gradient":""},"tablet":{"background-color":"","background-image":"","background-repeat":"repeat","background-position":"center center","background-size":"auto","background-attachment":"scroll","background-type":"","background-media":"","overlay-type":"","overlay-color":"","overlay-opacity":"","overlay-gradient":""},"mobile":{"background-color":"","background-image":"","background-repeat":"repeat","background-position":"center center","background-size":"auto","background-attachment":"scroll","background-type":"","background-media":"","overlay-type":"","overlay-color":"","overlay-opacity":"","overlay-gradient":""}},"ast-content-background-meta":{"desktop":{"background-color":"var(--ast-global-color-5)","background-image":"","background-repeat":"repeat","background-position":"center center","background-size":"auto","background-attachment":"scroll","background-type":"","background-media":"","overlay-type":"","overlay-color":"","overlay-opacity":"","overlay-gradient":""},"tablet":{"background-color":"var(--ast-global-color-5)","background-image":"","background-repeat":"repeat","background-position":"center center","background-size":"auto","background-attachment":"scroll","background-type":"","background-media":"","overlay-type":"","overlay-color":"","overlay-opacity":"","overlay-gradient":""},"mobile":{"background-color":"var(--ast-global-color-5)","background-image":"","background-repeat":"repeat","background-position":"center center","background-size":"auto","background-attachment":"scroll","background-type":"","background-media":"","overlay-type":"","overlay-color":"","overlay-opacity":"","overlay-gradient":""}}},"product_brand":[],"product_cat":[64,24,49],"product_tag":[],"class_list":{"0":"post-11369","1":"product","2":"type-product","3":"status-publish","4":"has-post-thumbnail","6":"product_cat-kawowy","7":"product_cat-kuchnia","8":"product_cat-serwisy","9":"product_shipping_class-wysylka-30zl","10":"desktop-align-left","11":"tablet-align-left","12":"mobile-align-left","13":"ast-product-gallery-layout-vertical-slider","14":"ast-product-tabs-layout-horizontal","15":"ast-qv-on-image","17":"first","18":"instock","19":"sold-individually","20":"shipping-taxable","21":"purchasable","22":"product-type-simple"},"_links":{"self":[{"href":"https:\/\/antart.com.pl\/en\/wp-json\/wp\/v2\/product\/11369","targetHints":{"allow":["GET"]}}],"collection":[{"href":"https:\/\/antart.com.pl\/en\/wp-json\/wp\/v2\/product"}],"about":[{"href":"https:\/\/antart.com.pl\/en\/wp-json\/wp\/v2\/types\/product"}],"wp:featuredmedia":[{"embeddable":true,"href":"https:\/\/antart.com.pl\/en\/wp-json\/wp\/v2\/media\/11370"}],"wp:attachment":[{"href":"https:\/\/antart.com.pl\/en\/wp-json\/wp\/v2\/media?parent=11369"}],"wp:term":[{"taxonomy":"product_brand","embeddable":true,"href":"https:\/\/antart.com.pl\/en\/wp-json\/wp\/v2\/product_brand?post=11369"},{"taxonomy":"product_cat","embeddable":true,"href":"https:\/\/antart.com.pl\/en\/wp-json\/wp\/v2\/product_cat?post=11369"},{"taxonomy":"product_tag","embeddable":true,"href":"https:\/\/antart.com.pl\/en\/wp-json\/wp\/v2\/product_tag?post=11369"}],"curies":[{"name":"wp","href":"https:\/\/api.w.org\/{rel}","templated":true}]}}