{"id":11462,"date":"2023-06-02T13:42:12","date_gmt":"2023-06-02T11:42:12","guid":{"rendered":"https:\/\/antart.com.pl\/?post_type=product&#038;p=11462"},"modified":"2024-11-12T09:36:07","modified_gmt":"2024-11-12T08:36:07","slug":"hutschenreuther-manufactory-coffee-set-for-6-persons","status":"publish","type":"product","link":"https:\/\/antart.com.pl\/en\/produkt\/zestaw-kawowy-manufaktury-hutschenreuther-na-6-osob\/","title":{"rendered":"Hutschenreuther manufactory coffee set for 6 persons"},"content":{"rendered":"<h3 style=\"text-align: center;\"><em><strong>Beautiful Set in white porcelain finished with a floral motif characteristic of this model. <\/strong><\/em><\/h3>\n<h3 style=\"text-align: center;\"><em><strong>The kit includes: <\/strong><\/em><\/h3>\n<h3 style=\"text-align: center;\"><em><strong>sugar bowl - height: 11cm, diameter: 9cm (the photo shows a slight defect) <\/strong><\/em><\/h3>\n<h3 style=\"text-align: center;\"><em><strong>milkman - length: 10cm, height: 10cm <\/strong><\/em><\/h3>\n<h3 style=\"text-align: center;\"><em><strong>6x cups - diameter: 8.5cm, <\/strong><\/em><\/h3>\n<h3 style=\"text-align: center;\"><em><strong>height: 6.5cm 6x saucers - diameter: 14cm, <\/strong><\/em><\/h3>\n<h3 style=\"text-align: center;\"><em><strong>height: 3cm <\/strong><\/em><\/h3>\n<h3 style=\"text-align: center;\"><em><strong>6x dessert plates: 19.5cm<\/strong><\/em><\/h3>\n<h3 style=\"text-align: center;\"><em><strong> In the whole set there is only one chip on the sugar bowl as shown in the photos, the rest of the parts in perfect condition<\/strong><\/em><\/h3>","protected":false},"excerpt":{"rendered":"<p>Pi\u0119kny Komplet z bia\u0142ej porcelany wyko\u0144czony kwiatowym motywem charakterystyczny dla tego modelu. W sk\u0142ad zestawu wchodzi: cukiernica- wysoko\u015b\u0107: 11cm, \u015brednica: 9cm ( na zdj\u0119ciu wida\u0107 delikatny ubytek) mlecznik &#8211; d\u0142ugo\u015b\u0107: 10cm, wysoko\u015b\u0107: 10cm 6x fili\u017canki &#8211; \u015brednica: 8,5cm, wysoko\u015b\u0107: 6,5cm 6x spodki &#8211; \u015brednica: 14cm, wysoko\u015b\u0107: 3cm 6x talerzyki deserowe: 19,5cm W ca\u0142ym zestawie jest [&hellip;]<\/p>\n","protected":false},"featured_media":11464,"template":"","meta":{"_seopress_robots_primary_cat":"","_seopress_titles_title":"","_seopress_titles_desc":"","_seopress_robots_index":"","site-sidebar-layout":"default","site-content-layout":"default","ast-site-content-layout":"default","site-content-style":"default","site-sidebar-style":"default","ast-global-header-display":"","ast-banner-title-visibility":"","ast-main-header-display":"","ast-hfb-above-header-display":"","ast-hfb-below-header-display":"","ast-hfb-mobile-header-display":"","site-post-title":"","ast-breadcrumbs-content":"","ast-featured-img":"","footer-sml-layout":"","ast-disable-related-posts":"","theme-transparent-header-meta":"default","adv-header-id-meta":"","stick-header-meta":"default","header-above-stick-meta":"","header-main-stick-meta":"","header-below-stick-meta":"","astra-migrate-meta-layouts":"default","ast-page-background-enabled":"default","ast-page-background-meta":{"desktop":{"background-color":"var(--ast-global-color-4)","background-image":"","background-repeat":"repeat","background-position":"center center","background-size":"auto","background-attachment":"scroll","background-type":"","background-media":"","overlay-type":"","overlay-color":"","overlay-opacity":"","overlay-gradient":""},"tablet":{"background-color":"","background-image":"","background-repeat":"repeat","background-position":"center center","background-size":"auto","background-attachment":"scroll","background-type":"","background-media":"","overlay-type":"","overlay-color":"","overlay-opacity":"","overlay-gradient":""},"mobile":{"background-color":"","background-image":"","background-repeat":"repeat","background-position":"center center","background-size":"auto","background-attachment":"scroll","background-type":"","background-media":"","overlay-type":"","overlay-color":"","overlay-opacity":"","overlay-gradient":""}},"ast-content-background-meta":{"desktop":{"background-color":"var(--ast-global-color-5)","background-image":"","background-repeat":"repeat","background-position":"center center","background-size":"auto","background-attachment":"scroll","background-type":"","background-media":"","overlay-type":"","overlay-color":"","overlay-opacity":"","overlay-gradient":""},"tablet":{"background-color":"var(--ast-global-color-5)","background-image":"","background-repeat":"repeat","background-position":"center center","background-size":"auto","background-attachment":"scroll","background-type":"","background-media":"","overlay-type":"","overlay-color":"","overlay-opacity":"","overlay-gradient":""},"mobile":{"background-color":"var(--ast-global-color-5)","background-image":"","background-repeat":"repeat","background-position":"center center","background-size":"auto","background-attachment":"scroll","background-type":"","background-media":"","overlay-type":"","overlay-color":"","overlay-opacity":"","overlay-gradient":""}}},"product_brand":[],"product_cat":[64,24,49],"product_tag":[],"class_list":{"0":"post-11462","1":"product","2":"type-product","3":"status-publish","4":"has-post-thumbnail","6":"product_cat-kawowy","7":"product_cat-kuchnia","8":"product_cat-serwisy","9":"product_shipping_class-wysylka-30zl","10":"desktop-align-left","11":"tablet-align-left","12":"mobile-align-left","13":"ast-product-gallery-layout-vertical-slider","14":"ast-product-tabs-layout-horizontal","15":"ast-qv-on-image","17":"first","18":"instock","19":"sold-individually","20":"shipping-taxable","21":"purchasable","22":"product-type-simple"},"_links":{"self":[{"href":"https:\/\/antart.com.pl\/en\/wp-json\/wp\/v2\/product\/11462","targetHints":{"allow":["GET"]}}],"collection":[{"href":"https:\/\/antart.com.pl\/en\/wp-json\/wp\/v2\/product"}],"about":[{"href":"https:\/\/antart.com.pl\/en\/wp-json\/wp\/v2\/types\/product"}],"wp:featuredmedia":[{"embeddable":true,"href":"https:\/\/antart.com.pl\/en\/wp-json\/wp\/v2\/media\/11464"}],"wp:attachment":[{"href":"https:\/\/antart.com.pl\/en\/wp-json\/wp\/v2\/media?parent=11462"}],"wp:term":[{"taxonomy":"product_brand","embeddable":true,"href":"https:\/\/antart.com.pl\/en\/wp-json\/wp\/v2\/product_brand?post=11462"},{"taxonomy":"product_cat","embeddable":true,"href":"https:\/\/antart.com.pl\/en\/wp-json\/wp\/v2\/product_cat?post=11462"},{"taxonomy":"product_tag","embeddable":true,"href":"https:\/\/antart.com.pl\/en\/wp-json\/wp\/v2\/product_tag?post=11462"}],"curies":[{"name":"wp","href":"https:\/\/api.w.org\/{rel}","templated":true}]}}