{"id":13109,"date":"2023-10-06T12:29:07","date_gmt":"2023-10-06T10:29:07","guid":{"rendered":"https:\/\/antart.com.pl\/?post_type=product&#038;p=13109"},"modified":"2024-11-12T09:34:09","modified_gmt":"2024-11-12T08:34:09","slug":"japanese-cherry-blossom-service-for-2-persons","status":"publish","type":"product","link":"https:\/\/antart.com.pl\/en\/produkt\/japonski-serwis-dla-2-osob-w-kwiaty-wisni\/","title":{"rendered":"Japanese cherry blossom service for 2 persons"},"content":{"rendered":"<h4 style=\"text-align: center;\"><em><strong>Japanese service for 2 persons in cherry blossom blue.<\/strong><\/em><\/h4>\n<h4 style=\"text-align: center;\"><em><strong>Signed with 2 signatures, the set was produced at different times.<\/strong><\/em><\/h4>\n<p>&nbsp;<\/p>\n<h4><em><strong>The set includes:<\/strong><\/em><\/h4>\n<ul>\n<li>\n<h4><em><strong>2x cup - diameter: 9cm, height: 4.5cm <\/strong><\/em><\/h4>\n<\/li>\n<li>\n<h4><em><strong>2x saucer: diameter : 13cm<\/strong><\/em><\/h4>\n<\/li>\n<li>\n<h4><em><strong> 2x dessert - diameter: 17.5cm<\/strong><\/em><\/h4>\n<\/li>\n<li>\n<h4><em><strong> Jug - overall height: 19.5cm, length: 21cm, diameter: 12cm <\/strong><\/em><\/h4>\n<\/li>\n<li>\n<h4><em><strong>Sugar bowl - total height :10cm Diameter:8cm <\/strong><\/em><\/h4>\n<\/li>\n<li>\n<h4><em><strong>Creamer -length: 10cm, diameter: 7.5cm<\/strong><\/em><\/h4>\n<\/li>\n<\/ul>","protected":false},"excerpt":{"rendered":"<p>Japo\u0144ski serwis dla 2 os\u00f3b w kwiaty wi\u015bni w kolorze niebieskim. Sygnowane 2 sygnaturami, komplet by\u0142 produkowany w r\u00f3\u017cnych okresach. &nbsp; W sk\u0142ad kompletu wchodzi: 2x fili\u017canka -\u015brednica:9cm, wysoko\u015b\u0107 : 4,5cm 2x spodek: \u015brednica : 13cm 2xdeserowy- \u015brednica: 17,5cm Dzbanek &#8211; wysoko\u015b\u0107 ca\u0142kowita: 19,5 cm, d\u0142ugo\u015b\u0107: 21 cm, \u015brednica: 12cm Cukiernica- wysoko\u015b\u0107 ca\u0142kowita :10cm \u015arednica:8cm [&hellip;]<\/p>\n","protected":false},"featured_media":13043,"template":"","meta":{"_seopress_robots_primary_cat":"","_seopress_titles_title":"","_seopress_titles_desc":"","_seopress_robots_index":"","site-sidebar-layout":"default","site-content-layout":"","ast-site-content-layout":"default","site-content-style":"default","site-sidebar-style":"default","ast-global-header-display":"","ast-banner-title-visibility":"","ast-main-header-display":"","ast-hfb-above-header-display":"","ast-hfb-below-header-display":"","ast-hfb-mobile-header-display":"","site-post-title":"","ast-breadcrumbs-content":"","ast-featured-img":"","footer-sml-layout":"","ast-disable-related-posts":"","theme-transparent-header-meta":"default","adv-header-id-meta":"","stick-header-meta":"default","header-above-stick-meta":"","header-main-stick-meta":"","header-below-stick-meta":"","astra-migrate-meta-layouts":"set","ast-page-background-enabled":"default","ast-page-background-meta":{"desktop":{"background-color":"var(--ast-global-color-4)","background-image":"","background-repeat":"repeat","background-position":"center center","background-size":"auto","background-attachment":"scroll","background-type":"","background-media":"","overlay-type":"","overlay-color":"","overlay-opacity":"","overlay-gradient":""},"tablet":{"background-color":"","background-image":"","background-repeat":"repeat","background-position":"center center","background-size":"auto","background-attachment":"scroll","background-type":"","background-media":"","overlay-type":"","overlay-color":"","overlay-opacity":"","overlay-gradient":""},"mobile":{"background-color":"","background-image":"","background-repeat":"repeat","background-position":"center center","background-size":"auto","background-attachment":"scroll","background-type":"","background-media":"","overlay-type":"","overlay-color":"","overlay-opacity":"","overlay-gradient":""}},"ast-content-background-meta":{"desktop":{"background-color":"var(--ast-global-color-5)","background-image":"","background-repeat":"repeat","background-position":"center center","background-size":"auto","background-attachment":"scroll","background-type":"","background-media":"","overlay-type":"","overlay-color":"","overlay-opacity":"","overlay-gradient":""},"tablet":{"background-color":"var(--ast-global-color-5)","background-image":"","background-repeat":"repeat","background-position":"center center","background-size":"auto","background-attachment":"scroll","background-type":"","background-media":"","overlay-type":"","overlay-color":"","overlay-opacity":"","overlay-gradient":""},"mobile":{"background-color":"var(--ast-global-color-5)","background-image":"","background-repeat":"repeat","background-position":"center center","background-size":"auto","background-attachment":"scroll","background-type":"","background-media":"","overlay-type":"","overlay-color":"","overlay-opacity":"","overlay-gradient":""}}},"product_brand":[],"product_cat":[51,24],"product_tag":[],"class_list":{"0":"post-13109","1":"product","2":"type-product","3":"status-publish","4":"has-post-thumbnail","6":"product_cat-filizanki-zastawy-sniadaniowe","7":"product_cat-kuchnia","8":"product_shipping_class-wysylka-19zl","9":"desktop-align-left","10":"tablet-align-left","11":"mobile-align-left","12":"ast-product-gallery-layout-vertical-slider","13":"ast-product-tabs-layout-horizontal","14":"ast-qv-on-image","16":"first","17":"instock","18":"sold-individually","19":"shipping-taxable","20":"purchasable","21":"product-type-simple"},"_links":{"self":[{"href":"https:\/\/antart.com.pl\/en\/wp-json\/wp\/v2\/product\/13109","targetHints":{"allow":["GET"]}}],"collection":[{"href":"https:\/\/antart.com.pl\/en\/wp-json\/wp\/v2\/product"}],"about":[{"href":"https:\/\/antart.com.pl\/en\/wp-json\/wp\/v2\/types\/product"}],"wp:featuredmedia":[{"embeddable":true,"href":"https:\/\/antart.com.pl\/en\/wp-json\/wp\/v2\/media\/13043"}],"wp:attachment":[{"href":"https:\/\/antart.com.pl\/en\/wp-json\/wp\/v2\/media?parent=13109"}],"wp:term":[{"taxonomy":"product_brand","embeddable":true,"href":"https:\/\/antart.com.pl\/en\/wp-json\/wp\/v2\/product_brand?post=13109"},{"taxonomy":"product_cat","embeddable":true,"href":"https:\/\/antart.com.pl\/en\/wp-json\/wp\/v2\/product_cat?post=13109"},{"taxonomy":"product_tag","embeddable":true,"href":"https:\/\/antart.com.pl\/en\/wp-json\/wp\/v2\/product_tag?post=13109"}],"curies":[{"name":"wp","href":"https:\/\/api.w.org\/{rel}","templated":true}]}}