{"id":14813,"date":"2024-01-12T16:58:51","date_gmt":"2024-01-12T15:58:51","guid":{"rendered":"https:\/\/antart.com.pl\/?post_type=product&#038;p=14813"},"modified":"2024-11-11T13:04:13","modified_gmt":"2024-11-11T12:04:13","slug":"ceramic-mold-in-the-shape-of-a-heart-1960s-xx-century","status":"publish","type":"product","link":"https:\/\/antart.com.pl\/en\/produkt\/foremka-ceramiczna-w-ksztalcie-serca-lata-60-te-xx-w\/","title":{"rendered":"Heart-shaped ceramic mould 1960s."},"content":{"rendered":"<h5 style=\"text-align: center;\"><em><strong>A heart-shaped ceramic mould in a brown colour. A heart from the 1960s. In vintage style. Mould used for snacks, cold jelly and can also be baked in it. In addition, it has the possibility of hanging on the wall as decoration in our kitchens.\u00a0<\/strong><\/em><\/h5>\n<h5><em><strong> Dimensions <\/strong><\/em><\/h5>\n<ul>\n<li>\n<h5><em><strong>Length: 18.5cm<\/strong><\/em><\/h5>\n<\/li>\n<li>\n<h5><em><strong> Width : 18cm <\/strong><\/em><\/h5>\n<\/li>\n<li>\n<h5><em><strong>Depth : 5cm<\/strong><\/em><\/h5>\n<\/li>\n<\/ul>\n<h5><em><strong>\u00a0The mould holds 0.5l\u00a0\u00a0<\/strong><\/em><\/h5>\n<h5 style=\"text-align: center;\"><em><strong>The photos show the actual state of the object<\/strong><\/em><\/h5>\n<h5 style=\"text-align: center;\"><em><strong>Additional photos upon request<\/strong><\/em><\/h5>\n<h5 style=\"text-align: center;\"><em><strong>All our items on display are available in our warehouse.<\/strong><\/em><\/h5>\n<h5 style=\"text-align: center;\"><em><strong>Can be viewed by appointment.<\/strong><\/em><\/h5>","protected":false},"excerpt":{"rendered":"<p>Foremka ceramiczna w kszta\u0142cie serca w\u00a0 br\u0105zowym kolorze. Serce z lat 60-tych XX w. W stylu vintage. Forma u\u017cywana do przek\u0105sek, galareta na zimno oraz mo\u017cna w niej zapieka\u0107. Dodatkowo ma mo\u017cliwo\u015b\u0107 zawieszenia na \u015bcianie jako dekoracja w naszych kuchniach.\u00a0 Wymiary D\u0142ugo\u015b\u0107: 18,5cm Szeroko\u015b\u0107 : 18cm G\u0142\u0119boko\u015b\u0107 : 5cm \u00a0Forma mie\u015bci 0,5l\u00a0\u00a0 Zdj\u0119cia przedstawiaj\u0105 stan [&hellip;]<\/p>\n","protected":false},"featured_media":14790,"template":"","meta":{"_seopress_robots_primary_cat":"","_seopress_titles_title":"","_seopress_titles_desc":"","_seopress_robots_index":"","site-sidebar-layout":"default","site-content-layout":"","ast-site-content-layout":"default","site-content-style":"default","site-sidebar-style":"default","ast-global-header-display":"","ast-banner-title-visibility":"","ast-main-header-display":"","ast-hfb-above-header-display":"","ast-hfb-below-header-display":"","ast-hfb-mobile-header-display":"","site-post-title":"","ast-breadcrumbs-content":"","ast-featured-img":"","footer-sml-layout":"","ast-disable-related-posts":"","theme-transparent-header-meta":"default","adv-header-id-meta":"","stick-header-meta":"default","header-above-stick-meta":"","header-main-stick-meta":"","header-below-stick-meta":"","astra-migrate-meta-layouts":"set","ast-page-background-enabled":"default","ast-page-background-meta":{"desktop":{"background-color":"var(--ast-global-color-4)","background-image":"","background-repeat":"repeat","background-position":"center center","background-size":"auto","background-attachment":"scroll","background-type":"","background-media":"","overlay-type":"","overlay-color":"","overlay-opacity":"","overlay-gradient":""},"tablet":{"background-color":"","background-image":"","background-repeat":"repeat","background-position":"center center","background-size":"auto","background-attachment":"scroll","background-type":"","background-media":"","overlay-type":"","overlay-color":"","overlay-opacity":"","overlay-gradient":""},"mobile":{"background-color":"","background-image":"","background-repeat":"repeat","background-position":"center center","background-size":"auto","background-attachment":"scroll","background-type":"","background-media":"","overlay-type":"","overlay-color":"","overlay-opacity":"","overlay-gradient":""}},"ast-content-background-meta":{"desktop":{"background-color":"var(--ast-global-color-5)","background-image":"","background-repeat":"repeat","background-position":"center center","background-size":"auto","background-attachment":"scroll","background-type":"","background-media":"","overlay-type":"","overlay-color":"","overlay-opacity":"","overlay-gradient":""},"tablet":{"background-color":"var(--ast-global-color-5)","background-image":"","background-repeat":"repeat","background-position":"center center","background-size":"auto","background-attachment":"scroll","background-type":"","background-media":"","overlay-type":"","overlay-color":"","overlay-opacity":"","overlay-gradient":""},"mobile":{"background-color":"var(--ast-global-color-5)","background-image":"","background-repeat":"repeat","background-position":"center center","background-size":"auto","background-attachment":"scroll","background-type":"","background-media":"","overlay-type":"","overlay-color":"","overlay-opacity":"","overlay-gradient":""}}},"product_brand":[],"product_cat":[27,24,100,45,89],"product_tag":[],"class_list":{"0":"post-14813","1":"product","2":"type-product","3":"status-publish","4":"has-post-thumbnail","6":"product_cat-dekoracyjne","7":"product_cat-kuchnia","8":"product_cat-pozostale-kuchnia","9":"product_cat-pozostale-dekoracyjne","10":"product_cat-talerze-dekoracyjne","11":"product_shipping_class-wysylka-19zl","12":"desktop-align-left","13":"tablet-align-left","14":"mobile-align-left","15":"ast-product-gallery-layout-vertical-slider","16":"ast-product-tabs-layout-horizontal","17":"ast-qv-on-image","19":"first","20":"instock","21":"sold-individually","22":"shipping-taxable","23":"purchasable","24":"product-type-simple"},"_links":{"self":[{"href":"https:\/\/antart.com.pl\/en\/wp-json\/wp\/v2\/product\/14813","targetHints":{"allow":["GET"]}}],"collection":[{"href":"https:\/\/antart.com.pl\/en\/wp-json\/wp\/v2\/product"}],"about":[{"href":"https:\/\/antart.com.pl\/en\/wp-json\/wp\/v2\/types\/product"}],"wp:featuredmedia":[{"embeddable":true,"href":"https:\/\/antart.com.pl\/en\/wp-json\/wp\/v2\/media\/14790"}],"wp:attachment":[{"href":"https:\/\/antart.com.pl\/en\/wp-json\/wp\/v2\/media?parent=14813"}],"wp:term":[{"taxonomy":"product_brand","embeddable":true,"href":"https:\/\/antart.com.pl\/en\/wp-json\/wp\/v2\/product_brand?post=14813"},{"taxonomy":"product_cat","embeddable":true,"href":"https:\/\/antart.com.pl\/en\/wp-json\/wp\/v2\/product_cat?post=14813"},{"taxonomy":"product_tag","embeddable":true,"href":"https:\/\/antart.com.pl\/en\/wp-json\/wp\/v2\/product_tag?post=14813"}],"curies":[{"name":"wp","href":"https:\/\/api.w.org\/{rel}","templated":true}]}}