{"id":15030,"date":"2024-01-19T11:57:01","date_gmt":"2024-01-19T10:57:01","guid":{"rendered":"https:\/\/antart.com.pl\/?post_type=product&#038;p=15030"},"modified":"2024-10-01T21:11:08","modified_gmt":"2024-10-01T19:11:08","slug":"glass-platter-in-the-shape-of-a-fish-arcoron-glass","status":"publish","type":"product","link":"https:\/\/antart.com.pl\/en\/produkt\/patera-szklana-w-ksztalcie-rybki-szklo-arcoron\/","title":{"rendered":"Fish-shaped glass platter Arcoron glass"},"content":{"rendered":"<h5 style=\"text-align: center;\"><em>Fish-shaped glass platter made from Arcoron toughened glass, <span style=\"font-size: 26.4px;\">produced<\/span> in France in the 1970s.<\/em><br \/>\n<em><strong>Vintage-style fish.<\/strong><\/em><br \/>\n<em><strong>Visible signature on the tail.<\/strong><\/em><br \/>\n<em><strong>The platter is reinforced heat-resistant, cannot be baked in the oven!<\/strong><\/em><\/h5>\n<h5><em><strong>Dimensions :<\/strong><\/em><br \/>\n<em><strong>Length : 26.5 cm<\/strong><\/em><br \/>\n<em><strong>Width : 21cm<\/strong><\/em><br \/>\n<em><strong>Height: 2.5 cm<\/strong><\/em><\/h5>\n<p>&nbsp;<\/p>\n<h5><em><strong>I own two pieces, but the price is for one piece!<\/strong><\/em><\/h5>\n<h5 style=\"text-align: center;\"><em><strong>The photos show the actual state of the object<\/strong><\/em><\/h5>\n<h5 style=\"text-align: center;\"><em><strong>Additional photos upon request<\/strong><\/em><\/h5>\n<h5 style=\"text-align: center;\"><em><strong>All our items on display are available in our warehouse.<\/strong><\/em><\/h5>\n<h5 style=\"text-align: center;\"><em><strong>Can be viewed by appointment.<\/strong><\/em><\/h5>","protected":false},"excerpt":{"rendered":"<p>Patera szklana w kszta\u0142cie rybki wykonana ze szk\u0142a hartowanego Arcoron, wyprodukowany we Francji w latach 70-tych. Ryba w stylu vintage. Widoczna sygnatura na ogonie. Patera jest wzmocniona \u017caroodporna, nie mo\u017cna zapieka\u0107 w piekarniku! Wymiary : D\u0142ugo\u015b\u0107 : 26,5 cm Szeroko\u015b\u0107 : 21cm Wysoko\u015b\u0107: 2,5 cm &nbsp; Posiadam dwie sztuki, ale cena dotyczy jednej sztuki! Zdj\u0119cia [&hellip;]<\/p>\n","protected":false},"featured_media":15058,"template":"","meta":{"_seopress_robots_primary_cat":"","_seopress_titles_title":"","_seopress_titles_desc":"","_seopress_robots_index":"","site-sidebar-layout":"default","site-content-layout":"","ast-site-content-layout":"default","site-content-style":"default","site-sidebar-style":"default","ast-global-header-display":"","ast-banner-title-visibility":"","ast-main-header-display":"","ast-hfb-above-header-display":"","ast-hfb-below-header-display":"","ast-hfb-mobile-header-display":"","site-post-title":"","ast-breadcrumbs-content":"","ast-featured-img":"","footer-sml-layout":"","ast-disable-related-posts":"","theme-transparent-header-meta":"default","adv-header-id-meta":"","stick-header-meta":"default","header-above-stick-meta":"","header-main-stick-meta":"","header-below-stick-meta":"","astra-migrate-meta-layouts":"set","ast-page-background-enabled":"default","ast-page-background-meta":{"desktop":{"background-color":"var(--ast-global-color-4)","background-image":"","background-repeat":"repeat","background-position":"center center","background-size":"auto","background-attachment":"scroll","background-type":"","background-media":"","overlay-type":"","overlay-color":"","overlay-opacity":"","overlay-gradient":""},"tablet":{"background-color":"","background-image":"","background-repeat":"repeat","background-position":"center center","background-size":"auto","background-attachment":"scroll","background-type":"","background-media":"","overlay-type":"","overlay-color":"","overlay-opacity":"","overlay-gradient":""},"mobile":{"background-color":"","background-image":"","background-repeat":"repeat","background-position":"center center","background-size":"auto","background-attachment":"scroll","background-type":"","background-media":"","overlay-type":"","overlay-color":"","overlay-opacity":"","overlay-gradient":""}},"ast-content-background-meta":{"desktop":{"background-color":"var(--ast-global-color-5)","background-image":"","background-repeat":"repeat","background-position":"center center","background-size":"auto","background-attachment":"scroll","background-type":"","background-media":"","overlay-type":"","overlay-color":"","overlay-opacity":"","overlay-gradient":""},"tablet":{"background-color":"var(--ast-global-color-5)","background-image":"","background-repeat":"repeat","background-position":"center center","background-size":"auto","background-attachment":"scroll","background-type":"","background-media":"","overlay-type":"","overlay-color":"","overlay-opacity":"","overlay-gradient":""},"mobile":{"background-color":"var(--ast-global-color-5)","background-image":"","background-repeat":"repeat","background-position":"center center","background-size":"auto","background-attachment":"scroll","background-type":"","background-media":"","overlay-type":"","overlay-color":"","overlay-opacity":"","overlay-gradient":""}}},"product_brand":[],"product_cat":[24,46],"product_tag":[],"class_list":{"0":"post-15030","1":"product","2":"type-product","3":"status-publish","4":"has-post-thumbnail","6":"product_cat-kuchnia","7":"product_cat-talerze-patery","8":"product_shipping_class-wysylka-19zl","9":"desktop-align-left","10":"tablet-align-left","11":"mobile-align-left","12":"ast-product-gallery-layout-vertical-slider","13":"ast-product-tabs-layout-horizontal","14":"ast-qv-on-image","16":"first","17":"instock","18":"shipping-taxable","19":"purchasable","20":"product-type-simple"},"_links":{"self":[{"href":"https:\/\/antart.com.pl\/en\/wp-json\/wp\/v2\/product\/15030","targetHints":{"allow":["GET"]}}],"collection":[{"href":"https:\/\/antart.com.pl\/en\/wp-json\/wp\/v2\/product"}],"about":[{"href":"https:\/\/antart.com.pl\/en\/wp-json\/wp\/v2\/types\/product"}],"wp:featuredmedia":[{"embeddable":true,"href":"https:\/\/antart.com.pl\/en\/wp-json\/wp\/v2\/media\/15058"}],"wp:attachment":[{"href":"https:\/\/antart.com.pl\/en\/wp-json\/wp\/v2\/media?parent=15030"}],"wp:term":[{"taxonomy":"product_brand","embeddable":true,"href":"https:\/\/antart.com.pl\/en\/wp-json\/wp\/v2\/product_brand?post=15030"},{"taxonomy":"product_cat","embeddable":true,"href":"https:\/\/antart.com.pl\/en\/wp-json\/wp\/v2\/product_cat?post=15030"},{"taxonomy":"product_tag","embeddable":true,"href":"https:\/\/antart.com.pl\/en\/wp-json\/wp\/v2\/product_tag?post=15030"}],"curies":[{"name":"wp","href":"https:\/\/api.w.org\/{rel}","templated":true}]}}