{"id":15185,"date":"2024-01-26T11:25:53","date_gmt":"2024-01-26T10:25:53","guid":{"rendered":"https:\/\/antart.com.pl\/?post_type=product&#038;p=15185"},"modified":"2024-11-11T13:02:13","modified_gmt":"2024-11-11T12:02:13","slug":"collectors-plate-kaiser-historical-motif-headboard-itzehoe","status":"publish","type":"product","link":"https:\/\/antart.com.pl\/en\/produkt\/talerz-kolekcjonerski-kaiser-motyw-historyczny-plyta-glowna-itzehoe\/","title":{"rendered":"Kaiser collector's plate. Historical motif \"Itzehoe Motherboard\"."},"content":{"rendered":"<h5 style=\"text-align: center;\"><em><strong>Kaisrer collector's plate with historical motif depicting<\/strong><\/em><br \/>\n<em><strong>Itzehoe motherboard<\/strong><\/em><br \/>\n<em><strong>2 Reason<\/strong><\/em><br \/>\n<em><strong>Often visited and sung about by poets and hometown friends, on Geest Hill in the marshes near Itzehoe is the beautiful old Breitenburg Castle, which has been owned by the Counts of Rantzau since 1525.<\/strong><\/em><br \/>\n<em><strong>exclusively in Dammann, Itzehce<\/strong><\/em><\/h5>\n<p><em><strong>Dimensions:<\/strong><\/em><\/p>\n<ul>\n<li><em><strong>Diameter: 24cm<\/strong><\/em><\/li>\n<\/ul>\n<h5 style=\"text-align: center;\">\n<em><strong>The photos show the actual state of the object<\/strong><\/em><\/h5>\n<h5 style=\"text-align: center;\"><em><strong>Additional photos upon request<\/strong><\/em><\/h5>\n<h5 style=\"text-align: center;\"><em><strong>All our items on display are available in our warehouse.<\/strong><\/em><\/h5>\n<h5 style=\"text-align: center;\"><em><strong>Can be viewed by appointment.<\/strong><\/em><\/h5>\n<p>&nbsp;<\/p>","protected":false},"excerpt":{"rendered":"<p>Talerz kolekcjonerski Kaisrer z motywem historycznym przedstawiaj\u0105cy P\u0142yta g\u0142\u00f3wna Itzehoe 2. Pow\u00f3d Cz\u0119sto odwiedzany i o kt\u00f3rym \u015bpiewaj\u0105 poeci i przyjaciele z rodzinnego miasta, na wzg\u00f3rzu Geest na bagnach w pobli\u017cu Itzehoe znajduje si\u0119 stary, pi\u0119kny zamek Breitenburg, kt\u00f3ry od 1525 roku jest w\u0142asno\u015bci\u0105 hrabi\u00f3w Rantzau. wy\u0142\u0105cznie w Dammann, Itzehce Wymiary: \u015arednica: 24cm Zdj\u0119cia przedstawiaj\u0105 [&hellip;]<\/p>\n","protected":false},"featured_media":15161,"template":"","meta":{"_seopress_robots_primary_cat":"","_seopress_titles_title":"","_seopress_titles_desc":"","_seopress_robots_index":"","site-sidebar-layout":"default","site-content-layout":"","ast-site-content-layout":"default","site-content-style":"default","site-sidebar-style":"default","ast-global-header-display":"","ast-banner-title-visibility":"","ast-main-header-display":"","ast-hfb-above-header-display":"","ast-hfb-below-header-display":"","ast-hfb-mobile-header-display":"","site-post-title":"","ast-breadcrumbs-content":"","ast-featured-img":"","footer-sml-layout":"","ast-disable-related-posts":"","theme-transparent-header-meta":"default","adv-header-id-meta":"","stick-header-meta":"default","header-above-stick-meta":"","header-main-stick-meta":"","header-below-stick-meta":"","astra-migrate-meta-layouts":"set","ast-page-background-enabled":"default","ast-page-background-meta":{"desktop":{"background-color":"var(--ast-global-color-4)","background-image":"","background-repeat":"repeat","background-position":"center center","background-size":"auto","background-attachment":"scroll","background-type":"","background-media":"","overlay-type":"","overlay-color":"","overlay-opacity":"","overlay-gradient":""},"tablet":{"background-color":"","background-image":"","background-repeat":"repeat","background-position":"center center","background-size":"auto","background-attachment":"scroll","background-type":"","background-media":"","overlay-type":"","overlay-color":"","overlay-opacity":"","overlay-gradient":""},"mobile":{"background-color":"","background-image":"","background-repeat":"repeat","background-position":"center center","background-size":"auto","background-attachment":"scroll","background-type":"","background-media":"","overlay-type":"","overlay-color":"","overlay-opacity":"","overlay-gradient":""}},"ast-content-background-meta":{"desktop":{"background-color":"var(--ast-global-color-5)","background-image":"","background-repeat":"repeat","background-position":"center center","background-size":"auto","background-attachment":"scroll","background-type":"","background-media":"","overlay-type":"","overlay-color":"","overlay-opacity":"","overlay-gradient":""},"tablet":{"background-color":"var(--ast-global-color-5)","background-image":"","background-repeat":"repeat","background-position":"center center","background-size":"auto","background-attachment":"scroll","background-type":"","background-media":"","overlay-type":"","overlay-color":"","overlay-opacity":"","overlay-gradient":""},"mobile":{"background-color":"var(--ast-global-color-5)","background-image":"","background-repeat":"repeat","background-position":"center center","background-size":"auto","background-attachment":"scroll","background-type":"","background-media":"","overlay-type":"","overlay-color":"","overlay-opacity":"","overlay-gradient":""}}},"product_brand":[],"product_cat":[27,89],"product_tag":[],"class_list":{"0":"post-15185","1":"product","2":"type-product","3":"status-publish","4":"has-post-thumbnail","6":"product_cat-dekoracyjne","7":"product_cat-talerze-dekoracyjne","8":"product_shipping_class-wysylka-19zl","9":"desktop-align-left","10":"tablet-align-left","11":"mobile-align-left","12":"ast-product-gallery-layout-vertical-slider","13":"ast-product-tabs-layout-horizontal","14":"ast-qv-on-image","16":"first","17":"instock","18":"sold-individually","19":"shipping-taxable","20":"purchasable","21":"product-type-simple"},"_links":{"self":[{"href":"https:\/\/antart.com.pl\/en\/wp-json\/wp\/v2\/product\/15185","targetHints":{"allow":["GET"]}}],"collection":[{"href":"https:\/\/antart.com.pl\/en\/wp-json\/wp\/v2\/product"}],"about":[{"href":"https:\/\/antart.com.pl\/en\/wp-json\/wp\/v2\/types\/product"}],"wp:featuredmedia":[{"embeddable":true,"href":"https:\/\/antart.com.pl\/en\/wp-json\/wp\/v2\/media\/15161"}],"wp:attachment":[{"href":"https:\/\/antart.com.pl\/en\/wp-json\/wp\/v2\/media?parent=15185"}],"wp:term":[{"taxonomy":"product_brand","embeddable":true,"href":"https:\/\/antart.com.pl\/en\/wp-json\/wp\/v2\/product_brand?post=15185"},{"taxonomy":"product_cat","embeddable":true,"href":"https:\/\/antart.com.pl\/en\/wp-json\/wp\/v2\/product_cat?post=15185"},{"taxonomy":"product_tag","embeddable":true,"href":"https:\/\/antart.com.pl\/en\/wp-json\/wp\/v2\/product_tag?post=15185"}],"curies":[{"name":"wp","href":"https:\/\/api.w.org\/{rel}","templated":true}]}}