{"id":15186,"date":"2024-01-26T11:36:51","date_gmt":"2024-01-26T10:36:51","guid":{"rendered":"https:\/\/antart.com.pl\/?post_type=product&#038;p=15186"},"modified":"2024-11-11T13:02:13","modified_gmt":"2024-11-11T12:02:13","slug":"bowl-from-the-1950s-70s-porzellenfabrik-oechsler-andechser","status":"publish","type":"product","link":"https:\/\/antart.com.pl\/en\/produkt\/miseczka-z-lat-50-tych-xxw-porzellenfabrik-oechsler-andechser\/","title":{"rendered":"Bowl from the 1950s. Porzellenfabrik Oechsler &amp; Andechser"},"content":{"rendered":"<h5 style=\"text-align: center;\"><em><strong>Bowl from the 1950s. Porzellenfabrik Oechsler &amp; Andechser<\/strong><\/em><\/h5>\n<h5 style=\"text-align: center;\"><em><strong>Beautiful old German ceramics produced by Porzellenfabrik Oechsler &amp; Andechser between 1952 and 1955.<\/strong><\/em><br \/>\n<em><strong>Vintage style bowl from the 1950s.<\/strong><\/em><br \/>\n<em><strong>In a beautiful cobalt floral pattern and on three gilded legs.<\/strong><\/em><\/h5>\n<p><em><strong>Dimensions<\/strong><\/em><\/p>\n<ul>\n<li><em><strong>Height: 8 cm<\/strong><\/em><\/li>\n<li><em><strong>Diameter : 11.5 cm<\/strong><\/em><\/li>\n<\/ul>\n<h5 style=\"text-align: center;\"><em><strong>The photos show the actual state of the object<\/strong><\/em><\/h5>\n<h5 style=\"text-align: center;\"><em><strong>Additional photos upon request<\/strong><\/em><\/h5>\n<h5 style=\"text-align: center;\"><em><strong>All our items on display are available in our warehouse.<\/strong><\/em><\/h5>\n<h5 style=\"text-align: center;\"><em><strong>Can be viewed by appointment.<\/strong><\/em><\/h5>\n<p>&nbsp;<\/p>","protected":false},"excerpt":{"rendered":"<p>Miseczka z lat 50-tych XXw. Porzellenfabrik Oechsler &amp; Andechser Pi\u0119kna stara niemiecka ceramika wyprodukowana przez Porzellenfabrik Oechsler &amp; Andechser w latach 1952-1955. Miseczka w stylu vintage z lat 50-tych XX w. W pi\u0119knym kobaltowym kwiatowym wzorze i na trzech z\u0142oconych n\u00f3\u017ckach. Wymiary Wysoko\u015b\u0107: 8 cm \u015arednica : 11,5 cm Zdj\u0119cia przedstawiaj\u0105 stan faktyczny przedmiotu Dodatkowe [&hellip;]<\/p>\n","protected":false},"featured_media":15137,"template":"","meta":{"_seopress_robots_primary_cat":"","_seopress_titles_title":"","_seopress_titles_desc":"","_seopress_robots_index":"","site-sidebar-layout":"default","site-content-layout":"","ast-site-content-layout":"default","site-content-style":"default","site-sidebar-style":"default","ast-global-header-display":"","ast-banner-title-visibility":"","ast-main-header-display":"","ast-hfb-above-header-display":"","ast-hfb-below-header-display":"","ast-hfb-mobile-header-display":"","site-post-title":"","ast-breadcrumbs-content":"","ast-featured-img":"","footer-sml-layout":"","ast-disable-related-posts":"","theme-transparent-header-meta":"default","adv-header-id-meta":"","stick-header-meta":"default","header-above-stick-meta":"","header-main-stick-meta":"","header-below-stick-meta":"","astra-migrate-meta-layouts":"set","ast-page-background-enabled":"default","ast-page-background-meta":{"desktop":{"background-color":"var(--ast-global-color-4)","background-image":"","background-repeat":"repeat","background-position":"center center","background-size":"auto","background-attachment":"scroll","background-type":"","background-media":"","overlay-type":"","overlay-color":"","overlay-opacity":"","overlay-gradient":""},"tablet":{"background-color":"","background-image":"","background-repeat":"repeat","background-position":"center center","background-size":"auto","background-attachment":"scroll","background-type":"","background-media":"","overlay-type":"","overlay-color":"","overlay-opacity":"","overlay-gradient":""},"mobile":{"background-color":"","background-image":"","background-repeat":"repeat","background-position":"center center","background-size":"auto","background-attachment":"scroll","background-type":"","background-media":"","overlay-type":"","overlay-color":"","overlay-opacity":"","overlay-gradient":""}},"ast-content-background-meta":{"desktop":{"background-color":"var(--ast-global-color-5)","background-image":"","background-repeat":"repeat","background-position":"center center","background-size":"auto","background-attachment":"scroll","background-type":"","background-media":"","overlay-type":"","overlay-color":"","overlay-opacity":"","overlay-gradient":""},"tablet":{"background-color":"var(--ast-global-color-5)","background-image":"","background-repeat":"repeat","background-position":"center center","background-size":"auto","background-attachment":"scroll","background-type":"","background-media":"","overlay-type":"","overlay-color":"","overlay-opacity":"","overlay-gradient":""},"mobile":{"background-color":"var(--ast-global-color-5)","background-image":"","background-repeat":"repeat","background-position":"center center","background-size":"auto","background-attachment":"scroll","background-type":"","background-media":"","overlay-type":"","overlay-color":"","overlay-opacity":"","overlay-gradient":""}}},"product_brand":[],"product_cat":[82,27,71],"product_tag":[],"class_list":{"0":"post-15186","1":"product","2":"type-product","3":"status-publish","4":"has-post-thumbnail","6":"product_cat-bombonierki","7":"product_cat-dekoracyjne","8":"product_cat-wazony","9":"product_shipping_class-wysylka-19zl","10":"desktop-align-left","11":"tablet-align-left","12":"mobile-align-left","13":"ast-product-gallery-layout-vertical-slider","14":"ast-product-tabs-layout-horizontal","15":"ast-qv-on-image","17":"first","18":"instock","19":"sold-individually","20":"shipping-taxable","21":"purchasable","22":"product-type-simple"},"_links":{"self":[{"href":"https:\/\/antart.com.pl\/en\/wp-json\/wp\/v2\/product\/15186","targetHints":{"allow":["GET"]}}],"collection":[{"href":"https:\/\/antart.com.pl\/en\/wp-json\/wp\/v2\/product"}],"about":[{"href":"https:\/\/antart.com.pl\/en\/wp-json\/wp\/v2\/types\/product"}],"wp:featuredmedia":[{"embeddable":true,"href":"https:\/\/antart.com.pl\/en\/wp-json\/wp\/v2\/media\/15137"}],"wp:attachment":[{"href":"https:\/\/antart.com.pl\/en\/wp-json\/wp\/v2\/media?parent=15186"}],"wp:term":[{"taxonomy":"product_brand","embeddable":true,"href":"https:\/\/antart.com.pl\/en\/wp-json\/wp\/v2\/product_brand?post=15186"},{"taxonomy":"product_cat","embeddable":true,"href":"https:\/\/antart.com.pl\/en\/wp-json\/wp\/v2\/product_cat?post=15186"},{"taxonomy":"product_tag","embeddable":true,"href":"https:\/\/antart.com.pl\/en\/wp-json\/wp\/v2\/product_tag?post=15186"}],"curies":[{"name":"wp","href":"https:\/\/api.w.org\/{rel}","templated":true}]}}