{"id":16218,"date":"2024-04-25T11:40:58","date_gmt":"2024-04-25T09:40:58","guid":{"rendered":"https:\/\/antart.com.pl\/?post_type=product&#038;p=16218"},"modified":"2024-11-11T13:01:05","modified_gmt":"2024-11-11T12:01:05","slug":"bone-china-paloma-picasso-bone-china-montserrat-bouillonette","status":"publish","type":"product","link":"https:\/\/antart.com.pl\/en\/produkt\/bulionowka-z-porcelany-kostnej-paloma-picasso-bone-china-montserrat\/","title":{"rendered":"Paloma Picasso Bone China Montserrat bone china bouillon"},"content":{"rendered":"<h4 style=\"text-align: center;\"><strong><em>Bouillon, soup cup in bone china from the Paloma Picasso factory<\/em><\/strong><br \/>\n<strong><em>Bone China Montserrat.<\/em><\/strong><\/h4>\n<p>&nbsp;<\/p>\n<h4><strong><em>Dimensions<\/em><\/strong><br \/>\n<strong><em>Bouillon - length: 15.5cm, diameter: 11.5cm, height, 6.5cm<\/em><\/strong><br \/>\n<strong><em>Saucer - diameter: 16.5cm<\/em><\/strong><\/h4>\n<p>&nbsp;<\/p>\n<h4 style=\"text-align: center;\"><strong><em>The photos show the actual state of the object<\/em><\/strong><\/h4>\n<h4 style=\"text-align: center;\"><strong><em>Additional photos upon request<\/em><\/strong><\/h4>\n<h4 style=\"text-align: center;\"><strong><em>All our items on display are available in our warehouse.<\/em><\/strong><\/h4>\n<h4 style=\"text-align: center;\"><strong><em>Can be viewed by appointment.<\/em><\/strong><\/h4>\n<p>&nbsp;<\/p>","protected":false},"excerpt":{"rendered":"<p>Bulion\u00f3wka, fili\u017canka do zupy z porcelany kostnej wytw\u00f3rni Paloma Picasso Bone China Montserrat. &nbsp; Wymiary Bulion\u00f3wka &#8211; d\u0142ugo\u015b\u0107: 15,5cm, \u015brednica: 11,5cm, wysoko\u015b\u0107, 6,5cm Spodek- \u015brednica: 16,5cm &nbsp; Zdj\u0119cia przedstawiaj\u0105 stan faktyczny przedmiotu Dodatkowe zdj\u0119cia na pro\u015bb\u0119 zainteresowanych Wszystkie nasze przedmioty wystawione s\u0105 dost\u0119pne w naszym magazynie. Mo\u017cna obejrze\u0107 po wcze\u015bniejszym um\u00f3wieniu si\u0119. &nbsp;<\/p>","protected":false},"featured_media":16142,"template":"","meta":{"_seopress_robots_primary_cat":"","_seopress_titles_title":"","_seopress_titles_desc":"","_seopress_robots_index":"","site-sidebar-layout":"default","site-content-layout":"","ast-site-content-layout":"default","site-content-style":"default","site-sidebar-style":"default","ast-global-header-display":"","ast-banner-title-visibility":"","ast-main-header-display":"","ast-hfb-above-header-display":"","ast-hfb-below-header-display":"","ast-hfb-mobile-header-display":"","site-post-title":"","ast-breadcrumbs-content":"","ast-featured-img":"","footer-sml-layout":"","ast-disable-related-posts":"","theme-transparent-header-meta":"default","adv-header-id-meta":"","stick-header-meta":"default","header-above-stick-meta":"","header-main-stick-meta":"","header-below-stick-meta":"","astra-migrate-meta-layouts":"set","ast-page-background-enabled":"default","ast-page-background-meta":{"desktop":{"background-color":"var(--ast-global-color-4)","background-image":"","background-repeat":"repeat","background-position":"center center","background-size":"auto","background-attachment":"scroll","background-type":"","background-media":"","overlay-type":"","overlay-color":"","overlay-opacity":"","overlay-gradient":""},"tablet":{"background-color":"","background-image":"","background-repeat":"repeat","background-position":"center center","background-size":"auto","background-attachment":"scroll","background-type":"","background-media":"","overlay-type":"","overlay-color":"","overlay-opacity":"","overlay-gradient":""},"mobile":{"background-color":"","background-image":"","background-repeat":"repeat","background-position":"center center","background-size":"auto","background-attachment":"scroll","background-type":"","background-media":"","overlay-type":"","overlay-color":"","overlay-opacity":"","overlay-gradient":""}},"ast-content-background-meta":{"desktop":{"background-color":"var(--ast-global-color-5)","background-image":"","background-repeat":"repeat","background-position":"center center","background-size":"auto","background-attachment":"scroll","background-type":"","background-media":"","overlay-type":"","overlay-color":"","overlay-opacity":"","overlay-gradient":""},"tablet":{"background-color":"var(--ast-global-color-5)","background-image":"","background-repeat":"repeat","background-position":"center center","background-size":"auto","background-attachment":"scroll","background-type":"","background-media":"","overlay-type":"","overlay-color":"","overlay-opacity":"","overlay-gradient":""},"mobile":{"background-color":"var(--ast-global-color-5)","background-image":"","background-repeat":"repeat","background-position":"center center","background-size":"auto","background-attachment":"scroll","background-type":"","background-media":"","overlay-type":"","overlay-color":"","overlay-opacity":"","overlay-gradient":""}}},"product_brand":[],"product_cat":[59,25,24],"product_tag":[],"class_list":{"0":"post-16218","1":"product","2":"type-product","3":"status-publish","4":"has-post-thumbnail","6":"product_cat-bulionowki","7":"product_cat-czesci-serwisow","8":"product_cat-kuchnia","9":"product_shipping_class-wysylka-19zl","10":"desktop-align-left","11":"tablet-align-left","12":"mobile-align-left","13":"ast-product-gallery-layout-vertical-slider","14":"ast-product-tabs-layout-horizontal","15":"ast-qv-on-image","17":"first","18":"instock","19":"sold-individually","20":"shipping-taxable","21":"purchasable","22":"product-type-simple"},"_links":{"self":[{"href":"https:\/\/antart.com.pl\/en\/wp-json\/wp\/v2\/product\/16218","targetHints":{"allow":["GET"]}}],"collection":[{"href":"https:\/\/antart.com.pl\/en\/wp-json\/wp\/v2\/product"}],"about":[{"href":"https:\/\/antart.com.pl\/en\/wp-json\/wp\/v2\/types\/product"}],"wp:featuredmedia":[{"embeddable":true,"href":"https:\/\/antart.com.pl\/en\/wp-json\/wp\/v2\/media\/16142"}],"wp:attachment":[{"href":"https:\/\/antart.com.pl\/en\/wp-json\/wp\/v2\/media?parent=16218"}],"wp:term":[{"taxonomy":"product_brand","embeddable":true,"href":"https:\/\/antart.com.pl\/en\/wp-json\/wp\/v2\/product_brand?post=16218"},{"taxonomy":"product_cat","embeddable":true,"href":"https:\/\/antart.com.pl\/en\/wp-json\/wp\/v2\/product_cat?post=16218"},{"taxonomy":"product_tag","embeddable":true,"href":"https:\/\/antart.com.pl\/en\/wp-json\/wp\/v2\/product_tag?post=16218"}],"curies":[{"name":"wp","href":"https:\/\/api.w.org\/{rel}","templated":true}]}}