{"id":17466,"date":"2024-07-05T13:54:04","date_gmt":"2024-07-05T11:54:04","guid":{"rendered":"https:\/\/antart.com.pl\/?post_type=product&#038;p=17466"},"modified":"2024-11-11T12:57:54","modified_gmt":"2024-11-11T11:57:54","slug":"model-car-frame-poster-dkw-1939","status":"publish","type":"product","link":"https:\/\/antart.com.pl\/en\/produkt\/plakat-na-ramce-model-auta-dkw-1939\/","title":{"rendered":"Model DKW 1939 car poster on frame"},"content":{"rendered":"<div>\n<h4 class=\"web_ui__Text__text web_ui__Text__title web_ui__Text__left\" style=\"text-align: center;\"><em><strong>Model DKW 1939 car poster on frame<\/strong><\/em><\/h4>\n<\/div>\n<h4 class=\"web_ui__Spacer__regular web_ui__Spacer__horizontal\" style=\"text-align: center;\"><\/h4>\n<h4 class=\"u-text-wrap\" style=\"text-align: center;\"><em><strong><span class=\"web_ui__Text__text web_ui__Text__body web_ui__Text__left web_ui__Text__format\">Poster of a rare model car from the 1930s. Model car DKW 1939 Posters on wooden frame. In vintage 1970s style<\/span><\/strong><\/em><\/h4>\n<p>&nbsp;<\/p>\n<p><em><strong>Frame dimensions<\/strong><\/em><\/p>\n<ul>\n<li><em><strong>Length : 37cm<\/strong><\/em><\/li>\n<li><em><strong>Width: 2cm<\/strong><\/em><\/li>\n<li><em><strong>height: 30cm<\/strong><\/em><\/li>\n<\/ul>\n<p><em><strong>Poster dimensions<\/strong><\/em><\/p>\n<ul>\n<li><em><strong>Length: 32cm<\/strong><\/em><\/li>\n<li><em><strong>Width: 24cm<\/strong><\/em><\/li>\n<\/ul>\n<p>&nbsp;<\/p>\n<h4 style=\"text-align: center;\"><em><strong>The photos show the actual state of the object<\/strong><\/em><br \/>\n<em><strong>Additional photos upon request<\/strong><\/em><br \/>\n<em><strong>All our items on display are available in our warehouse.<\/strong><\/em><br \/>\n<em><strong>Can be viewed by appointment.<\/strong><\/em><\/h4>","protected":false},"excerpt":{"rendered":"<p>Plakat na ramce model auta DKW 1939 Plakat rzadko spotykany modelu samochodu z lat 30-tych. Model samochodu DKW 1939 Plakaty na ramce drewnianej. W stylu vintage lata 70-te &nbsp; Wymiary ramki D\u0142ugo\u015b\u0107 : 37cm Szeroko\u015b\u0107: 2cm wysoko\u015b\u0107: 30cm Wymiary plakatu D\u0142ugo\u015b\u0107: 32cm Szeroko\u015b\u0107: 24cm &nbsp; Zdj\u0119cia przedstawiaj\u0105 stan faktyczny przedmiotu Dodatkowe zdj\u0119cia na pro\u015bb\u0119 zainteresowanych [&hellip;]<\/p>\n","protected":false},"featured_media":17450,"template":"","meta":{"_seopress_robots_primary_cat":"","_seopress_titles_title":"","_seopress_titles_desc":"","_seopress_robots_index":"","site-sidebar-layout":"default","site-content-layout":"","ast-site-content-layout":"default","site-content-style":"default","site-sidebar-style":"default","ast-global-header-display":"","ast-banner-title-visibility":"","ast-main-header-display":"","ast-hfb-above-header-display":"","ast-hfb-below-header-display":"","ast-hfb-mobile-header-display":"","site-post-title":"","ast-breadcrumbs-content":"","ast-featured-img":"","footer-sml-layout":"","ast-disable-related-posts":"","theme-transparent-header-meta":"default","adv-header-id-meta":"","stick-header-meta":"default","header-above-stick-meta":"","header-main-stick-meta":"","header-below-stick-meta":"","astra-migrate-meta-layouts":"set","ast-page-background-enabled":"default","ast-page-background-meta":{"desktop":{"background-color":"var(--ast-global-color-4)","background-image":"","background-repeat":"repeat","background-position":"center center","background-size":"auto","background-attachment":"scroll","background-type":"","background-media":"","overlay-type":"","overlay-color":"","overlay-opacity":"","overlay-gradient":""},"tablet":{"background-color":"","background-image":"","background-repeat":"repeat","background-position":"center center","background-size":"auto","background-attachment":"scroll","background-type":"","background-media":"","overlay-type":"","overlay-color":"","overlay-opacity":"","overlay-gradient":""},"mobile":{"background-color":"","background-image":"","background-repeat":"repeat","background-position":"center center","background-size":"auto","background-attachment":"scroll","background-type":"","background-media":"","overlay-type":"","overlay-color":"","overlay-opacity":"","overlay-gradient":""}},"ast-content-background-meta":{"desktop":{"background-color":"var(--ast-global-color-5)","background-image":"","background-repeat":"repeat","background-position":"center center","background-size":"auto","background-attachment":"scroll","background-type":"","background-media":"","overlay-type":"","overlay-color":"","overlay-opacity":"","overlay-gradient":""},"tablet":{"background-color":"var(--ast-global-color-5)","background-image":"","background-repeat":"repeat","background-position":"center center","background-size":"auto","background-attachment":"scroll","background-type":"","background-media":"","overlay-type":"","overlay-color":"","overlay-opacity":"","overlay-gradient":""},"mobile":{"background-color":"var(--ast-global-color-5)","background-image":"","background-repeat":"repeat","background-position":"center center","background-size":"auto","background-attachment":"scroll","background-type":"","background-media":"","overlay-type":"","overlay-color":"","overlay-opacity":"","overlay-gradient":""}}},"product_brand":[],"product_cat":[77,314],"product_tag":[],"class_list":{"0":"post-17466","1":"product","2":"type-product","3":"status-publish","4":"has-post-thumbnail","6":"product_cat-antykwariat","7":"product_cat-plakaty","8":"product_shipping_class-wysylka-19zl","9":"desktop-align-left","10":"tablet-align-left","11":"mobile-align-left","12":"ast-product-gallery-layout-vertical-slider","13":"ast-product-tabs-layout-horizontal","14":"ast-qv-on-image","16":"first","17":"instock","18":"sold-individually","19":"shipping-taxable","20":"purchasable","21":"product-type-simple"},"_links":{"self":[{"href":"https:\/\/antart.com.pl\/en\/wp-json\/wp\/v2\/product\/17466","targetHints":{"allow":["GET"]}}],"collection":[{"href":"https:\/\/antart.com.pl\/en\/wp-json\/wp\/v2\/product"}],"about":[{"href":"https:\/\/antart.com.pl\/en\/wp-json\/wp\/v2\/types\/product"}],"wp:featuredmedia":[{"embeddable":true,"href":"https:\/\/antart.com.pl\/en\/wp-json\/wp\/v2\/media\/17450"}],"wp:attachment":[{"href":"https:\/\/antart.com.pl\/en\/wp-json\/wp\/v2\/media?parent=17466"}],"wp:term":[{"taxonomy":"product_brand","embeddable":true,"href":"https:\/\/antart.com.pl\/en\/wp-json\/wp\/v2\/product_brand?post=17466"},{"taxonomy":"product_cat","embeddable":true,"href":"https:\/\/antart.com.pl\/en\/wp-json\/wp\/v2\/product_cat?post=17466"},{"taxonomy":"product_tag","embeddable":true,"href":"https:\/\/antart.com.pl\/en\/wp-json\/wp\/v2\/product_tag?post=17466"}],"curies":[{"name":"wp","href":"https:\/\/api.w.org\/{rel}","templated":true}]}}