{"id":17838,"date":"2024-07-17T11:09:13","date_gmt":"2024-07-17T09:09:13","guid":{"rendered":"https:\/\/antart.com.pl\/?post_type=product&#038;p=17838"},"modified":"2024-10-01T21:10:07","modified_gmt":"2024-10-01T19:10:07","slug":"smoked-wine-glass-for-liqueurs","status":"publish","type":"product","link":"https:\/\/antart.com.pl\/en\/produkt\/kieliszek-ze-szkla-dymionego-do-wina-nalewki\/","title":{"rendered":"Smoked glass glass for wine, liquor"},"content":{"rendered":"<h4 style=\"text-align: center;\"><em><strong>Smoked glass glass for wine, liquor.<\/strong><\/em><\/h4>\n<h4 style=\"text-align: center;\"><em><strong>A smoky glass finished with gold rims as well as leaves.<\/strong><\/em><br \/>\n<em><strong>Glasses ideal for liquor, liqueur or fine wine.<\/strong><\/em><\/h4>\n<p>&nbsp;<\/p>\n<p><em><strong>Dimensions<\/strong><\/em><\/p>\n<ul>\n<li><em><strong>Height: 11.5cm<\/strong><\/em><\/li>\n<li><em><strong>Top diameter: 5cm<\/strong><\/em><\/li>\n<li><em><strong>Base diameter: 5.5cm<\/strong><\/em><\/li>\n<li><em><strong>Depth: 6cm<\/strong><\/em><\/li>\n<\/ul>\n<h4><\/h4>\n<h4><em><strong>Price is for 1 piece<\/strong><\/em><\/h4>\n<h4><\/h4>\n<h4 style=\"text-align: center;\"><em><strong>The photos show the actual state of the object<\/strong><\/em><\/h4>\n<h4 style=\"text-align: center;\"><em><strong>Additional photos upon request<\/strong><\/em><\/h4>\n<h4 style=\"text-align: center;\"><em><strong>All our items on display are available in our warehouse.<\/strong><\/em><\/h4>\n<h4 style=\"text-align: center;\"><em><strong>Can be viewed by appointment.<\/strong><\/em><\/h4>","protected":false},"excerpt":{"rendered":"<p>Kieliszek ze szk\u0142a dymionego do wina, nalewki. Kieliszek ze szk\u0142a dymionego wyko\u0144czony z\u0142otymi brzegami jak r\u00f3wnie\u017c li\u015b\u0107mi. Kieliszki idealne do nalewki , likieru czy delikatnego winka. &nbsp; Wymiary Wysoko\u015b\u0107: 11,5cm \u015arednica g\u00f3rna: 5cm \u015arednica podstawy: 5,5cm G\u0142\u0119boko\u015b\u0107: 6cm Cena dotyczy 1 sztuki Zdj\u0119cia przedstawiaj\u0105 stan faktyczny przedmiotu Dodatkowe zdj\u0119cia na pro\u015bb\u0119 zainteresowanych Wszystkie nasze przedmioty [&hellip;]<\/p>\n","protected":false},"featured_media":17793,"template":"","meta":{"_seopress_robots_primary_cat":"","_seopress_titles_title":"","_seopress_titles_desc":"","_seopress_robots_index":"","site-sidebar-layout":"default","site-content-layout":"","ast-site-content-layout":"default","site-content-style":"default","site-sidebar-style":"default","ast-global-header-display":"","ast-banner-title-visibility":"","ast-main-header-display":"","ast-hfb-above-header-display":"","ast-hfb-below-header-display":"","ast-hfb-mobile-header-display":"","site-post-title":"","ast-breadcrumbs-content":"","ast-featured-img":"","footer-sml-layout":"","ast-disable-related-posts":"","theme-transparent-header-meta":"default","adv-header-id-meta":"","stick-header-meta":"default","header-above-stick-meta":"","header-main-stick-meta":"","header-below-stick-meta":"","astra-migrate-meta-layouts":"set","ast-page-background-enabled":"default","ast-page-background-meta":{"desktop":{"background-color":"var(--ast-global-color-4)","background-image":"","background-repeat":"repeat","background-position":"center center","background-size":"auto","background-attachment":"scroll","background-type":"","background-media":"","overlay-type":"","overlay-color":"","overlay-opacity":"","overlay-gradient":""},"tablet":{"background-color":"","background-image":"","background-repeat":"repeat","background-position":"center center","background-size":"auto","background-attachment":"scroll","background-type":"","background-media":"","overlay-type":"","overlay-color":"","overlay-opacity":"","overlay-gradient":""},"mobile":{"background-color":"","background-image":"","background-repeat":"repeat","background-position":"center center","background-size":"auto","background-attachment":"scroll","background-type":"","background-media":"","overlay-type":"","overlay-color":"","overlay-opacity":"","overlay-gradient":""}},"ast-content-background-meta":{"desktop":{"background-color":"var(--ast-global-color-5)","background-image":"","background-repeat":"repeat","background-position":"center center","background-size":"auto","background-attachment":"scroll","background-type":"","background-media":"","overlay-type":"","overlay-color":"","overlay-opacity":"","overlay-gradient":""},"tablet":{"background-color":"var(--ast-global-color-5)","background-image":"","background-repeat":"repeat","background-position":"center center","background-size":"auto","background-attachment":"scroll","background-type":"","background-media":"","overlay-type":"","overlay-color":"","overlay-opacity":"","overlay-gradient":""},"mobile":{"background-color":"var(--ast-global-color-5)","background-image":"","background-repeat":"repeat","background-position":"center center","background-size":"auto","background-attachment":"scroll","background-type":"","background-media":"","overlay-type":"","overlay-color":"","overlay-opacity":"","overlay-gradient":""}}},"product_brand":[],"product_cat":[15],"product_tag":[],"class_list":{"0":"post-17838","1":"product","2":"type-product","3":"status-publish","4":"has-post-thumbnail","6":"product_cat-bez-kategorii","7":"product_shipping_class-wysylka-19zl","8":"desktop-align-left","9":"tablet-align-left","10":"mobile-align-left","11":"ast-product-gallery-layout-vertical-slider","12":"ast-product-tabs-layout-horizontal","13":"ast-qv-on-image","15":"first","16":"instock","17":"shipping-taxable","18":"purchasable","19":"product-type-simple"},"_links":{"self":[{"href":"https:\/\/antart.com.pl\/en\/wp-json\/wp\/v2\/product\/17838","targetHints":{"allow":["GET"]}}],"collection":[{"href":"https:\/\/antart.com.pl\/en\/wp-json\/wp\/v2\/product"}],"about":[{"href":"https:\/\/antart.com.pl\/en\/wp-json\/wp\/v2\/types\/product"}],"wp:featuredmedia":[{"embeddable":true,"href":"https:\/\/antart.com.pl\/en\/wp-json\/wp\/v2\/media\/17793"}],"wp:attachment":[{"href":"https:\/\/antart.com.pl\/en\/wp-json\/wp\/v2\/media?parent=17838"}],"wp:term":[{"taxonomy":"product_brand","embeddable":true,"href":"https:\/\/antart.com.pl\/en\/wp-json\/wp\/v2\/product_brand?post=17838"},{"taxonomy":"product_cat","embeddable":true,"href":"https:\/\/antart.com.pl\/en\/wp-json\/wp\/v2\/product_cat?post=17838"},{"taxonomy":"product_tag","embeddable":true,"href":"https:\/\/antart.com.pl\/en\/wp-json\/wp\/v2\/product_tag?post=17838"}],"curies":[{"name":"wp","href":"https:\/\/api.w.org\/{rel}","templated":true}]}}