{"id":18339,"date":"2024-08-02T11:19:21","date_gmt":"2024-08-02T09:19:21","guid":{"rendered":"https:\/\/antart.com.pl\/?post_type=product&#038;p=18339"},"modified":"2026-04-01T20:27:18","modified_gmt":"2026-04-01T18:27:18","slug":"figurine-japanese-space-guard-robot-movable-armani-and-legs","status":"publish","type":"product","link":"https:\/\/antart.com.pl\/en\/produkt\/figurka-japonska-space-guard-robot-movable-armani-and-legs\/","title":{"rendered":"Japanese figurine Space guard robot- Movable Armani and Legs."},"content":{"rendered":"<h4 style=\"text-align: center;\"><strong><em>Japanese figurine Space guard robot- Movable Armani and Legs.<\/em><\/strong><\/h4>\n<h4 style=\"text-align: center;\"><strong><em>Vintage Japanese collector's figurine<\/em><\/strong><br \/>\n<strong><em>Space guard robot- Movable Armani and Legs.<\/em><\/strong><\/h4>\n<h4 style=\"text-align: center;\"><strong><em>Original packaging toy never used.<\/em><\/strong><\/h4>\n<p>&nbsp;<\/p>\n<p><strong><em>Dimensions<\/em><\/strong><\/p>\n<p><strong><em>Box<\/em><\/strong><\/p>\n<ul>\n<li><strong><em>Length: 15cm<\/em><\/strong><\/li>\n<li><strong><em>Width :7 cm<\/em><\/strong><\/li>\n<li><strong><em>Height: 22cm<\/em><\/strong><\/li>\n<\/ul>\n<p>&nbsp;<\/p>\n<p><strong><em>Works<\/em><\/strong><\/p>\n<ul>\n<li><strong><em>Length: 9.5cm<\/em><\/strong><\/li>\n<li><strong><em>Width : 3.5cm<\/em><\/strong><\/li>\n<li><strong><em>Height: 16 cm<\/em><\/strong><\/li>\n<\/ul>\n<p>&nbsp;<\/p>\n<h4 style=\"text-align: center;\"><strong><em>The photos show the actual state of the object<\/em><\/strong><\/h4>\n<h4 style=\"text-align: center;\"><strong><em>Additional photos upon request<\/em><\/strong><\/h4>\n<h4 style=\"text-align: center;\"><strong><em>All our items on display are available in our warehouse.<\/em><\/strong><\/h4>\n<h4 style=\"text-align: center;\"><strong><em>Can be viewed by appointment.<\/em><\/strong><\/h4>","protected":false},"excerpt":{"rendered":"<p>Figurka japo\u0144ska Space guard robot- Movable Armani and Legs. Figurka kolekcjonerska japo\u0144ska w stylu vintage Space guard robot- Movable Armani and Legs. Oryginalne opakowanie zabawka nigdy nie u\u017cywana. &nbsp; Wymiary Pude\u0142ko D\u0142ugo\u015b\u0107: 15cm Szeroko\u015b\u0107 :7 cm Wysoko\u015b\u0107: 22cm &nbsp; Rob\u00f3t D\u0142ugo\u015b\u0107: 9,5cm Szeroko\u015b\u0107 : 3,5cm Wysoko\u015b\u0107: 16 cm &nbsp; Zdj\u0119cia przedstawiaj\u0105 stan faktyczny przedmiotu Dodatkowe [&hellip;]<\/p>\n","protected":false},"featured_media":18190,"template":"","meta":{"_seopress_robots_primary_cat":"","_seopress_titles_title":"","_seopress_titles_desc":"","_seopress_robots_index":"","site-sidebar-layout":"default","site-content-layout":"","ast-site-content-layout":"default","site-content-style":"default","site-sidebar-style":"default","ast-global-header-display":"","ast-banner-title-visibility":"","ast-main-header-display":"","ast-hfb-above-header-display":"","ast-hfb-below-header-display":"","ast-hfb-mobile-header-display":"","site-post-title":"","ast-breadcrumbs-content":"","ast-featured-img":"","footer-sml-layout":"","ast-disable-related-posts":"","theme-transparent-header-meta":"default","adv-header-id-meta":"","stick-header-meta":"default","header-above-stick-meta":"","header-main-stick-meta":"","header-below-stick-meta":"","astra-migrate-meta-layouts":"set","ast-page-background-enabled":"default","ast-page-background-meta":{"desktop":{"background-color":"var(--ast-global-color-4)","background-image":"","background-repeat":"repeat","background-position":"center center","background-size":"auto","background-attachment":"scroll","background-type":"","background-media":"","overlay-type":"","overlay-color":"","overlay-opacity":"","overlay-gradient":""},"tablet":{"background-color":"","background-image":"","background-repeat":"repeat","background-position":"center center","background-size":"auto","background-attachment":"scroll","background-type":"","background-media":"","overlay-type":"","overlay-color":"","overlay-opacity":"","overlay-gradient":""},"mobile":{"background-color":"","background-image":"","background-repeat":"repeat","background-position":"center center","background-size":"auto","background-attachment":"scroll","background-type":"","background-media":"","overlay-type":"","overlay-color":"","overlay-opacity":"","overlay-gradient":""}},"ast-content-background-meta":{"desktop":{"background-color":"var(--ast-global-color-5)","background-image":"","background-repeat":"repeat","background-position":"center center","background-size":"auto","background-attachment":"scroll","background-type":"","background-media":"","overlay-type":"","overlay-color":"","overlay-opacity":"","overlay-gradient":""},"tablet":{"background-color":"var(--ast-global-color-5)","background-image":"","background-repeat":"repeat","background-position":"center center","background-size":"auto","background-attachment":"scroll","background-type":"","background-media":"","overlay-type":"","overlay-color":"","overlay-opacity":"","overlay-gradient":""},"mobile":{"background-color":"var(--ast-global-color-5)","background-image":"","background-repeat":"repeat","background-position":"center center","background-size":"auto","background-attachment":"scroll","background-type":"","background-media":"","overlay-type":"","overlay-color":"","overlay-opacity":"","overlay-gradient":""}}},"product_brand":[],"product_cat":[58],"product_tag":[],"class_list":{"0":"post-18339","1":"product","2":"type-product","3":"status-publish","4":"has-post-thumbnail","6":"product_cat-zabawki","7":"product_shipping_class-wysylka-19zl","8":"desktop-align-left","9":"tablet-align-left","10":"mobile-align-left","11":"ast-product-gallery-layout-vertical-slider","12":"ast-product-tabs-layout-horizontal","13":"ast-qv-on-image","15":"first","16":"instock","17":"sale","18":"sold-individually","19":"shipping-taxable","20":"purchasable","21":"product-type-simple"},"_links":{"self":[{"href":"https:\/\/antart.com.pl\/en\/wp-json\/wp\/v2\/product\/18339","targetHints":{"allow":["GET"]}}],"collection":[{"href":"https:\/\/antart.com.pl\/en\/wp-json\/wp\/v2\/product"}],"about":[{"href":"https:\/\/antart.com.pl\/en\/wp-json\/wp\/v2\/types\/product"}],"wp:featuredmedia":[{"embeddable":true,"href":"https:\/\/antart.com.pl\/en\/wp-json\/wp\/v2\/media\/18190"}],"wp:attachment":[{"href":"https:\/\/antart.com.pl\/en\/wp-json\/wp\/v2\/media?parent=18339"}],"wp:term":[{"taxonomy":"product_brand","embeddable":true,"href":"https:\/\/antart.com.pl\/en\/wp-json\/wp\/v2\/product_brand?post=18339"},{"taxonomy":"product_cat","embeddable":true,"href":"https:\/\/antart.com.pl\/en\/wp-json\/wp\/v2\/product_cat?post=18339"},{"taxonomy":"product_tag","embeddable":true,"href":"https:\/\/antart.com.pl\/en\/wp-json\/wp\/v2\/product_tag?post=18339"}],"curies":[{"name":"wp","href":"https:\/\/api.w.org\/{rel}","templated":true}]}}