{"id":18519,"date":"2024-08-07T11:17:08","date_gmt":"2024-08-07T09:17:08","guid":{"rendered":"https:\/\/antart.com.pl\/?post_type=product&#038;p=18519"},"modified":"2024-10-01T21:09:38","modified_gmt":"2024-10-01T19:09:38","slug":"porcelain-napkin-ring-villeroy-boch-wild-rose","status":"publish","type":"product","link":"https:\/\/antart.com.pl\/en\/produkt\/pierscien-na-serwetke-porcelanowy-villeroy-boch-dzika-roza\/","title":{"rendered":"Villeroy &amp; Boch porcelain napkin ring - Wild Rose"},"content":{"rendered":"<h4 style=\"text-align: center;\"><em><strong>Villeroy &amp; Boch napkin ring - Wild Rose.<\/strong><\/em><\/h4>\n<h4 style=\"text-align: center;\"><em><strong>Porcelain napkin ring Villeroy &amp; Boch<\/strong><\/em><\/h4>\n<h4 style=\"text-align: center;\"><em><strong>Villeroy&amp;Boch- Vild Rose<\/strong><\/em><\/h4>\n<h4 style=\"text-align: center;\"><em><strong>Made from the highest quality porcelain by the renowned brand Villeroy &amp; Boch from the collection - WILD ROSE.<\/strong><\/em><\/h4>\n<h4 style=\"text-align: center;\"><em><strong>The service is characterised by a motif of convex handmade and painted flowers.<\/strong><\/em><\/h4>\n<h4 style=\"text-align: center;\"><em><strong>The signatures date from different periods. The W. Germany signature was used from the 1970s to 1990. The green signature - depicts the head of Mercury with a winged cap, two caduceus or poles entwined to form a snake, a banner or poster with the words 'VILLEROY &amp; BOCH ' and a fancy semi-circular banner with the name of the factory. It dates from the 1980s.<\/strong><\/em><\/h4>\n<p>&nbsp;<\/p>\n<p><em><strong>Dimensions<\/strong><\/em><\/p>\n<ul>\n<li><em><strong>Height: 4cm<\/strong><\/em><\/li>\n<li><em><strong>Length: 5cm<\/strong><\/em><\/li>\n<li><em><strong>Width: 2.5cm<\/strong><\/em><\/li>\n<\/ul>\n<h4><\/h4>\n<h4 style=\"text-align: center;\">\n<em><strong>The photos show the actual state of the object<\/strong><\/em><\/h4>\n<h4 style=\"text-align: center;\"><em><strong>Additional photos upon request<\/strong><\/em><\/h4>\n<h4 style=\"text-align: center;\"><em><strong>All our items on display are available in our warehouse.<\/strong><\/em><\/h4>\n<h4 style=\"text-align: center;\"><em><strong>Can be viewed by appointment.<\/strong><\/em><\/h4>","protected":false},"excerpt":{"rendered":"<p>Pier\u015bcie\u0144 na serwetk\u0119 Villeroy &amp; Boch &#8211; Dzika r\u00f3\u017ca. Pier\u015bcie\u0144 na serwetk\u0119 porcelanowy Villeroy &amp; Boch Villeroy&amp;Boch- Vild Rose Wykonany z najwy\u017cszej jako\u015bci porcelany renomowanej marki Villeroy &amp; Boch z kolekcji &#8211; DZIKIEJ R\u00d3\u017bY. Serwis charakteryzuje si\u0119 motywem wypuk\u0142ych kwiat\u00f3w r\u0119cznie wykonanych i malowanych. Sygnatury pochodz\u0105 z r\u00f3\u017cnych okres\u00f3w. Sygnatura W. Germany by\u0142a u\u017cywana od [&hellip;]<\/p>\n","protected":false},"featured_media":18442,"template":"","meta":{"_seopress_robots_primary_cat":"","_seopress_titles_title":"","_seopress_titles_desc":"","_seopress_robots_index":"","site-sidebar-layout":"default","site-content-layout":"","ast-site-content-layout":"default","site-content-style":"default","site-sidebar-style":"default","ast-global-header-display":"","ast-banner-title-visibility":"","ast-main-header-display":"","ast-hfb-above-header-display":"","ast-hfb-below-header-display":"","ast-hfb-mobile-header-display":"","site-post-title":"","ast-breadcrumbs-content":"","ast-featured-img":"","footer-sml-layout":"","ast-disable-related-posts":"","theme-transparent-header-meta":"default","adv-header-id-meta":"","stick-header-meta":"default","header-above-stick-meta":"","header-main-stick-meta":"","header-below-stick-meta":"","astra-migrate-meta-layouts":"set","ast-page-background-enabled":"default","ast-page-background-meta":{"desktop":{"background-color":"var(--ast-global-color-4)","background-image":"","background-repeat":"repeat","background-position":"center center","background-size":"auto","background-attachment":"scroll","background-type":"","background-media":"","overlay-type":"","overlay-color":"","overlay-opacity":"","overlay-gradient":""},"tablet":{"background-color":"","background-image":"","background-repeat":"repeat","background-position":"center center","background-size":"auto","background-attachment":"scroll","background-type":"","background-media":"","overlay-type":"","overlay-color":"","overlay-opacity":"","overlay-gradient":""},"mobile":{"background-color":"","background-image":"","background-repeat":"repeat","background-position":"center center","background-size":"auto","background-attachment":"scroll","background-type":"","background-media":"","overlay-type":"","overlay-color":"","overlay-opacity":"","overlay-gradient":""}},"ast-content-background-meta":{"desktop":{"background-color":"var(--ast-global-color-5)","background-image":"","background-repeat":"repeat","background-position":"center center","background-size":"auto","background-attachment":"scroll","background-type":"","background-media":"","overlay-type":"","overlay-color":"","overlay-opacity":"","overlay-gradient":""},"tablet":{"background-color":"var(--ast-global-color-5)","background-image":"","background-repeat":"repeat","background-position":"center center","background-size":"auto","background-attachment":"scroll","background-type":"","background-media":"","overlay-type":"","overlay-color":"","overlay-opacity":"","overlay-gradient":""},"mobile":{"background-color":"var(--ast-global-color-5)","background-image":"","background-repeat":"repeat","background-position":"center center","background-size":"auto","background-attachment":"scroll","background-type":"","background-media":"","overlay-type":"","overlay-color":"","overlay-opacity":"","overlay-gradient":""}}},"product_brand":[],"product_cat":[25,24,318],"product_tag":[],"class_list":{"0":"post-18519","1":"product","2":"type-product","3":"status-publish","4":"has-post-thumbnail","6":"product_cat-czesci-serwisow","7":"product_cat-kuchnia","8":"product_cat-pierscienie-na-serwetki","9":"product_shipping_class-wysylka-19zl","10":"desktop-align-left","11":"tablet-align-left","12":"mobile-align-left","13":"ast-product-gallery-layout-vertical-slider","14":"ast-product-tabs-layout-horizontal","15":"ast-qv-on-image","17":"first","18":"instock","19":"shipping-taxable","20":"purchasable","21":"product-type-simple"},"_links":{"self":[{"href":"https:\/\/antart.com.pl\/en\/wp-json\/wp\/v2\/product\/18519","targetHints":{"allow":["GET"]}}],"collection":[{"href":"https:\/\/antart.com.pl\/en\/wp-json\/wp\/v2\/product"}],"about":[{"href":"https:\/\/antart.com.pl\/en\/wp-json\/wp\/v2\/types\/product"}],"wp:featuredmedia":[{"embeddable":true,"href":"https:\/\/antart.com.pl\/en\/wp-json\/wp\/v2\/media\/18442"}],"wp:attachment":[{"href":"https:\/\/antart.com.pl\/en\/wp-json\/wp\/v2\/media?parent=18519"}],"wp:term":[{"taxonomy":"product_brand","embeddable":true,"href":"https:\/\/antart.com.pl\/en\/wp-json\/wp\/v2\/product_brand?post=18519"},{"taxonomy":"product_cat","embeddable":true,"href":"https:\/\/antart.com.pl\/en\/wp-json\/wp\/v2\/product_cat?post=18519"},{"taxonomy":"product_tag","embeddable":true,"href":"https:\/\/antart.com.pl\/en\/wp-json\/wp\/v2\/product_tag?post=18519"}],"curies":[{"name":"wp","href":"https:\/\/api.w.org\/{rel}","templated":true}]}}