{"id":18764,"date":"2024-08-23T10:44:40","date_gmt":"2024-08-23T08:44:40","guid":{"rendered":"https:\/\/antart.com.pl\/?post_type=product&#038;p=18764"},"modified":"2024-11-11T12:57:13","modified_gmt":"2024-11-11T11:57:13","slug":"mankala-strategy-game","status":"publish","type":"product","link":"https:\/\/antart.com.pl\/en\/produkt\/gra-strategiczna-mankala\/","title":{"rendered":"Mankala strategy game"},"content":{"rendered":"<h4 style=\"text-align: center;\"><em><strong>Mankala strategy game<\/strong><\/em><br \/>\n<em><strong>Mankala - Oware version (wari, awale) - folding game, made of African osese wood<\/strong><\/em><\/h4>\n<h4 style=\"text-align: center;\"><em><strong>Traditional seeds of the ceasalpina bonduc plant (46pcs) - 2 pieces missing.<\/strong><\/em><\/h4>\n<p>&nbsp;<\/p>\n<h4><\/h4>\n<h4><em><strong>Dimensions: 49x 14x 3 cm (open) - classic version tuniejniej<\/strong><\/em><\/h4>\n<h4><em><strong>Handmade by artisans in Ghana.<\/strong><\/em><\/h4>\n<p>&nbsp;<\/p>\n<h4 style=\"text-align: center;\">\n<em><strong>The photos show the actual state of the object<\/strong><\/em><\/h4>\n<h4 style=\"text-align: center;\"><em><strong>Additional photos upon request<\/strong><\/em><\/h4>\n<h4 style=\"text-align: center;\"><em><strong>All our items on display are available in our warehouse.<\/strong><\/em><\/h4>\n<h4 style=\"text-align: center;\"><em><strong>Can be viewed by appointment<\/strong><\/em><\/h4>","protected":false},"excerpt":{"rendered":"<p>Gra strategiczna Mankala Mankala &#8211; wersja Oware (wari, awale) &#8211; gra sk\u0142adana, wykonana z afryka\u0144skiego drewna osese Tradycyjne nasiona ro\u015bliny ceasalpina bonduc (46sztuk) &#8211; brakuje 2 sztuk. &nbsp; Wymiary: 49x 14x 3 cm (otwarte) &#8211; wersja klasyczna tuniejowa Wykonana r\u0119cznie przez rzemie\u015blnik\u00f3w z Ghany. &nbsp; Zdj\u0119cia przedstawiaj\u0105 stan faktyczny przedmiotu Dodatkowe zdj\u0119cia na pro\u015bb\u0119 zainteresowanych [&hellip;]<\/p>\n","protected":false},"featured_media":18677,"template":"","meta":{"_seopress_robots_primary_cat":"","_seopress_titles_title":"","_seopress_titles_desc":"","_seopress_robots_index":"","site-sidebar-layout":"default","site-content-layout":"","ast-site-content-layout":"default","site-content-style":"default","site-sidebar-style":"default","ast-global-header-display":"","ast-banner-title-visibility":"","ast-main-header-display":"","ast-hfb-above-header-display":"","ast-hfb-below-header-display":"","ast-hfb-mobile-header-display":"","site-post-title":"","ast-breadcrumbs-content":"","ast-featured-img":"","footer-sml-layout":"","ast-disable-related-posts":"","theme-transparent-header-meta":"default","adv-header-id-meta":"","stick-header-meta":"default","header-above-stick-meta":"","header-main-stick-meta":"","header-below-stick-meta":"","astra-migrate-meta-layouts":"set","ast-page-background-enabled":"default","ast-page-background-meta":{"desktop":{"background-color":"var(--ast-global-color-4)","background-image":"","background-repeat":"repeat","background-position":"center center","background-size":"auto","background-attachment":"scroll","background-type":"","background-media":"","overlay-type":"","overlay-color":"","overlay-opacity":"","overlay-gradient":""},"tablet":{"background-color":"","background-image":"","background-repeat":"repeat","background-position":"center center","background-size":"auto","background-attachment":"scroll","background-type":"","background-media":"","overlay-type":"","overlay-color":"","overlay-opacity":"","overlay-gradient":""},"mobile":{"background-color":"","background-image":"","background-repeat":"repeat","background-position":"center center","background-size":"auto","background-attachment":"scroll","background-type":"","background-media":"","overlay-type":"","overlay-color":"","overlay-opacity":"","overlay-gradient":""}},"ast-content-background-meta":{"desktop":{"background-color":"var(--ast-global-color-5)","background-image":"","background-repeat":"repeat","background-position":"center center","background-size":"auto","background-attachment":"scroll","background-type":"","background-media":"","overlay-type":"","overlay-color":"","overlay-opacity":"","overlay-gradient":""},"tablet":{"background-color":"var(--ast-global-color-5)","background-image":"","background-repeat":"repeat","background-position":"center center","background-size":"auto","background-attachment":"scroll","background-type":"","background-media":"","overlay-type":"","overlay-color":"","overlay-opacity":"","overlay-gradient":""},"mobile":{"background-color":"var(--ast-global-color-5)","background-image":"","background-repeat":"repeat","background-position":"center center","background-size":"auto","background-attachment":"scroll","background-type":"","background-media":"","overlay-type":"","overlay-color":"","overlay-opacity":"","overlay-gradient":""}}},"product_brand":[],"product_cat":[58],"product_tag":[],"class_list":{"0":"post-18764","1":"product","2":"type-product","3":"status-publish","4":"has-post-thumbnail","6":"product_cat-zabawki","7":"product_shipping_class-wysylka-19zl","8":"desktop-align-left","9":"tablet-align-left","10":"mobile-align-left","11":"ast-product-gallery-layout-vertical-slider","12":"ast-product-tabs-layout-horizontal","13":"ast-qv-on-image","15":"first","16":"instock","17":"sold-individually","18":"shipping-taxable","19":"purchasable","20":"product-type-simple"},"_links":{"self":[{"href":"https:\/\/antart.com.pl\/en\/wp-json\/wp\/v2\/product\/18764","targetHints":{"allow":["GET"]}}],"collection":[{"href":"https:\/\/antart.com.pl\/en\/wp-json\/wp\/v2\/product"}],"about":[{"href":"https:\/\/antart.com.pl\/en\/wp-json\/wp\/v2\/types\/product"}],"wp:featuredmedia":[{"embeddable":true,"href":"https:\/\/antart.com.pl\/en\/wp-json\/wp\/v2\/media\/18677"}],"wp:attachment":[{"href":"https:\/\/antart.com.pl\/en\/wp-json\/wp\/v2\/media?parent=18764"}],"wp:term":[{"taxonomy":"product_brand","embeddable":true,"href":"https:\/\/antart.com.pl\/en\/wp-json\/wp\/v2\/product_brand?post=18764"},{"taxonomy":"product_cat","embeddable":true,"href":"https:\/\/antart.com.pl\/en\/wp-json\/wp\/v2\/product_cat?post=18764"},{"taxonomy":"product_tag","embeddable":true,"href":"https:\/\/antart.com.pl\/en\/wp-json\/wp\/v2\/product_tag?post=18764"}],"curies":[{"name":"wp","href":"https:\/\/api.w.org\/{rel}","templated":true}]}}