{"id":19214,"date":"2024-09-07T14:04:01","date_gmt":"2024-09-07T12:04:01","guid":{"rendered":"https:\/\/antart.com.pl\/produkt\/fotel-krzeslo-desing-60-70-te-lata\/"},"modified":"2026-04-01T20:15:02","modified_gmt":"2026-04-01T18:15:02","slug":"armchair-chair-design-60-70s","status":"publish","type":"product","link":"https:\/\/antart.com.pl\/en\/produkt\/fotel-krzeslo-desing-60-70-te-lata\/","title":{"rendered":"Armchair, chair Desing 60s\/70s"},"content":{"rendered":"<section class=\"section\">\n<div class=\"item item-6\">\n<section class=\"text-item\">\n<p><b>Armchair from the 1960s\/70s<\/b><\/p>\n<p><b>Dimensions:<\/b><\/p>\n<ul>\n<li><b>height 78 cm<\/b><\/li>\n<li><b>width 58.5 cm<\/b><\/li>\n<li><b>depth 50 cm<\/b><\/li>\n<li><b>height to seat 46 cm<\/b><\/li>\n<li><b>seat width 47 cm<\/b><\/li>\n<li><b>seat depth 43 cm<\/b><\/li>\n<\/ul>\n<p><b>I have 4 of these armchairs the price is given for 1 piece<\/b><\/p>\n<p><b>Condition as shown in pictures<\/b><\/p>\n<p><b>The photos show the actual state of the object<\/b><\/p>\n<p><b>Additional photos upon request<\/b><\/p>\n<p><b>All our items on display are available in our warehouse.<\/b><\/p>\n<p><b>Can be viewed by appointment.<\/b><\/p>\n<p><b>Order no. 3363<\/b><\/p>\n<\/section><\/div>\n<div class=\"item item-6\">\n<section class=\"image-item\"><img decoding=\"async\" src=\"https:\/\/upload.cdn.baselinker.com\/products\/5016907\/bf14e41ebce367975424a3067d31f350.jpg\" \/><\/section>\n<\/p><\/div>\n<\/section>\n<section class=\"section\">\n<div class=\"item item-6\">\n<section class=\"image-item\"><img decoding=\"async\" src=\"https:\/\/upload.cdn.baselinker.com\/products\/5016907\/4bda275576911f306551be26ceea9d25.jpg\" \/><\/section>\n<\/p><\/div>\n<div class=\"item item-6\">\n<section class=\"image-item\"><img decoding=\"async\" src=\"https:\/\/upload.cdn.baselinker.com\/products\/5016907\/fe477f830fb5a2c6d039550c1979dd8a.jpg\" \/><\/section>\n<\/p><\/div>\n<\/section>\n<section class=\"section\">\n<div class=\"item item-6\">\n<section class=\"image-item\"><img decoding=\"async\" src=\"https:\/\/upload.cdn.baselinker.com\/products\/5016907\/1dca8a2a99417c0540df200dc74bcee3.jpg\" \/><\/section>\n<\/p><\/div>\n<div class=\"item item-6\">\n<section class=\"image-item\"><img decoding=\"async\" src=\"https:\/\/upload.cdn.baselinker.com\/products\/5016907\/d8dbac50addca7e330bdfb9813a4120e.jpg\" \/><\/section>\n<\/p><\/div>\n<\/section>","protected":false},"excerpt":{"rendered":"<p>Fotel z lat 60\/70-tych Wymiary: wysoko\u015b\u0107 78 cm szeroko\u015b\u0107 58,5 cm g\u0142\u0119boko\u015b\u0107 50 cm wysoko\u015b\u0107 do siedziska 46 cm szeroko\u015b\u0107 siedziska 47 cm g\u0142\u0119boko\u015b\u0107 siedziska 43 cm Posiadam 4 takie fotele podana cena za 1 sztuk\u0119 Stan jak na zdj\u0119ciach Zdj\u0119cia przedstawiaj\u0105 stan faktyczny przedmiotu Dodatkowe zdj\u0119cia na pro\u015bb\u0119 zainteresowanych Wszystkie nasze przedmioty wystawione s\u0105 [&hellip;]<\/p>\n","protected":false},"featured_media":19209,"template":"","meta":{"_seopress_robots_primary_cat":"","_seopress_titles_title":"","_seopress_titles_desc":"","_seopress_robots_index":"","site-sidebar-layout":"default","site-content-layout":"","ast-site-content-layout":"default","site-content-style":"default","site-sidebar-style":"default","ast-global-header-display":"","ast-banner-title-visibility":"","ast-main-header-display":"","ast-hfb-above-header-display":"","ast-hfb-below-header-display":"","ast-hfb-mobile-header-display":"","site-post-title":"","ast-breadcrumbs-content":"","ast-featured-img":"","footer-sml-layout":"","ast-disable-related-posts":"","theme-transparent-header-meta":"","adv-header-id-meta":"","stick-header-meta":"","header-above-stick-meta":"","header-main-stick-meta":"","header-below-stick-meta":"","astra-migrate-meta-layouts":"default","ast-page-background-enabled":"default","ast-page-background-meta":{"desktop":{"background-color":"var(--ast-global-color-4)","background-image":"","background-repeat":"repeat","background-position":"center center","background-size":"auto","background-attachment":"scroll","background-type":"","background-media":"","overlay-type":"","overlay-color":"","overlay-opacity":"","overlay-gradient":""},"tablet":{"background-color":"","background-image":"","background-repeat":"repeat","background-position":"center center","background-size":"auto","background-attachment":"scroll","background-type":"","background-media":"","overlay-type":"","overlay-color":"","overlay-opacity":"","overlay-gradient":""},"mobile":{"background-color":"","background-image":"","background-repeat":"repeat","background-position":"center center","background-size":"auto","background-attachment":"scroll","background-type":"","background-media":"","overlay-type":"","overlay-color":"","overlay-opacity":"","overlay-gradient":""}},"ast-content-background-meta":{"desktop":{"background-color":"var(--ast-global-color-5)","background-image":"","background-repeat":"repeat","background-position":"center center","background-size":"auto","background-attachment":"scroll","background-type":"","background-media":"","overlay-type":"","overlay-color":"","overlay-opacity":"","overlay-gradient":""},"tablet":{"background-color":"var(--ast-global-color-5)","background-image":"","background-repeat":"repeat","background-position":"center center","background-size":"auto","background-attachment":"scroll","background-type":"","background-media":"","overlay-type":"","overlay-color":"","overlay-opacity":"","overlay-gradient":""},"mobile":{"background-color":"var(--ast-global-color-5)","background-image":"","background-repeat":"repeat","background-position":"center center","background-size":"auto","background-attachment":"scroll","background-type":"","background-media":"","overlay-type":"","overlay-color":"","overlay-opacity":"","overlay-gradient":""}}},"product_brand":[],"product_cat":[39,32],"product_tag":[],"class_list":{"0":"post-19214","1":"product","2":"type-product","3":"status-publish","4":"has-post-thumbnail","6":"product_cat-fotele-puf","7":"product_cat-meble","8":"desktop-align-left","9":"tablet-align-left","10":"mobile-align-left","11":"ast-product-gallery-layout-vertical-slider","12":"ast-product-tabs-layout-horizontal","13":"ast-qv-on-image","15":"first","16":"instock","17":"sale","18":"shipping-taxable","19":"purchasable","20":"product-type-simple"},"_links":{"self":[{"href":"https:\/\/antart.com.pl\/en\/wp-json\/wp\/v2\/product\/19214","targetHints":{"allow":["GET"]}}],"collection":[{"href":"https:\/\/antart.com.pl\/en\/wp-json\/wp\/v2\/product"}],"about":[{"href":"https:\/\/antart.com.pl\/en\/wp-json\/wp\/v2\/types\/product"}],"wp:featuredmedia":[{"embeddable":true,"href":"https:\/\/antart.com.pl\/en\/wp-json\/wp\/v2\/media\/19209"}],"wp:attachment":[{"href":"https:\/\/antart.com.pl\/en\/wp-json\/wp\/v2\/media?parent=19214"}],"wp:term":[{"taxonomy":"product_brand","embeddable":true,"href":"https:\/\/antart.com.pl\/en\/wp-json\/wp\/v2\/product_brand?post=19214"},{"taxonomy":"product_cat","embeddable":true,"href":"https:\/\/antart.com.pl\/en\/wp-json\/wp\/v2\/product_cat?post=19214"},{"taxonomy":"product_tag","embeddable":true,"href":"https:\/\/antart.com.pl\/en\/wp-json\/wp\/v2\/product_tag?post=19214"}],"curies":[{"name":"wp","href":"https:\/\/api.w.org\/{rel}","templated":true}]}}