{"id":19560,"date":"2024-09-07T14:36:27","date_gmt":"2024-09-07T12:36:27","guid":{"rendered":"https:\/\/antart.com.pl\/produkt\/zwis-lampa-zyrandol-stylowy-tiffany-4\/"},"modified":"2026-04-01T20:10:08","modified_gmt":"2026-04-01T18:10:08","slug":"pendant-lamp-stylish-tiffany-4","status":"publish","type":"product","link":"https:\/\/antart.com.pl\/en\/produkt\/zwis-lampa-zyrandol-stylowy-tiffany-4\/","title":{"rendered":"Overhang lamp Tiffany style chandelier"},"content":{"rendered":"<section class=\"section\">\n<div class=\"item item-6\">\n<section class=\"text-item\">\n<h1>Overhang lamp Tiffany style chandelier<\/h1>\n<p>Dating from the mid-1960s<\/p>\n<p>Dimensions:<\/p>\n<ul>\n<li>diameter: 49.5 cm<\/li>\n<li>height: 29 cm<\/li>\n<li>cable length: 45 cm<\/li>\n<\/ul>\n<p><b>The photos show the actual state of the object<\/b><\/p>\n<p><b>Additional photos upon request<\/b><\/p>\n<p><b>All our items on display are available in our warehouse.<\/b><\/p>\n<p><b>Can be viewed by appointment.<\/b><\/p>\n<p><b>Order no. 3305<\/b><\/p>\n<\/section><\/div>\n<div class=\"item item-6\">\n<section class=\"image-item\"><img decoding=\"async\" src=\"https:\/\/upload.cdn.baselinker.com\/products\/5016907\/1567abc9a3d2c97450da6fb0cd6ebdc1.jpg\" \/><\/section>\n<\/p><\/div>\n<\/section>\n<section class=\"section\">\n<div class=\"item item-6\">\n<section class=\"image-item\"><img decoding=\"async\" src=\"https:\/\/upload.cdn.baselinker.com\/products\/5016907\/ee0bcf096f3b6c8c7949db980b155425.jpg\" \/><\/section>\n<\/p><\/div>\n<div class=\"item item-6\">\n<section class=\"image-item\"><img decoding=\"async\" src=\"https:\/\/upload.cdn.baselinker.com\/products\/5016907\/8d3ca7f31eba581347cec53fbd247513.jpg\" \/><\/section>\n<\/p><\/div>\n<\/section>\n<section class=\"section\">\n<div class=\"item item-6\">\n<section class=\"image-item\"><img decoding=\"async\" src=\"https:\/\/upload.cdn.baselinker.com\/products\/5016907\/99c054f1bc93b2f8d8c83bf4569a4d72.jpg\" \/><\/section>\n<\/p><\/div>\n<div class=\"item item-6\">\n<section class=\"image-item\"><img decoding=\"async\" src=\"https:\/\/upload.cdn.baselinker.com\/products\/5016907\/81512c2ed5c00e156cf1f8443351fef6.jpg\" \/><\/section>\n<\/p><\/div>\n<\/section>\n<section class=\"section\">\n<div class=\"item item-12\">\n<section class=\"image-item\"><img decoding=\"async\" src=\"https:\/\/upload.cdn.baselinker.com\/products\/5016907\/98a3e6612495931bf2ebff31a83cffc8.jpg\" \/><\/section>\n<\/p><\/div>\n<\/section>","protected":false},"excerpt":{"rendered":"<p>Zwis lampa \u017byrandol &nbsp;stylowy Tiffany Datowana na po\u0142ow\u0119 lat 60-te Wymiary: \u015brednica: 49,5 cm wysoko\u015b\u0107: 29 cm d\u0142ugo\u015b\u0107 przewodu: 45 cm Zdj\u0119cia przedstawiaj\u0105 stan faktyczny przedmiotu Dodatkowe zdj\u0119cia na pro\u015bb\u0119 zainteresowanych Wszystkie nasze przedmioty wystawione s\u0105 dost\u0119pne w naszym magazynie. Mo\u017cna obejrze\u0107 po wcze\u015bniejszym um\u00f3wieniu si\u0119. Art. nr. 3305<\/p>","protected":false},"featured_media":19548,"template":"","meta":{"_seopress_robots_primary_cat":"","_seopress_titles_title":"","_seopress_titles_desc":"","_seopress_robots_index":"","site-sidebar-layout":"default","site-content-layout":"","ast-site-content-layout":"default","site-content-style":"default","site-sidebar-style":"default","ast-global-header-display":"","ast-banner-title-visibility":"","ast-main-header-display":"","ast-hfb-above-header-display":"","ast-hfb-below-header-display":"","ast-hfb-mobile-header-display":"","site-post-title":"","ast-breadcrumbs-content":"","ast-featured-img":"","footer-sml-layout":"","ast-disable-related-posts":"","theme-transparent-header-meta":"","adv-header-id-meta":"","stick-header-meta":"","header-above-stick-meta":"","header-main-stick-meta":"","header-below-stick-meta":"","astra-migrate-meta-layouts":"default","ast-page-background-enabled":"default","ast-page-background-meta":{"desktop":{"background-color":"var(--ast-global-color-4)","background-image":"","background-repeat":"repeat","background-position":"center center","background-size":"auto","background-attachment":"scroll","background-type":"","background-media":"","overlay-type":"","overlay-color":"","overlay-opacity":"","overlay-gradient":""},"tablet":{"background-color":"","background-image":"","background-repeat":"repeat","background-position":"center center","background-size":"auto","background-attachment":"scroll","background-type":"","background-media":"","overlay-type":"","overlay-color":"","overlay-opacity":"","overlay-gradient":""},"mobile":{"background-color":"","background-image":"","background-repeat":"repeat","background-position":"center center","background-size":"auto","background-attachment":"scroll","background-type":"","background-media":"","overlay-type":"","overlay-color":"","overlay-opacity":"","overlay-gradient":""}},"ast-content-background-meta":{"desktop":{"background-color":"var(--ast-global-color-5)","background-image":"","background-repeat":"repeat","background-position":"center center","background-size":"auto","background-attachment":"scroll","background-type":"","background-media":"","overlay-type":"","overlay-color":"","overlay-opacity":"","overlay-gradient":""},"tablet":{"background-color":"var(--ast-global-color-5)","background-image":"","background-repeat":"repeat","background-position":"center center","background-size":"auto","background-attachment":"scroll","background-type":"","background-media":"","overlay-type":"","overlay-color":"","overlay-opacity":"","overlay-gradient":""},"mobile":{"background-color":"var(--ast-global-color-5)","background-image":"","background-repeat":"repeat","background-position":"center center","background-size":"auto","background-attachment":"scroll","background-type":"","background-media":"","overlay-type":"","overlay-color":"","overlay-opacity":"","overlay-gradient":""}}},"product_brand":[],"product_cat":[30,325],"product_tag":[],"class_list":{"0":"post-19560","1":"product","2":"type-product","3":"status-publish","4":"has-post-thumbnail","6":"product_cat-oswietlenie","7":"product_cat-zyrandole","8":"desktop-align-left","9":"tablet-align-left","10":"mobile-align-left","11":"ast-product-gallery-layout-vertical-slider","12":"ast-product-tabs-layout-horizontal","13":"ast-qv-on-image","15":"first","16":"instock","17":"sale","18":"shipping-taxable","19":"purchasable","20":"product-type-simple"},"_links":{"self":[{"href":"https:\/\/antart.com.pl\/en\/wp-json\/wp\/v2\/product\/19560","targetHints":{"allow":["GET"]}}],"collection":[{"href":"https:\/\/antart.com.pl\/en\/wp-json\/wp\/v2\/product"}],"about":[{"href":"https:\/\/antart.com.pl\/en\/wp-json\/wp\/v2\/types\/product"}],"wp:featuredmedia":[{"embeddable":true,"href":"https:\/\/antart.com.pl\/en\/wp-json\/wp\/v2\/media\/19548"}],"wp:attachment":[{"href":"https:\/\/antart.com.pl\/en\/wp-json\/wp\/v2\/media?parent=19560"}],"wp:term":[{"taxonomy":"product_brand","embeddable":true,"href":"https:\/\/antart.com.pl\/en\/wp-json\/wp\/v2\/product_brand?post=19560"},{"taxonomy":"product_cat","embeddable":true,"href":"https:\/\/antart.com.pl\/en\/wp-json\/wp\/v2\/product_cat?post=19560"},{"taxonomy":"product_tag","embeddable":true,"href":"https:\/\/antart.com.pl\/en\/wp-json\/wp\/v2\/product_tag?post=19560"}],"curies":[{"name":"wp","href":"https:\/\/api.w.org\/{rel}","templated":true}]}}