{"id":20087,"date":"2024-10-07T09:21:53","date_gmt":"2024-10-07T07:21:53","guid":{"rendered":"https:\/\/antart.com.pl\/?post_type=product&#038;p=20087"},"modified":"2024-10-07T09:21:53","modified_gmt":"2024-10-07T07:21:53","slug":"feeding-chair-solid-wood-teak-rosewood","status":"publish","type":"product","link":"https:\/\/antart.com.pl\/en\/produkt\/krzeslo-do-karmienia-lite-drewno-tek-palisander\/","title":{"rendered":"Feeding chair solid wood teak, rosewood"},"content":{"rendered":"<h1>Feeding chair solid wood teak, rosewood<\/h1>\n<p>Chair made of solid rosewood and teak.<\/p>\n<p><b>Dimensions:<\/b><\/p>\n<ul>\n<li>height: 101cm<\/li>\n<li>width: 50cm<\/li>\n<li>depth: 48 cm<\/li>\n<li>Height to seat 54cm<\/li>\n<li>seat width: 39 cm<\/li>\n<li>seat depth: 36 cm<\/li>\n<\/ul>\n<p><b>The photos show the actual state of the object<\/b><\/p>\n<p><b>Additional photos upon request<\/b><\/p>\n<p><b>All our items on display are available in our warehouse.<\/b><\/p>\n<p><b>Can be viewed by appointment.<\/b><\/p>\n<p><b>Order no. 3479<\/b><\/p>","protected":false},"excerpt":{"rendered":"<p>Krzes\u0142o do karmienia lite drewno tek, palisander Krzes\u0142o wykonane z litego drzewa palisander oraz tek. Wymiary: wysoko\u015b\u0107: 101cm szeroko\u015b\u0107: 50cm g\u0142\u0119boko\u015b\u0107: 48 cm wysoko\u015b\u0107 do siedziska 54cm szeroko\u015b\u0107 siedziska: 39 cm g\u0142\u0119boko\u015b\u0107 siedziska: 36 cm Zdj\u0119cia przedstawiaj\u0105 stan faktyczny przedmiotu Dodatkowe zdj\u0119cia na pro\u015bb\u0119 zainteresowanych Wszystkie nasze przedmioty wystawione s\u0105 dost\u0119pne w naszym magazynie. Mo\u017cna [&hellip;]<\/p>\n","protected":false},"featured_media":20062,"template":"","meta":{"_seopress_robots_primary_cat":"","_seopress_titles_title":"","_seopress_titles_desc":"","_seopress_robots_index":"","site-sidebar-layout":"default","site-content-layout":"","ast-site-content-layout":"default","site-content-style":"default","site-sidebar-style":"default","ast-global-header-display":"","ast-banner-title-visibility":"","ast-main-header-display":"","ast-hfb-above-header-display":"","ast-hfb-below-header-display":"","ast-hfb-mobile-header-display":"","site-post-title":"","ast-breadcrumbs-content":"","ast-featured-img":"","footer-sml-layout":"","ast-disable-related-posts":"","theme-transparent-header-meta":"default","adv-header-id-meta":"","stick-header-meta":"default","header-above-stick-meta":"","header-main-stick-meta":"","header-below-stick-meta":"","astra-migrate-meta-layouts":"set","ast-page-background-enabled":"default","ast-page-background-meta":{"desktop":{"background-color":"var(--ast-global-color-4)","background-image":"","background-repeat":"repeat","background-position":"center center","background-size":"auto","background-attachment":"scroll","background-type":"","background-media":"","overlay-type":"","overlay-color":"","overlay-opacity":"","overlay-gradient":""},"tablet":{"background-color":"","background-image":"","background-repeat":"repeat","background-position":"center center","background-size":"auto","background-attachment":"scroll","background-type":"","background-media":"","overlay-type":"","overlay-color":"","overlay-opacity":"","overlay-gradient":""},"mobile":{"background-color":"","background-image":"","background-repeat":"repeat","background-position":"center center","background-size":"auto","background-attachment":"scroll","background-type":"","background-media":"","overlay-type":"","overlay-color":"","overlay-opacity":"","overlay-gradient":""}},"ast-content-background-meta":{"desktop":{"background-color":"var(--ast-global-color-5)","background-image":"","background-repeat":"repeat","background-position":"center center","background-size":"auto","background-attachment":"scroll","background-type":"","background-media":"","overlay-type":"","overlay-color":"","overlay-opacity":"","overlay-gradient":""},"tablet":{"background-color":"var(--ast-global-color-5)","background-image":"","background-repeat":"repeat","background-position":"center center","background-size":"auto","background-attachment":"scroll","background-type":"","background-media":"","overlay-type":"","overlay-color":"","overlay-opacity":"","overlay-gradient":""},"mobile":{"background-color":"var(--ast-global-color-5)","background-image":"","background-repeat":"repeat","background-position":"center center","background-size":"auto","background-attachment":"scroll","background-type":"","background-media":"","overlay-type":"","overlay-color":"","overlay-opacity":"","overlay-gradient":""}}},"product_brand":[],"product_cat":[36,32],"product_tag":[],"class_list":{"0":"post-20087","1":"product","2":"type-product","3":"status-publish","4":"has-post-thumbnail","6":"product_cat-krzesla-taborety","7":"product_cat-meble","8":"product_shipping_class-wysylka-60zl","9":"desktop-align-left","10":"tablet-align-left","11":"mobile-align-left","12":"ast-product-gallery-layout-vertical-slider","13":"ast-product-tabs-layout-horizontal","14":"ast-qv-on-image","16":"first","17":"instock","18":"sold-individually","19":"shipping-taxable","20":"purchasable","21":"product-type-simple"},"_links":{"self":[{"href":"https:\/\/antart.com.pl\/en\/wp-json\/wp\/v2\/product\/20087","targetHints":{"allow":["GET"]}}],"collection":[{"href":"https:\/\/antart.com.pl\/en\/wp-json\/wp\/v2\/product"}],"about":[{"href":"https:\/\/antart.com.pl\/en\/wp-json\/wp\/v2\/types\/product"}],"wp:featuredmedia":[{"embeddable":true,"href":"https:\/\/antart.com.pl\/en\/wp-json\/wp\/v2\/media\/20062"}],"wp:attachment":[{"href":"https:\/\/antart.com.pl\/en\/wp-json\/wp\/v2\/media?parent=20087"}],"wp:term":[{"taxonomy":"product_brand","embeddable":true,"href":"https:\/\/antart.com.pl\/en\/wp-json\/wp\/v2\/product_brand?post=20087"},{"taxonomy":"product_cat","embeddable":true,"href":"https:\/\/antart.com.pl\/en\/wp-json\/wp\/v2\/product_cat?post=20087"},{"taxonomy":"product_tag","embeddable":true,"href":"https:\/\/antart.com.pl\/en\/wp-json\/wp\/v2\/product_tag?post=20087"}],"curies":[{"name":"wp","href":"https:\/\/api.w.org\/{rel}","templated":true}]}}