{"id":20635,"date":"2024-10-19T10:43:19","date_gmt":"2024-10-19T08:43:19","guid":{"rendered":"https:\/\/antart.com.pl\/?post_type=product&#038;p=20635"},"modified":"2024-11-11T12:27:39","modified_gmt":"2024-11-11T11:27:39","slug":"rosenthal-moon-white-creamer","status":"publish","type":"product","link":"https:\/\/antart.com.pl\/en\/produkt\/mlecznik-bialy-rosenthal-moon\/","title":{"rendered":"Rosenthal Moon white creamer"},"content":{"rendered":"<h4 style=\"text-align: center;\"><em><strong>Rosenthal Moon white creamer<\/strong><\/em><\/h4>\n<p>&nbsp;<\/p>\n<h4 style=\"text-align: center;\"><em><strong>Creamer in high-quality porcelain from the respected Rosenthal Manufacture from the Moon Jasper Morrison series. <\/strong><\/em><\/h4>\n<h4 style=\"text-align: center;\"><em><strong>Moon is a collection designed by British designer Jasper Morrison that reflects the aesthetic of the late 1990s.<\/strong><\/em><\/h4>\n<h4><\/h4>\n<h4><em><strong> Capacity : 0.27l<\/strong><\/em><\/h4>\n<p>&nbsp;<\/p>\n<h4><em><strong>Dimensions <\/strong><\/em><\/h4>\n<ul>\n<li>\n<h4><em><strong>Diameter: 6.5cm <\/strong><\/em><\/h4>\n<\/li>\n<li>\n<h4><em><strong>Height 9cm <\/strong><\/em><\/h4>\n<\/li>\n<\/ul>\n<h4><em><strong>No. 4175<\/strong><\/em><\/h4>","protected":false},"excerpt":{"rendered":"<p>Mlecznik bia\u0142y Rosenthal Moon &nbsp; Mlecznik z wysokiej klasy porcelany szanowanej Manufaktury Rosenthal z serii Moon Jasper Morrison. Moon to kolekcja zaprojektowana przez brytyjskiego designera Jaspera Morrisona, kt\u00f3ra odzwierciedla estetyk\u0119 ko\u0144ca lat 90. XX wieku. Pojemno\u015b\u0107 : 0,27l &nbsp; Wymiary \u015arednica: 6,5cm Wysoko\u015b\u0107 9cm Nr. 4175<\/p>","protected":false},"featured_media":20452,"template":"","meta":{"_seopress_robots_primary_cat":"","_seopress_titles_title":"","_seopress_titles_desc":"","_seopress_robots_index":"","site-sidebar-layout":"default","site-content-layout":"","ast-site-content-layout":"default","site-content-style":"default","site-sidebar-style":"default","ast-global-header-display":"","ast-banner-title-visibility":"","ast-main-header-display":"","ast-hfb-above-header-display":"","ast-hfb-below-header-display":"","ast-hfb-mobile-header-display":"","site-post-title":"","ast-breadcrumbs-content":"","ast-featured-img":"","footer-sml-layout":"","ast-disable-related-posts":"","theme-transparent-header-meta":"default","adv-header-id-meta":"","stick-header-meta":"default","header-above-stick-meta":"","header-main-stick-meta":"","header-below-stick-meta":"","astra-migrate-meta-layouts":"set","ast-page-background-enabled":"default","ast-page-background-meta":{"desktop":{"background-color":"var(--ast-global-color-4)","background-image":"","background-repeat":"repeat","background-position":"center center","background-size":"auto","background-attachment":"scroll","background-type":"","background-media":"","overlay-type":"","overlay-color":"","overlay-opacity":"","overlay-gradient":""},"tablet":{"background-color":"","background-image":"","background-repeat":"repeat","background-position":"center center","background-size":"auto","background-attachment":"scroll","background-type":"","background-media":"","overlay-type":"","overlay-color":"","overlay-opacity":"","overlay-gradient":""},"mobile":{"background-color":"","background-image":"","background-repeat":"repeat","background-position":"center center","background-size":"auto","background-attachment":"scroll","background-type":"","background-media":"","overlay-type":"","overlay-color":"","overlay-opacity":"","overlay-gradient":""}},"ast-content-background-meta":{"desktop":{"background-color":"var(--ast-global-color-5)","background-image":"","background-repeat":"repeat","background-position":"center center","background-size":"auto","background-attachment":"scroll","background-type":"","background-media":"","overlay-type":"","overlay-color":"","overlay-opacity":"","overlay-gradient":""},"tablet":{"background-color":"var(--ast-global-color-5)","background-image":"","background-repeat":"repeat","background-position":"center center","background-size":"auto","background-attachment":"scroll","background-type":"","background-media":"","overlay-type":"","overlay-color":"","overlay-opacity":"","overlay-gradient":""},"mobile":{"background-color":"var(--ast-global-color-5)","background-image":"","background-repeat":"repeat","background-position":"center center","background-size":"auto","background-attachment":"scroll","background-type":"","background-media":"","overlay-type":"","overlay-color":"","overlay-opacity":"","overlay-gradient":""}}},"product_brand":[],"product_cat":[25,68,24,74],"product_tag":[],"class_list":{"0":"post-20635","1":"product","2":"type-product","3":"status-publish","4":"has-post-thumbnail","6":"product_cat-czesci-serwisow","7":"product_cat-dzbanki-mleczniki-cukiernice","8":"product_cat-kuchnia","9":"product_cat-mleczniki","10":"product_shipping_class-wysylka-19zl","11":"desktop-align-left","12":"tablet-align-left","13":"mobile-align-left","14":"ast-product-gallery-layout-vertical-slider","15":"ast-product-tabs-layout-horizontal","16":"ast-qv-on-image","18":"first","19":"instock","20":"sold-individually","21":"shipping-taxable","22":"purchasable","23":"product-type-simple"},"_links":{"self":[{"href":"https:\/\/antart.com.pl\/en\/wp-json\/wp\/v2\/product\/20635","targetHints":{"allow":["GET"]}}],"collection":[{"href":"https:\/\/antart.com.pl\/en\/wp-json\/wp\/v2\/product"}],"about":[{"href":"https:\/\/antart.com.pl\/en\/wp-json\/wp\/v2\/types\/product"}],"wp:featuredmedia":[{"embeddable":true,"href":"https:\/\/antart.com.pl\/en\/wp-json\/wp\/v2\/media\/20452"}],"wp:attachment":[{"href":"https:\/\/antart.com.pl\/en\/wp-json\/wp\/v2\/media?parent=20635"}],"wp:term":[{"taxonomy":"product_brand","embeddable":true,"href":"https:\/\/antart.com.pl\/en\/wp-json\/wp\/v2\/product_brand?post=20635"},{"taxonomy":"product_cat","embeddable":true,"href":"https:\/\/antart.com.pl\/en\/wp-json\/wp\/v2\/product_cat?post=20635"},{"taxonomy":"product_tag","embeddable":true,"href":"https:\/\/antart.com.pl\/en\/wp-json\/wp\/v2\/product_tag?post=20635"}],"curies":[{"name":"wp","href":"https:\/\/api.w.org\/{rel}","templated":true}]}}