{"id":20976,"date":"2024-11-16T13:37:42","date_gmt":"2024-11-16T12:37:42","guid":{"rendered":"https:\/\/antart.com.pl\/?post_type=product&#038;p=20976"},"modified":"2024-11-16T13:37:42","modified_gmt":"2024-11-16T12:37:42","slug":"acrylic-painting-70s-80s","status":"publish","type":"product","link":"https:\/\/antart.com.pl\/en\/produkt\/obraz-akrylowy-lata-70-80-te\/","title":{"rendered":"Acrylic painting 1970s\/80s"},"content":{"rendered":"<h4 style=\"text-align: center;\"><strong><em>Oil painting in a gilded wooden frame.<\/em><\/strong><br \/>\n<strong><em>Dated 78\/80s.<\/em><\/strong><\/h4>\n<p>&nbsp;<\/p>\n<p><strong><em>Dimensions<\/em><\/strong><\/p>\n<p><strong><em>Frame:<\/em><\/strong><\/p>\n<ul>\n<li><strong><em>Length: 40cm<\/em><\/strong><\/li>\n<li><strong><em>Width: 36cm<\/em><\/strong><\/li>\n<li><strong><em>Depth: 3.5cm<\/em><\/strong><\/li>\n<\/ul>\n<p><strong><em>Image:<\/em><\/strong><\/p>\n<ul>\n<li><strong><em>Length: 30cm<\/em><\/strong><\/li>\n<li><strong><em>Width: 27.5cm<\/em><\/strong><\/li>\n<\/ul>\n<h4 style=\"text-align: center;\">\n<strong><em>The photos show the actual state of the object<\/em><\/strong><\/h4>\n<h4 style=\"text-align: center;\"><strong><em>Additional photos upon request<\/em><\/strong><\/h4>\n<h4 style=\"text-align: center;\"><strong><em>All our items on display are available in our warehouse.<\/em><\/strong><\/h4>\n<h4 style=\"text-align: center;\"><strong><em>Can be viewed by appointment.<\/em><\/strong><br \/>\n<strong><em>No. 4191<\/em><\/strong><\/h4>","protected":false},"excerpt":{"rendered":"<p>Obraz olejny w ramce drewnianej z\u0142oconej. Datowany na lata 78\/80-te. &nbsp; Wymiary Rama: D\u0142ugo\u015b\u0107: 40cm Szeroko\u015b\u0107: 36cm G\u0142\u0119boko\u015b\u0107: 3,5cm Obraz: D\u0142ugo\u015b\u0107: 30cm Szeroko\u015b\u0107: 27,5cm Zdj\u0119cia przedstawiaj\u0105 stan faktyczny przedmiotu Dodatkowe zdj\u0119cia na pro\u015bb\u0119 zainteresowanych Wszystkie nasze przedmioty wystawione s\u0105 dost\u0119pne w naszym magazynie. Mo\u017cna obejrze\u0107 po wcze\u015bniejszym um\u00f3wieniu si\u0119. Nr. 4191<\/p>","protected":false},"featured_media":20665,"template":"","meta":{"_seopress_robots_primary_cat":"","_seopress_titles_title":"","_seopress_titles_desc":"","_seopress_robots_index":"","site-sidebar-layout":"default","site-content-layout":"","ast-site-content-layout":"default","site-content-style":"default","site-sidebar-style":"default","ast-global-header-display":"","ast-banner-title-visibility":"","ast-main-header-display":"","ast-hfb-above-header-display":"","ast-hfb-below-header-display":"","ast-hfb-mobile-header-display":"","site-post-title":"","ast-breadcrumbs-content":"","ast-featured-img":"","footer-sml-layout":"","ast-disable-related-posts":"","theme-transparent-header-meta":"default","adv-header-id-meta":"","stick-header-meta":"default","header-above-stick-meta":"","header-main-stick-meta":"","header-below-stick-meta":"","astra-migrate-meta-layouts":"set","ast-page-background-enabled":"default","ast-page-background-meta":{"desktop":{"background-color":"var(--ast-global-color-4)","background-image":"","background-repeat":"repeat","background-position":"center center","background-size":"auto","background-attachment":"scroll","background-type":"","background-media":"","overlay-type":"","overlay-color":"","overlay-opacity":"","overlay-gradient":""},"tablet":{"background-color":"","background-image":"","background-repeat":"repeat","background-position":"center center","background-size":"auto","background-attachment":"scroll","background-type":"","background-media":"","overlay-type":"","overlay-color":"","overlay-opacity":"","overlay-gradient":""},"mobile":{"background-color":"","background-image":"","background-repeat":"repeat","background-position":"center center","background-size":"auto","background-attachment":"scroll","background-type":"","background-media":"","overlay-type":"","overlay-color":"","overlay-opacity":"","overlay-gradient":""}},"ast-content-background-meta":{"desktop":{"background-color":"var(--ast-global-color-5)","background-image":"","background-repeat":"repeat","background-position":"center center","background-size":"auto","background-attachment":"scroll","background-type":"","background-media":"","overlay-type":"","overlay-color":"","overlay-opacity":"","overlay-gradient":""},"tablet":{"background-color":"var(--ast-global-color-5)","background-image":"","background-repeat":"repeat","background-position":"center center","background-size":"auto","background-attachment":"scroll","background-type":"","background-media":"","overlay-type":"","overlay-color":"","overlay-opacity":"","overlay-gradient":""},"mobile":{"background-color":"var(--ast-global-color-5)","background-image":"","background-repeat":"repeat","background-position":"center center","background-size":"auto","background-attachment":"scroll","background-type":"","background-media":"","overlay-type":"","overlay-color":"","overlay-opacity":"","overlay-gradient":""}}},"product_brand":[],"product_cat":[96,97],"product_tag":[],"class_list":{"0":"post-20976","1":"product","2":"type-product","3":"status-publish","4":"has-post-thumbnail","6":"product_cat-malarstwo","7":"product_cat-obrazy","8":"product_shipping_class-wysylka-19zl","9":"desktop-align-left","10":"tablet-align-left","11":"mobile-align-left","12":"ast-product-gallery-layout-vertical-slider","13":"ast-product-tabs-layout-horizontal","14":"ast-qv-on-image","16":"first","17":"instock","18":"sold-individually","19":"shipping-taxable","20":"purchasable","21":"product-type-simple"},"_links":{"self":[{"href":"https:\/\/antart.com.pl\/en\/wp-json\/wp\/v2\/product\/20976","targetHints":{"allow":["GET"]}}],"collection":[{"href":"https:\/\/antart.com.pl\/en\/wp-json\/wp\/v2\/product"}],"about":[{"href":"https:\/\/antart.com.pl\/en\/wp-json\/wp\/v2\/types\/product"}],"wp:featuredmedia":[{"embeddable":true,"href":"https:\/\/antart.com.pl\/en\/wp-json\/wp\/v2\/media\/20665"}],"wp:attachment":[{"href":"https:\/\/antart.com.pl\/en\/wp-json\/wp\/v2\/media?parent=20976"}],"wp:term":[{"taxonomy":"product_brand","embeddable":true,"href":"https:\/\/antart.com.pl\/en\/wp-json\/wp\/v2\/product_brand?post=20976"},{"taxonomy":"product_cat","embeddable":true,"href":"https:\/\/antart.com.pl\/en\/wp-json\/wp\/v2\/product_cat?post=20976"},{"taxonomy":"product_tag","embeddable":true,"href":"https:\/\/antart.com.pl\/en\/wp-json\/wp\/v2\/product_tag?post=20976"}],"curies":[{"name":"wp","href":"https:\/\/api.w.org\/{rel}","templated":true}]}}