{"id":21376,"date":"2024-12-11T12:51:25","date_gmt":"2024-12-11T11:51:25","guid":{"rendered":"https:\/\/antart.com.pl\/?post_type=product&#038;p=21376"},"modified":"2024-12-11T12:51:25","modified_gmt":"2024-12-11T11:51:25","slug":"bronze-vase-oralit-model-diana-from-the-1930s-40s","status":"publish","type":"product","link":"https:\/\/antart.com.pl\/en\/produkt\/wazon-brazowy-oralit-model-diana-z-lat-30-40-stych\/","title":{"rendered":"Bronze Oralit vase model Diana from the 1930s\/40s"},"content":{"rendered":"<h4 style=\"text-align: center;\"><strong><em>Bronze oralit model Diana vase from the 1930s\/40s.<\/em><\/strong><\/h4>\n<h4 style=\"text-align: center;\"><strong><em>A rare vase made of glass called Oralit, oralit.<\/em><\/strong><br \/>\n<strong><em>The vase comes from the German glassworks Ottendorf -Okrilla from 1932.<\/em><\/strong><br \/>\n<strong><em>Glass in sepia tone.<\/em><\/strong><\/h4>\n<h4 style=\"text-align: center;\"><strong><em>Diana model<\/em><\/strong><br \/>\n<strong><em>Catalogue number 31460<\/em><\/strong><\/h4>\n<p>&nbsp;<\/p>\n<p><strong><em>Dimensions<\/em><\/strong><\/p>\n<ul>\n<li><strong><em>Top diameter: 16cm<\/em><\/strong><\/li>\n<li><strong><em>Base diameter: 12cm<\/em><\/strong><\/li>\n<li><strong><em>Height: 26.5cm<\/em><\/strong><\/li>\n<\/ul>\n<h4 style=\"text-align: center;\">\n<strong><em>The photos show the actual state of the object<\/em><\/strong><\/h4>\n<h4 style=\"text-align: center;\"><strong><em>Additional photos upon request<\/em><\/strong><\/h4>\n<h4 style=\"text-align: center;\"><strong><em>All our items on display are available in our warehouse.<\/em><\/strong><\/h4>\n<h4 style=\"text-align: center;\"><strong><em>Can be viewed by appointment.<\/em><\/strong><br \/>\n<strong><em>No. 4240<\/em><\/strong><\/h4>","protected":false},"excerpt":{"rendered":"<p>Wazon br\u0105zowy oralit model Diana z lat 30\/40-stych. Wazon rzadko spotykany wykonany ze szk\u0142a zwanego Oralit, oralitowy. Wazon pochodzi z niemieckiej huty szk\u0142a Ottendorf -Okrilla z lat 1932. Szk\u0142o w odcieniu sepia. Model Diana Numer katalogowy 31460 &nbsp; Wymiary \u015arednica g\u00f3rna: 16cm \u015arednica podstawy: 12cm Wysoko\u015b\u0107: 26,5cm Zdj\u0119cia przedstawiaj\u0105 stan faktyczny przedmiotu Dodatkowe zdj\u0119cia na [&hellip;]<\/p>\n","protected":false},"featured_media":21270,"template":"","meta":{"_seopress_robots_primary_cat":"","_seopress_titles_title":"","_seopress_titles_desc":"","_seopress_robots_index":"","site-sidebar-layout":"default","site-content-layout":"","ast-site-content-layout":"default","site-content-style":"default","site-sidebar-style":"default","ast-global-header-display":"","ast-banner-title-visibility":"","ast-main-header-display":"","ast-hfb-above-header-display":"","ast-hfb-below-header-display":"","ast-hfb-mobile-header-display":"","site-post-title":"","ast-breadcrumbs-content":"","ast-featured-img":"","footer-sml-layout":"","ast-disable-related-posts":"","theme-transparent-header-meta":"default","adv-header-id-meta":"","stick-header-meta":"default","header-above-stick-meta":"","header-main-stick-meta":"","header-below-stick-meta":"","astra-migrate-meta-layouts":"set","ast-page-background-enabled":"default","ast-page-background-meta":{"desktop":{"background-color":"var(--ast-global-color-4)","background-image":"","background-repeat":"repeat","background-position":"center center","background-size":"auto","background-attachment":"scroll","background-type":"","background-media":"","overlay-type":"","overlay-color":"","overlay-opacity":"","overlay-gradient":""},"tablet":{"background-color":"","background-image":"","background-repeat":"repeat","background-position":"center center","background-size":"auto","background-attachment":"scroll","background-type":"","background-media":"","overlay-type":"","overlay-color":"","overlay-opacity":"","overlay-gradient":""},"mobile":{"background-color":"","background-image":"","background-repeat":"repeat","background-position":"center center","background-size":"auto","background-attachment":"scroll","background-type":"","background-media":"","overlay-type":"","overlay-color":"","overlay-opacity":"","overlay-gradient":""}},"ast-content-background-meta":{"desktop":{"background-color":"var(--ast-global-color-5)","background-image":"","background-repeat":"repeat","background-position":"center center","background-size":"auto","background-attachment":"scroll","background-type":"","background-media":"","overlay-type":"","overlay-color":"","overlay-opacity":"","overlay-gradient":""},"tablet":{"background-color":"var(--ast-global-color-5)","background-image":"","background-repeat":"repeat","background-position":"center center","background-size":"auto","background-attachment":"scroll","background-type":"","background-media":"","overlay-type":"","overlay-color":"","overlay-opacity":"","overlay-gradient":""},"mobile":{"background-color":"var(--ast-global-color-5)","background-image":"","background-repeat":"repeat","background-position":"center center","background-size":"auto","background-attachment":"scroll","background-type":"","background-media":"","overlay-type":"","overlay-color":"","overlay-opacity":"","overlay-gradient":""}}},"product_brand":[],"product_cat":[27,71],"product_tag":[],"class_list":{"0":"post-21376","1":"product","2":"type-product","3":"status-publish","4":"has-post-thumbnail","6":"product_cat-dekoracyjne","7":"product_cat-wazony","8":"product_shipping_class-wysylka-19zl","9":"desktop-align-left","10":"tablet-align-left","11":"mobile-align-left","12":"ast-product-gallery-layout-vertical-slider","13":"ast-product-tabs-layout-horizontal","14":"ast-qv-on-image","16":"first","17":"instock","18":"sold-individually","19":"shipping-taxable","20":"purchasable","21":"product-type-simple"},"_links":{"self":[{"href":"https:\/\/antart.com.pl\/en\/wp-json\/wp\/v2\/product\/21376","targetHints":{"allow":["GET"]}}],"collection":[{"href":"https:\/\/antart.com.pl\/en\/wp-json\/wp\/v2\/product"}],"about":[{"href":"https:\/\/antart.com.pl\/en\/wp-json\/wp\/v2\/types\/product"}],"wp:featuredmedia":[{"embeddable":true,"href":"https:\/\/antart.com.pl\/en\/wp-json\/wp\/v2\/media\/21270"}],"wp:attachment":[{"href":"https:\/\/antart.com.pl\/en\/wp-json\/wp\/v2\/media?parent=21376"}],"wp:term":[{"taxonomy":"product_brand","embeddable":true,"href":"https:\/\/antart.com.pl\/en\/wp-json\/wp\/v2\/product_brand?post=21376"},{"taxonomy":"product_cat","embeddable":true,"href":"https:\/\/antart.com.pl\/en\/wp-json\/wp\/v2\/product_cat?post=21376"},{"taxonomy":"product_tag","embeddable":true,"href":"https:\/\/antart.com.pl\/en\/wp-json\/wp\/v2\/product_tag?post=21376"}],"curies":[{"name":"wp","href":"https:\/\/api.w.org\/{rel}","templated":true}]}}