{"id":21727,"date":"2025-01-10T14:26:11","date_gmt":"2025-01-10T13:26:11","guid":{"rendered":"https:\/\/antart.com.pl\/?post_type=product&#038;p=21727"},"modified":"2025-01-10T14:26:12","modified_gmt":"2025-01-10T13:26:12","slug":"lily-of-the-valley-cup-royal-albert-january","status":"publish","type":"product","link":"https:\/\/antart.com.pl\/en\/produkt\/filizanka-z-konwaliami-royal-albert-styczen-january\/","title":{"rendered":"Royal Albert Lily of the Valley cup January"},"content":{"rendered":"<h3 style=\"text-align: center;\"><em><strong>Collector's cup with lily of the valley motif in premium porcelain by Royal Albert from the months collection.<\/strong><\/em><br \/>\n<em><strong>The cup represents the month of January.<\/strong><\/em><\/h3>\n<p>&nbsp;<\/p>\n<p><em><strong>Dimensions<\/strong><\/em><\/p>\n<ul>\n<li><em><strong>Top diameter: 9cm<\/strong><\/em><\/li>\n<li><em><strong>Height: 7cm<\/strong><\/em><\/li>\n<li><em><strong>Depth: 6.5cm<\/strong><\/em><\/li>\n<\/ul>\n<p>&nbsp;<\/p>\n<h3><em><strong>Capacity: 100ml<\/strong><\/em><\/h3>\n<p>&nbsp;<\/p>\n<h3 style=\"text-align: center;\"><em><strong>The photos show the actual state of the object<\/strong><\/em><\/h3>\n<h3 style=\"text-align: center;\"><em><strong>Additional photos upon request<\/strong><\/em><\/h3>\n<h3 style=\"text-align: center;\"><em><strong>All our items on display are available in our warehouse.<\/strong><\/em><\/h3>\n<h3 style=\"text-align: center;\"><em><strong>Can be viewed by appointment.<\/strong><\/em><\/h3>\n<h3><em><strong>No.4280<\/strong><\/em><\/h3>","protected":false},"excerpt":{"rendered":"<p>Kolekcjonerska fili\u017canka z motywem konwalii z wysokiej klasy porcelany firmy Royal Albert z kolekcji miesi\u0119cy. Fili\u017canka przedstawia miesi\u0105c stycze\u0144, January. &nbsp; Wymiary \u015arednica g\u00f3rna: 9cm Wysoko\u015b\u0107: 7cm G\u0142\u0119boko\u015b\u0107: 6,5cm &nbsp; Pojemno\u015b\u0107: 100ml &nbsp; Zdj\u0119cia przedstawiaj\u0105 stan faktyczny przedmiotu Dodatkowe zdj\u0119cia na pro\u015bb\u0119 zainteresowanych Wszystkie nasze przedmioty wystawione s\u0105 dost\u0119pne w naszym magazynie. Mo\u017cna obejrze\u0107 po [&hellip;]<\/p>\n","protected":false},"featured_media":21720,"template":"","meta":{"_seopress_robots_primary_cat":"","_seopress_titles_title":"","_seopress_titles_desc":"","_seopress_robots_index":"","site-sidebar-layout":"default","site-content-layout":"","ast-site-content-layout":"default","site-content-style":"default","site-sidebar-style":"default","ast-global-header-display":"","ast-banner-title-visibility":"","ast-main-header-display":"","ast-hfb-above-header-display":"","ast-hfb-below-header-display":"","ast-hfb-mobile-header-display":"","site-post-title":"","ast-breadcrumbs-content":"","ast-featured-img":"","footer-sml-layout":"","ast-disable-related-posts":"","theme-transparent-header-meta":"default","adv-header-id-meta":"","stick-header-meta":"default","header-above-stick-meta":"","header-main-stick-meta":"","header-below-stick-meta":"","astra-migrate-meta-layouts":"set","ast-page-background-enabled":"default","ast-page-background-meta":{"desktop":{"background-color":"var(--ast-global-color-4)","background-image":"","background-repeat":"repeat","background-position":"center center","background-size":"auto","background-attachment":"scroll","background-type":"","background-media":"","overlay-type":"","overlay-color":"","overlay-opacity":"","overlay-gradient":""},"tablet":{"background-color":"","background-image":"","background-repeat":"repeat","background-position":"center center","background-size":"auto","background-attachment":"scroll","background-type":"","background-media":"","overlay-type":"","overlay-color":"","overlay-opacity":"","overlay-gradient":""},"mobile":{"background-color":"","background-image":"","background-repeat":"repeat","background-position":"center center","background-size":"auto","background-attachment":"scroll","background-type":"","background-media":"","overlay-type":"","overlay-color":"","overlay-opacity":"","overlay-gradient":""}},"ast-content-background-meta":{"desktop":{"background-color":"var(--ast-global-color-5)","background-image":"","background-repeat":"repeat","background-position":"center center","background-size":"auto","background-attachment":"scroll","background-type":"","background-media":"","overlay-type":"","overlay-color":"","overlay-opacity":"","overlay-gradient":""},"tablet":{"background-color":"var(--ast-global-color-5)","background-image":"","background-repeat":"repeat","background-position":"center center","background-size":"auto","background-attachment":"scroll","background-type":"","background-media":"","overlay-type":"","overlay-color":"","overlay-opacity":"","overlay-gradient":""},"mobile":{"background-color":"var(--ast-global-color-5)","background-image":"","background-repeat":"repeat","background-position":"center center","background-size":"auto","background-attachment":"scroll","background-type":"","background-media":"","overlay-type":"","overlay-color":"","overlay-opacity":"","overlay-gradient":""}}},"product_brand":[],"product_cat":[51,24],"product_tag":[],"class_list":{"0":"post-21727","1":"product","2":"type-product","3":"status-publish","4":"has-post-thumbnail","6":"product_cat-filizanki-zastawy-sniadaniowe","7":"product_cat-kuchnia","8":"product_shipping_class-wysylka-19zl","9":"desktop-align-left","10":"tablet-align-left","11":"mobile-align-left","12":"ast-product-gallery-layout-vertical-slider","13":"ast-product-tabs-layout-horizontal","14":"ast-qv-on-image","16":"first","17":"instock","18":"shipping-taxable","19":"purchasable","20":"product-type-simple"},"_links":{"self":[{"href":"https:\/\/antart.com.pl\/en\/wp-json\/wp\/v2\/product\/21727","targetHints":{"allow":["GET"]}}],"collection":[{"href":"https:\/\/antart.com.pl\/en\/wp-json\/wp\/v2\/product"}],"about":[{"href":"https:\/\/antart.com.pl\/en\/wp-json\/wp\/v2\/types\/product"}],"wp:featuredmedia":[{"embeddable":true,"href":"https:\/\/antart.com.pl\/en\/wp-json\/wp\/v2\/media\/21720"}],"wp:attachment":[{"href":"https:\/\/antart.com.pl\/en\/wp-json\/wp\/v2\/media?parent=21727"}],"wp:term":[{"taxonomy":"product_brand","embeddable":true,"href":"https:\/\/antart.com.pl\/en\/wp-json\/wp\/v2\/product_brand?post=21727"},{"taxonomy":"product_cat","embeddable":true,"href":"https:\/\/antart.com.pl\/en\/wp-json\/wp\/v2\/product_cat?post=21727"},{"taxonomy":"product_tag","embeddable":true,"href":"https:\/\/antart.com.pl\/en\/wp-json\/wp\/v2\/product_tag?post=21727"}],"curies":[{"name":"wp","href":"https:\/\/api.w.org\/{rel}","templated":true}]}}