{"id":22658,"date":"2025-01-31T09:32:43","date_gmt":"2025-01-31T08:32:43","guid":{"rendered":"https:\/\/antart.com.pl\/?post_type=product&#038;p=22658"},"modified":"2025-01-31T09:32:43","modified_gmt":"2025-01-31T08:32:43","slug":"pot-cover-vase-made-of-ceramics-in-the-1990s","status":"publish","type":"product","link":"https:\/\/antart.com.pl\/en\/produkt\/oslonka-doniczka-wazon-wykonana-z-ceramiki-w-latach-90-tych\/","title":{"rendered":"A casing, flowerpot, vase made of ceramic in the 1990s"},"content":{"rendered":"<h4 style=\"text-align: center;\"><em><strong>A casing, pot, vase made of ceramic in the 1990s.<\/strong><\/em><\/h4>\n<h4 style=\"text-align: center;\"><em><strong>A casing, pot, vase made of ceramic in the 1990s. The casing is handmade and hand-painted in razzle-dazzle and depicting raised flowers.<\/strong><\/em><\/h4>\n<p>&nbsp;<\/p>\n<h4><em><strong>Dimensions<\/strong><\/em><\/h4>\n<ul>\n<li>\n<h4><em><strong>Diameter : 19cm<\/strong><\/em><\/h4>\n<\/li>\n<li>\n<h4><em><strong>Height: 13cm<\/strong><\/em><\/h4>\n<\/li>\n<\/ul>\n<h4 style=\"text-align: center;\"><em><strong>The photos show the actual state of the object<\/strong><\/em><\/h4>\n<h4 style=\"text-align: center;\"><em><strong>Additional photos upon request<\/strong><\/em><\/h4>\n<h4 style=\"text-align: center;\"><em><strong>All our items on display are available in our warehouse.<\/strong><\/em><\/h4>\n<h4 style=\"text-align: center;\"><em><strong>Can be viewed by appointment.<\/strong><\/em><\/h4>\n<h4><em><strong>NO. ART 4324<\/strong><\/em><\/h4>","protected":false},"excerpt":{"rendered":"<p>Os\u0142onka, doniczka, wazon wykonana z ceramiki w latach 90-tych XX wieku. Os\u0142onka, doniczka, wazon wykonana z ceramiki w latach 90-tych XX wieku. Os\u0142ona r\u0119cznie wykonana i malowana w kolorze razowym i przedstawiaj\u0105ca kwiatki uniesione. &nbsp; Wymiary \u015arednica : 19cm Wysoko\u015b\u0107: 13cm Zdj\u0119cia przedstawiaj\u0105 stan faktyczny przedmiotu Dodatkowe zdj\u0119cia na pro\u015bb\u0119 zainteresowanych Wszystkie nasze przedmioty wystawione [&hellip;]<\/p>\n","protected":false},"featured_media":22642,"template":"","meta":{"_seopress_robots_primary_cat":"","_seopress_titles_title":"","_seopress_titles_desc":"","_seopress_robots_index":"","site-sidebar-layout":"default","site-content-layout":"","ast-site-content-layout":"default","site-content-style":"default","site-sidebar-style":"default","ast-global-header-display":"","ast-banner-title-visibility":"","ast-main-header-display":"","ast-hfb-above-header-display":"","ast-hfb-below-header-display":"","ast-hfb-mobile-header-display":"","site-post-title":"","ast-breadcrumbs-content":"","ast-featured-img":"","footer-sml-layout":"","ast-disable-related-posts":"","theme-transparent-header-meta":"default","adv-header-id-meta":"","stick-header-meta":"default","header-above-stick-meta":"","header-main-stick-meta":"","header-below-stick-meta":"","astra-migrate-meta-layouts":"set","ast-page-background-enabled":"default","ast-page-background-meta":{"desktop":{"background-color":"var(--ast-global-color-4)","background-image":"","background-repeat":"repeat","background-position":"center center","background-size":"auto","background-attachment":"scroll","background-type":"","background-media":"","overlay-type":"","overlay-color":"","overlay-opacity":"","overlay-gradient":""},"tablet":{"background-color":"","background-image":"","background-repeat":"repeat","background-position":"center center","background-size":"auto","background-attachment":"scroll","background-type":"","background-media":"","overlay-type":"","overlay-color":"","overlay-opacity":"","overlay-gradient":""},"mobile":{"background-color":"","background-image":"","background-repeat":"repeat","background-position":"center center","background-size":"auto","background-attachment":"scroll","background-type":"","background-media":"","overlay-type":"","overlay-color":"","overlay-opacity":"","overlay-gradient":""}},"ast-content-background-meta":{"desktop":{"background-color":"var(--ast-global-color-5)","background-image":"","background-repeat":"repeat","background-position":"center center","background-size":"auto","background-attachment":"scroll","background-type":"","background-media":"","overlay-type":"","overlay-color":"","overlay-opacity":"","overlay-gradient":""},"tablet":{"background-color":"var(--ast-global-color-5)","background-image":"","background-repeat":"repeat","background-position":"center center","background-size":"auto","background-attachment":"scroll","background-type":"","background-media":"","overlay-type":"","overlay-color":"","overlay-opacity":"","overlay-gradient":""},"mobile":{"background-color":"var(--ast-global-color-5)","background-image":"","background-repeat":"repeat","background-position":"center center","background-size":"auto","background-attachment":"scroll","background-type":"","background-media":"","overlay-type":"","overlay-color":"","overlay-opacity":"","overlay-gradient":""}}},"product_brand":[],"product_cat":[331,332,72],"product_tag":[],"class_list":{"0":"post-22658","1":"product","2":"type-product","3":"status-publish","4":"has-post-thumbnail","6":"product_cat-doniczka","7":"product_cat-oslonka","8":"product_cat-zajrzyj-po-wiecej","9":"product_shipping_class-wysylka-19zl","10":"desktop-align-left","11":"tablet-align-left","12":"mobile-align-left","13":"ast-product-gallery-layout-vertical-slider","14":"ast-product-tabs-layout-horizontal","15":"ast-qv-on-image","17":"first","18":"instock","19":"sold-individually","20":"shipping-taxable","21":"purchasable","22":"product-type-simple"},"_links":{"self":[{"href":"https:\/\/antart.com.pl\/en\/wp-json\/wp\/v2\/product\/22658","targetHints":{"allow":["GET"]}}],"collection":[{"href":"https:\/\/antart.com.pl\/en\/wp-json\/wp\/v2\/product"}],"about":[{"href":"https:\/\/antart.com.pl\/en\/wp-json\/wp\/v2\/types\/product"}],"wp:featuredmedia":[{"embeddable":true,"href":"https:\/\/antart.com.pl\/en\/wp-json\/wp\/v2\/media\/22642"}],"wp:attachment":[{"href":"https:\/\/antart.com.pl\/en\/wp-json\/wp\/v2\/media?parent=22658"}],"wp:term":[{"taxonomy":"product_brand","embeddable":true,"href":"https:\/\/antart.com.pl\/en\/wp-json\/wp\/v2\/product_brand?post=22658"},{"taxonomy":"product_cat","embeddable":true,"href":"https:\/\/antart.com.pl\/en\/wp-json\/wp\/v2\/product_cat?post=22658"},{"taxonomy":"product_tag","embeddable":true,"href":"https:\/\/antart.com.pl\/en\/wp-json\/wp\/v2\/product_tag?post=22658"}],"curies":[{"name":"wp","href":"https:\/\/api.w.org\/{rel}","templated":true}]}}