{"id":23398,"date":"2025-02-15T12:59:34","date_gmt":"2025-02-15T11:59:34","guid":{"rendered":"https:\/\/antart.com.pl\/?post_type=product&#038;p=23398"},"modified":"2025-02-15T13:01:31","modified_gmt":"2025-02-15T12:01:31","slug":"saucepan-hutschenreuther-muller-selb-ecru","status":"publish","type":"product","link":"https:\/\/antart.com.pl\/en\/produkt\/sosjerka-miseczka-hutschenreuther-muller-selb-ecru\/","title":{"rendered":"Saucepan, bowl Hutschenreuther M\u00fcller Selb ecru"},"content":{"rendered":"<h4 style=\"text-align: center;\"><em><strong>Saucepan, bowl Hutschenreuther M\u00fcller Selb.<\/strong><\/em><br \/>\n<em><strong>Saucepan, bowl signed Hutschenreuther AG Paul Muller Selb, 1928-1943 in ecru with gilt rim.<\/strong><\/em><\/h4>\n<p>&nbsp;<\/p>\n<p><em><strong>Dimensions<\/strong><\/em><\/p>\n<ul>\n<li><em><strong>Length with plate: 20.5cm<\/strong><\/em><\/li>\n<li><em><strong>Width with plate: 14.5cm<\/strong><\/em><\/li>\n<li><em><strong>Length of saucepan : 15cm<\/strong><\/em><\/li>\n<li><em><strong>Width of saucepan: 10cm<\/strong><\/em><\/li>\n<li><em><strong>Overall height: 8.5cm<\/strong><\/em><\/li>\n<\/ul>\n<h4 style=\"text-align: center;\"><\/h4>\n<h4 style=\"text-align: center;\"><em><strong>The photos show the actual state of the object<\/strong><\/em><\/h4>\n<h4 style=\"text-align: center;\"><em><strong>Additional photos upon request<\/strong><\/em><\/h4>\n<h4 style=\"text-align: center;\"><em><strong>All our items on display are available in our warehouse.<\/strong><\/em><\/h4>\n<h4 style=\"text-align: center;\"><em><strong>Can be viewed by appointment.<\/strong><\/em><\/h4>\n<h4><em><strong>No. 4362<\/strong><\/em><\/h4>","protected":false},"excerpt":{"rendered":"<p>Sosjerka, miseczka Hutschenreuther M\u00fcller Selb. Sosjerka, miseczka sygnowana Hutschenreuther AG Paul Muller Selb, w latach 1928-1943 w kolorze ecru z z\u0142oconym rantem. &nbsp; Wymiary D\u0142ugo\u015b\u0107 z talerzykiem: 20,5cm Szeroko\u015b\u0107 z talerzykiem: 14,5cm D\u0142ugo\u015b\u0107 sosjerki : 15cm Szeroko\u015b\u0107 sosjerki: 10cm Wysoko\u015b\u0107 ca\u0142kowit\u0105: 8,5cm Zdj\u0119cia przedstawiaj\u0105 stan faktyczny przedmiotu Dodatkowe zdj\u0119cia na pro\u015bb\u0119 zainteresowanych Wszystkie nasze przedmioty [&hellip;]<\/p>\n","protected":false},"featured_media":23145,"template":"","meta":{"_seopress_robots_primary_cat":"","_seopress_titles_title":"","_seopress_titles_desc":"","_seopress_robots_index":"","site-sidebar-layout":"default","site-content-layout":"","ast-site-content-layout":"default","site-content-style":"default","site-sidebar-style":"default","ast-global-header-display":"","ast-banner-title-visibility":"","ast-main-header-display":"","ast-hfb-above-header-display":"","ast-hfb-below-header-display":"","ast-hfb-mobile-header-display":"","site-post-title":"","ast-breadcrumbs-content":"","ast-featured-img":"","footer-sml-layout":"","ast-disable-related-posts":"","theme-transparent-header-meta":"default","adv-header-id-meta":"","stick-header-meta":"default","header-above-stick-meta":"","header-main-stick-meta":"","header-below-stick-meta":"","astra-migrate-meta-layouts":"set","ast-page-background-enabled":"default","ast-page-background-meta":{"desktop":{"background-color":"var(--ast-global-color-4)","background-image":"","background-repeat":"repeat","background-position":"center center","background-size":"auto","background-attachment":"scroll","background-type":"","background-media":"","overlay-type":"","overlay-color":"","overlay-opacity":"","overlay-gradient":""},"tablet":{"background-color":"","background-image":"","background-repeat":"repeat","background-position":"center center","background-size":"auto","background-attachment":"scroll","background-type":"","background-media":"","overlay-type":"","overlay-color":"","overlay-opacity":"","overlay-gradient":""},"mobile":{"background-color":"","background-image":"","background-repeat":"repeat","background-position":"center center","background-size":"auto","background-attachment":"scroll","background-type":"","background-media":"","overlay-type":"","overlay-color":"","overlay-opacity":"","overlay-gradient":""}},"ast-content-background-meta":{"desktop":{"background-color":"var(--ast-global-color-5)","background-image":"","background-repeat":"repeat","background-position":"center center","background-size":"auto","background-attachment":"scroll","background-type":"","background-media":"","overlay-type":"","overlay-color":"","overlay-opacity":"","overlay-gradient":""},"tablet":{"background-color":"var(--ast-global-color-5)","background-image":"","background-repeat":"repeat","background-position":"center center","background-size":"auto","background-attachment":"scroll","background-type":"","background-media":"","overlay-type":"","overlay-color":"","overlay-opacity":"","overlay-gradient":""},"mobile":{"background-color":"var(--ast-global-color-5)","background-image":"","background-repeat":"repeat","background-position":"center center","background-size":"auto","background-attachment":"scroll","background-type":"","background-media":"","overlay-type":"","overlay-color":"","overlay-opacity":"","overlay-gradient":""}}},"product_brand":[],"product_cat":[25,24,65],"product_tag":[],"class_list":{"0":"post-23398","1":"product","2":"type-product","3":"status-publish","4":"has-post-thumbnail","6":"product_cat-czesci-serwisow","7":"product_cat-kuchnia","8":"product_cat-sosjerki","9":"product_shipping_class-wysylka-19zl","10":"desktop-align-left","11":"tablet-align-left","12":"mobile-align-left","13":"ast-product-gallery-layout-vertical-slider","14":"ast-product-tabs-layout-horizontal","15":"ast-qv-on-image","17":"first","18":"instock","19":"shipping-taxable","20":"purchasable","21":"product-type-simple"},"_links":{"self":[{"href":"https:\/\/antart.com.pl\/en\/wp-json\/wp\/v2\/product\/23398","targetHints":{"allow":["GET"]}}],"collection":[{"href":"https:\/\/antart.com.pl\/en\/wp-json\/wp\/v2\/product"}],"about":[{"href":"https:\/\/antart.com.pl\/en\/wp-json\/wp\/v2\/types\/product"}],"wp:featuredmedia":[{"embeddable":true,"href":"https:\/\/antart.com.pl\/en\/wp-json\/wp\/v2\/media\/23145"}],"wp:attachment":[{"href":"https:\/\/antart.com.pl\/en\/wp-json\/wp\/v2\/media?parent=23398"}],"wp:term":[{"taxonomy":"product_brand","embeddable":true,"href":"https:\/\/antart.com.pl\/en\/wp-json\/wp\/v2\/product_brand?post=23398"},{"taxonomy":"product_cat","embeddable":true,"href":"https:\/\/antart.com.pl\/en\/wp-json\/wp\/v2\/product_cat?post=23398"},{"taxonomy":"product_tag","embeddable":true,"href":"https:\/\/antart.com.pl\/en\/wp-json\/wp\/v2\/product_tag?post=23398"}],"curies":[{"name":"wp","href":"https:\/\/api.w.org\/{rel}","templated":true}]}}