{"id":24045,"date":"2025-03-14T10:16:25","date_gmt":"2025-03-14T09:16:25","guid":{"rendered":"https:\/\/antart.com.pl\/?post_type=product&#038;p=24045"},"modified":"2026-04-01T20:05:14","modified_gmt":"2026-04-01T18:05:14","slug":"cabinet-with-drawers-solid-wood-rosewood-mirabeau","status":"publish","type":"product","link":"https:\/\/antart.com.pl\/en\/produkt\/szafka-komoda-z-szufladami-lite-drewno-palisander-mirabeau\/","title":{"rendered":"Mirabeau solid wood rosewood dresser cabinet with drawers"},"content":{"rendered":"<h4 style=\"text-align: center;\"><em><strong>Chest of drawers solid wood rosewood.<\/strong><\/em><\/h4>\n<h4 style=\"text-align: center;\"><em><strong>Designed by the French company Mirabeau.<\/strong><\/em><\/h4>\n<h4 style=\"text-align: center;\"><em><strong>Finished with brass fittings mi.<\/strong><\/em><\/h4>\n<p>&nbsp;<\/p>\n<h4><em><strong>Dimensions:<\/strong><\/em><\/h4>\n<ul>\n<li>\n<h4><em><strong>height: 104 cm<\/strong><\/em><\/h4>\n<\/li>\n<li>\n<h4><em><strong>width: 66cm<\/strong><\/em><\/h4>\n<\/li>\n<li>\n<h4><em><strong>depth: 42cm<\/strong><\/em><\/h4>\n<\/li>\n<\/ul>\n<h4><em><strong>Dimensions of 12 drawer units<\/strong><\/em><\/h4>\n<ul>\n<li>\n<h4><em><strong>length: 16 cm<\/strong><\/em><\/h4>\n<\/li>\n<li>\n<h4><em><strong>width: 14.5cm<\/strong><\/em><\/h4>\n<\/li>\n<li>\n<h4><em><strong>depth: 36.5cm<\/strong><\/em><\/h4>\n<\/li>\n<\/ul>\n<h4><em><strong>Dimensions of 2 drawers<\/strong><\/em><\/h4>\n<ul>\n<li>\n<h4><em><strong>length: 25 cm<\/strong><\/em><\/h4>\n<\/li>\n<li>\n<h4><em><strong>width: 14.5cm<\/strong><\/em><\/h4>\n<\/li>\n<li>\n<h4><em><strong>depth: 36.5cm<\/strong><\/em><\/h4>\n<\/li>\n<\/ul>\n<h4 style=\"text-align: center;\"><em><strong>The photos show the actual state of the object<\/strong><\/em><\/h4>\n<h4 style=\"text-align: center;\"><em><strong>Additional photos upon request<\/strong><\/em><\/h4>\n<h4 style=\"text-align: center;\"><em><strong>All our items on display are available in our warehouse.<\/strong><\/em><\/h4>\n<h4 style=\"text-align: center;\"><em><strong>Can be viewed by appointment.<\/strong><\/em><\/h4>\n<h4><em><strong>NO. ART 3571<\/strong><\/em><\/h4>","protected":false},"excerpt":{"rendered":"<p>Szafka komoda z szufladami lite drewno palisander. Zaprojektowana przez francusk\u0105 firm\u0119 Mirabeau. Wyko\u0144czona mosi\u0119\u017cnymi okucia mi. &nbsp; Wymiary: wysoko\u015b\u0107: 104 cm szeroko\u015b\u0107: 66cm g\u0142\u0119boko\u015b\u0107: 42cm Wymiary 12 sztuk szuflad d\u0142ugo\u015b\u0107: 16 cm szeroko\u015b\u0107: 14,5cm g\u0142\u0119boko\u015b\u0107: 36,5cm Wymiary 2 sztuk szuflad d\u0142ugo\u015b\u0107: 25 cm szeroko\u015b\u0107: 14,5cm g\u0142\u0119boko\u015b\u0107: 36,5cm Zdj\u0119cia przedstawiaj\u0105 stan faktyczny przedmiotu Dodatkowe zdj\u0119cia na [&hellip;]<\/p>\n","protected":false},"featured_media":23980,"template":"","meta":{"_seopress_robots_primary_cat":"","_seopress_titles_title":"","_seopress_titles_desc":"","_seopress_robots_index":"","site-sidebar-layout":"default","site-content-layout":"","ast-site-content-layout":"default","site-content-style":"default","site-sidebar-style":"default","ast-global-header-display":"","ast-banner-title-visibility":"","ast-main-header-display":"","ast-hfb-above-header-display":"","ast-hfb-below-header-display":"","ast-hfb-mobile-header-display":"","site-post-title":"","ast-breadcrumbs-content":"","ast-featured-img":"","footer-sml-layout":"","ast-disable-related-posts":"","theme-transparent-header-meta":"default","adv-header-id-meta":"","stick-header-meta":"default","header-above-stick-meta":"","header-main-stick-meta":"","header-below-stick-meta":"","astra-migrate-meta-layouts":"set","ast-page-background-enabled":"default","ast-page-background-meta":{"desktop":{"background-color":"var(--ast-global-color-4)","background-image":"","background-repeat":"repeat","background-position":"center center","background-size":"auto","background-attachment":"scroll","background-type":"","background-media":"","overlay-type":"","overlay-color":"","overlay-opacity":"","overlay-gradient":""},"tablet":{"background-color":"","background-image":"","background-repeat":"repeat","background-position":"center center","background-size":"auto","background-attachment":"scroll","background-type":"","background-media":"","overlay-type":"","overlay-color":"","overlay-opacity":"","overlay-gradient":""},"mobile":{"background-color":"","background-image":"","background-repeat":"repeat","background-position":"center center","background-size":"auto","background-attachment":"scroll","background-type":"","background-media":"","overlay-type":"","overlay-color":"","overlay-opacity":"","overlay-gradient":""}},"ast-content-background-meta":{"desktop":{"background-color":"var(--ast-global-color-5)","background-image":"","background-repeat":"repeat","background-position":"center center","background-size":"auto","background-attachment":"scroll","background-type":"","background-media":"","overlay-type":"","overlay-color":"","overlay-opacity":"","overlay-gradient":""},"tablet":{"background-color":"var(--ast-global-color-5)","background-image":"","background-repeat":"repeat","background-position":"center center","background-size":"auto","background-attachment":"scroll","background-type":"","background-media":"","overlay-type":"","overlay-color":"","overlay-opacity":"","overlay-gradient":""},"mobile":{"background-color":"var(--ast-global-color-5)","background-image":"","background-repeat":"repeat","background-position":"center center","background-size":"auto","background-attachment":"scroll","background-type":"","background-media":"","overlay-type":"","overlay-color":"","overlay-opacity":"","overlay-gradient":""}}},"product_brand":[],"product_cat":[37,32,38],"product_tag":[],"class_list":{"0":"post-24045","1":"product","2":"type-product","3":"status-publish","4":"has-post-thumbnail","6":"product_cat-komody","7":"product_cat-meble","8":"product_cat-szafy-szafki","9":"product_shipping_class-wysylka-120zl","10":"desktop-align-left","11":"tablet-align-left","12":"mobile-align-left","13":"ast-product-gallery-layout-vertical-slider","14":"ast-product-tabs-layout-horizontal","15":"ast-qv-on-image","17":"first","18":"instock","19":"sale","20":"sold-individually","21":"shipping-taxable","22":"purchasable","23":"product-type-simple"},"_links":{"self":[{"href":"https:\/\/antart.com.pl\/en\/wp-json\/wp\/v2\/product\/24045","targetHints":{"allow":["GET"]}}],"collection":[{"href":"https:\/\/antart.com.pl\/en\/wp-json\/wp\/v2\/product"}],"about":[{"href":"https:\/\/antart.com.pl\/en\/wp-json\/wp\/v2\/types\/product"}],"wp:featuredmedia":[{"embeddable":true,"href":"https:\/\/antart.com.pl\/en\/wp-json\/wp\/v2\/media\/23980"}],"wp:attachment":[{"href":"https:\/\/antart.com.pl\/en\/wp-json\/wp\/v2\/media?parent=24045"}],"wp:term":[{"taxonomy":"product_brand","embeddable":true,"href":"https:\/\/antart.com.pl\/en\/wp-json\/wp\/v2\/product_brand?post=24045"},{"taxonomy":"product_cat","embeddable":true,"href":"https:\/\/antart.com.pl\/en\/wp-json\/wp\/v2\/product_cat?post=24045"},{"taxonomy":"product_tag","embeddable":true,"href":"https:\/\/antart.com.pl\/en\/wp-json\/wp\/v2\/product_tag?post=24045"}],"curies":[{"name":"wp","href":"https:\/\/api.w.org\/{rel}","templated":true}]}}