{"id":24049,"date":"2025-03-17T10:49:07","date_gmt":"2025-03-17T09:49:07","guid":{"rendered":"https:\/\/antart.com.pl\/?post_type=product&#038;p=24049"},"modified":"2025-03-20T11:03:24","modified_gmt":"2025-03-20T10:03:24","slug":"oil-painting-mountain-landscape-in-a-wooden-frame","status":"publish","type":"product","link":"https:\/\/antart.com.pl\/en\/produkt\/obraz-olejowy-pejzaz-gorski-w-ramie-drewnianej\/","title":{"rendered":"Oil painting mountain landscape in a wooden frame"},"content":{"rendered":"<h4 style=\"text-align: center;\"><em><strong>Oil painting mountain landscape in a wooden frame<\/strong><\/em><\/h4>\n<h4 style=\"text-align: center;\"><em><strong>A painting made on board.<\/strong><\/em><\/h4>\n<h4 style=\"text-align: center;\"><em><strong>Picture in a gilt wooden frame.<\/strong><\/em><\/h4>\n<p>&nbsp;<\/p>\n<h4><em><strong>Dimensions<\/strong><\/em><\/h4>\n<h4><em><strong>Frame:<\/strong><\/em><\/h4>\n<ul>\n<li><em><strong>width: 45cm<\/strong><\/em><\/li>\n<li><em><strong>height: 38cm<\/strong><\/em><\/li>\n<\/ul>\n<p>&nbsp;<\/p>\n<h4><em><strong>Image<\/strong><\/em><\/h4>\n<ul>\n<li><em><strong>width: 45cm<\/strong><\/em><\/li>\n<li><em><strong>height: 19cm<\/strong><\/em><\/li>\n<\/ul>\n<p style=\"text-align: center;\">\n<h4 style=\"text-align: center;\"><em><strong>The photos show the actual state of the object<\/strong><\/em><\/h4>\n<h4 style=\"text-align: center;\"><em><strong>Additional photos upon request<\/strong><\/em><\/h4>\n<h4 style=\"text-align: center;\"><em><strong>All our items on display are available in our warehouse.<\/strong><\/em><\/h4>\n<h4 style=\"text-align: center;\"><em><strong>Can be viewed by appointment.<\/strong><\/em><\/h4>\n<h4><em><strong>NO. ART 3567<\/strong><\/em><\/h4>","protected":false},"excerpt":{"rendered":"<p>Obraz olejowy pejza\u017c g\u00f3rski w ramie drewnianej Obraz wykonany na desce. Obraz w drewnianej ramie z\u0142oconej. &nbsp; Wymiary Rama: szeroko\u015b\u0107: 45cm wysoko\u015b\u0107: 38cm &nbsp; Obraz szeroko\u015b\u0107: 45cm wysoko\u015b\u0107: 19cm Zdj\u0119cia przedstawiaj\u0105 stan faktyczny przedmiotu Dodatkowe zdj\u0119cia na pro\u015bb\u0119 zainteresowanych Wszystkie nasze przedmioty wystawione s\u0105 dost\u0119pne w naszym magazynie. Mo\u017cna obejrze\u0107 po wcze\u015bniejszym um\u00f3wieniu si\u0119. NR. [&hellip;]<\/p>\n","protected":false},"featured_media":23836,"template":"","meta":{"_seopress_robots_primary_cat":"","_seopress_titles_title":"","_seopress_titles_desc":"","_seopress_robots_index":"","site-sidebar-layout":"default","site-content-layout":"","ast-site-content-layout":"default","site-content-style":"default","site-sidebar-style":"default","ast-global-header-display":"","ast-banner-title-visibility":"","ast-main-header-display":"","ast-hfb-above-header-display":"","ast-hfb-below-header-display":"","ast-hfb-mobile-header-display":"","site-post-title":"","ast-breadcrumbs-content":"","ast-featured-img":"","footer-sml-layout":"","ast-disable-related-posts":"","theme-transparent-header-meta":"default","adv-header-id-meta":"","stick-header-meta":"default","header-above-stick-meta":"","header-main-stick-meta":"","header-below-stick-meta":"","astra-migrate-meta-layouts":"set","ast-page-background-enabled":"default","ast-page-background-meta":{"desktop":{"background-color":"var(--ast-global-color-4)","background-image":"","background-repeat":"repeat","background-position":"center center","background-size":"auto","background-attachment":"scroll","background-type":"","background-media":"","overlay-type":"","overlay-color":"","overlay-opacity":"","overlay-gradient":""},"tablet":{"background-color":"","background-image":"","background-repeat":"repeat","background-position":"center center","background-size":"auto","background-attachment":"scroll","background-type":"","background-media":"","overlay-type":"","overlay-color":"","overlay-opacity":"","overlay-gradient":""},"mobile":{"background-color":"","background-image":"","background-repeat":"repeat","background-position":"center center","background-size":"auto","background-attachment":"scroll","background-type":"","background-media":"","overlay-type":"","overlay-color":"","overlay-opacity":"","overlay-gradient":""}},"ast-content-background-meta":{"desktop":{"background-color":"var(--ast-global-color-5)","background-image":"","background-repeat":"repeat","background-position":"center center","background-size":"auto","background-attachment":"scroll","background-type":"","background-media":"","overlay-type":"","overlay-color":"","overlay-opacity":"","overlay-gradient":""},"tablet":{"background-color":"var(--ast-global-color-5)","background-image":"","background-repeat":"repeat","background-position":"center center","background-size":"auto","background-attachment":"scroll","background-type":"","background-media":"","overlay-type":"","overlay-color":"","overlay-opacity":"","overlay-gradient":""},"mobile":{"background-color":"var(--ast-global-color-5)","background-image":"","background-repeat":"repeat","background-position":"center center","background-size":"auto","background-attachment":"scroll","background-type":"","background-media":"","overlay-type":"","overlay-color":"","overlay-opacity":"","overlay-gradient":""}}},"product_brand":[],"product_cat":[77,335],"product_tag":[],"class_list":{"0":"post-24049","1":"product","2":"type-product","3":"status-publish","4":"has-post-thumbnail","6":"product_cat-antykwariat","7":"product_cat-obrazy-antykwariat","8":"product_shipping_class-wysylka-19zl","9":"desktop-align-left","10":"tablet-align-left","11":"mobile-align-left","12":"ast-product-gallery-layout-vertical-slider","13":"ast-product-tabs-layout-horizontal","14":"ast-qv-on-image","16":"first","17":"instock","18":"sold-individually","19":"shipping-taxable","20":"purchasable","21":"product-type-simple"},"_links":{"self":[{"href":"https:\/\/antart.com.pl\/en\/wp-json\/wp\/v2\/product\/24049","targetHints":{"allow":["GET"]}}],"collection":[{"href":"https:\/\/antart.com.pl\/en\/wp-json\/wp\/v2\/product"}],"about":[{"href":"https:\/\/antart.com.pl\/en\/wp-json\/wp\/v2\/types\/product"}],"wp:featuredmedia":[{"embeddable":true,"href":"https:\/\/antart.com.pl\/en\/wp-json\/wp\/v2\/media\/23836"}],"wp:attachment":[{"href":"https:\/\/antart.com.pl\/en\/wp-json\/wp\/v2\/media?parent=24049"}],"wp:term":[{"taxonomy":"product_brand","embeddable":true,"href":"https:\/\/antart.com.pl\/en\/wp-json\/wp\/v2\/product_brand?post=24049"},{"taxonomy":"product_cat","embeddable":true,"href":"https:\/\/antart.com.pl\/en\/wp-json\/wp\/v2\/product_cat?post=24049"},{"taxonomy":"product_tag","embeddable":true,"href":"https:\/\/antart.com.pl\/en\/wp-json\/wp\/v2\/product_tag?post=24049"}],"curies":[{"name":"wp","href":"https:\/\/api.w.org\/{rel}","templated":true}]}}