{"id":24187,"date":"2025-03-17T13:20:29","date_gmt":"2025-03-17T12:20:29","guid":{"rendered":"https:\/\/antart.com.pl\/?post_type=product&#038;p=24187"},"modified":"2025-03-17T13:20:29","modified_gmt":"2025-03-17T12:20:29","slug":"wall-lamp-from-the-60s-70s-modernist","status":"publish","type":"product","link":"https:\/\/antart.com.pl\/en\/produkt\/kinkiet-z-lat-60-70-tych-modernistyczny\/","title":{"rendered":"1960s\/70s modernist wall lamp"},"content":{"rendered":"<h4 style=\"text-align: center;\"><strong><em>Wall lamp wall sconce 1960s\/70s modernist.<\/em><\/strong><\/h4>\n<h4 style=\"text-align: center;\">\n<strong><em>Double modernist wall lamp made in the 1960s\/70s with brass and pressed milky glass shade.<\/em><\/strong><\/h4>\n<h4 style=\"text-align: center;\"><strong><em>Small threaded wall lamp.<\/em><\/strong><\/h4>\n<p>&nbsp;<\/p>\n<p><strong><em>Overall dimensions<\/em><\/strong><\/p>\n<ul>\n<li><strong><em>Length: 21cm<\/em><\/strong><\/li>\n<li><strong><em>Width: 14.5cm<\/em><\/strong><\/li>\n<li><strong><em>Height: 16.5cm<\/em><\/strong><\/li>\n<\/ul>\n<p>&nbsp;<\/p>\n<p><strong><em>Lampshade<\/em><\/strong><\/p>\n<ul>\n<li><strong><em>Length: 7.5cm<\/em><\/strong><\/li>\n<li><strong><em>Width:7.5cm<\/em><\/strong><\/li>\n<li><strong><em>Height: 12cm<\/em><\/strong><\/li>\n<\/ul>\n<p>&nbsp;<\/p>\n<h4 style=\"text-align: center;\"><strong><em>The photos show the actual state of the object<\/em><\/strong><\/h4>\n<h4 style=\"text-align: center;\"><strong><em>Additional photos upon request<\/em><\/strong><\/h4>\n<h4 style=\"text-align: center;\"><strong><em>All our items on display are available in our warehouse.<\/em><\/strong><\/h4>\n<h4 style=\"text-align: center;\"><strong><em>Can be viewed by appointment.<\/em><\/strong><\/h4>\n<h4><strong><em>No. 4436<\/em><\/strong><\/h4>","protected":false},"excerpt":{"rendered":"<p>Lampka na \u015bcian\u0119 kinkiet z lat 60\/70-tych modernistyczny. Podw\u00f3jny kinkiet modernistyczny wykonany w latach 60\/70-tych z mosi\u0105dzu oraz klosz z szk\u0142a prasowanego mlecznego. Kinkiet na ma\u0142y gwint. &nbsp; Wymiary ca\u0142kowite D\u0142ugo\u015b\u0107: 21cm Szeroko\u015b\u0107: 14,5cm Wysoko\u015b\u0107: 16,5cm &nbsp; Klosz D\u0142ugo\u015b\u0107: 7,5cm Szeroko\u015b\u0107:7,5cm Wysoko\u015b\u0107: 12cm &nbsp; Zdj\u0119cia przedstawiaj\u0105 stan faktyczny przedmiotu Dodatkowe zdj\u0119cia na pro\u015bb\u0119 zainteresowanych Wszystkie [&hellip;]<\/p>\n","protected":false},"featured_media":24167,"template":"","meta":{"_seopress_robots_primary_cat":"","_seopress_titles_title":"","_seopress_titles_desc":"","_seopress_robots_index":"","site-sidebar-layout":"default","site-content-layout":"","ast-site-content-layout":"default","site-content-style":"default","site-sidebar-style":"default","ast-global-header-display":"","ast-banner-title-visibility":"","ast-main-header-display":"","ast-hfb-above-header-display":"","ast-hfb-below-header-display":"","ast-hfb-mobile-header-display":"","site-post-title":"","ast-breadcrumbs-content":"","ast-featured-img":"","footer-sml-layout":"","ast-disable-related-posts":"","theme-transparent-header-meta":"default","adv-header-id-meta":"","stick-header-meta":"default","header-above-stick-meta":"","header-main-stick-meta":"","header-below-stick-meta":"","astra-migrate-meta-layouts":"set","ast-page-background-enabled":"default","ast-page-background-meta":{"desktop":{"background-color":"var(--ast-global-color-4)","background-image":"","background-repeat":"repeat","background-position":"center center","background-size":"auto","background-attachment":"scroll","background-type":"","background-media":"","overlay-type":"","overlay-color":"","overlay-opacity":"","overlay-gradient":""},"tablet":{"background-color":"","background-image":"","background-repeat":"repeat","background-position":"center center","background-size":"auto","background-attachment":"scroll","background-type":"","background-media":"","overlay-type":"","overlay-color":"","overlay-opacity":"","overlay-gradient":""},"mobile":{"background-color":"","background-image":"","background-repeat":"repeat","background-position":"center center","background-size":"auto","background-attachment":"scroll","background-type":"","background-media":"","overlay-type":"","overlay-color":"","overlay-opacity":"","overlay-gradient":""}},"ast-content-background-meta":{"desktop":{"background-color":"var(--ast-global-color-5)","background-image":"","background-repeat":"repeat","background-position":"center center","background-size":"auto","background-attachment":"scroll","background-type":"","background-media":"","overlay-type":"","overlay-color":"","overlay-opacity":"","overlay-gradient":""},"tablet":{"background-color":"var(--ast-global-color-5)","background-image":"","background-repeat":"repeat","background-position":"center center","background-size":"auto","background-attachment":"scroll","background-type":"","background-media":"","overlay-type":"","overlay-color":"","overlay-opacity":"","overlay-gradient":""},"mobile":{"background-color":"var(--ast-global-color-5)","background-image":"","background-repeat":"repeat","background-position":"center center","background-size":"auto","background-attachment":"scroll","background-type":"","background-media":"","overlay-type":"","overlay-color":"","overlay-opacity":"","overlay-gradient":""}}},"product_brand":[],"product_cat":[31,30],"product_tag":[],"class_list":{"0":"post-24187","1":"product","2":"type-product","3":"status-publish","4":"has-post-thumbnail","6":"product_cat-kinkiety","7":"product_cat-oswietlenie","8":"product_shipping_class-wysylka-19zl","9":"desktop-align-left","10":"tablet-align-left","11":"mobile-align-left","12":"ast-product-gallery-layout-vertical-slider","13":"ast-product-tabs-layout-horizontal","14":"ast-qv-on-image","16":"first","17":"instock","18":"sold-individually","19":"shipping-taxable","20":"purchasable","21":"product-type-simple"},"_links":{"self":[{"href":"https:\/\/antart.com.pl\/en\/wp-json\/wp\/v2\/product\/24187","targetHints":{"allow":["GET"]}}],"collection":[{"href":"https:\/\/antart.com.pl\/en\/wp-json\/wp\/v2\/product"}],"about":[{"href":"https:\/\/antart.com.pl\/en\/wp-json\/wp\/v2\/types\/product"}],"wp:featuredmedia":[{"embeddable":true,"href":"https:\/\/antart.com.pl\/en\/wp-json\/wp\/v2\/media\/24167"}],"wp:attachment":[{"href":"https:\/\/antart.com.pl\/en\/wp-json\/wp\/v2\/media?parent=24187"}],"wp:term":[{"taxonomy":"product_brand","embeddable":true,"href":"https:\/\/antart.com.pl\/en\/wp-json\/wp\/v2\/product_brand?post=24187"},{"taxonomy":"product_cat","embeddable":true,"href":"https:\/\/antart.com.pl\/en\/wp-json\/wp\/v2\/product_cat?post=24187"},{"taxonomy":"product_tag","embeddable":true,"href":"https:\/\/antart.com.pl\/en\/wp-json\/wp\/v2\/product_tag?post=24187"}],"curies":[{"name":"wp","href":"https:\/\/api.w.org\/{rel}","templated":true}]}}