{"id":24241,"date":"2025-03-17T14:16:31","date_gmt":"2025-03-17T13:16:31","guid":{"rendered":"https:\/\/antart.com.pl\/?post_type=product&#038;p=24241"},"modified":"2025-03-17T14:16:31","modified_gmt":"2025-03-17T13:16:31","slug":"glass-vase-blue-and-white-1960s-70s","status":"publish","type":"product","link":"https:\/\/antart.com.pl\/en\/produkt\/wazon-szklany-niebiesko-bialy-lata-60-70-te\/","title":{"rendered":"Blue and white glass vase 1960s\/70s"},"content":{"rendered":"<h3 style=\"text-align: center;\"><em><strong>Blue and white glass vase 1960s\/70s<\/strong><\/em><\/h3>\n<h3 style=\"text-align: center;\"><em><strong>Mid-modern pop-art style glass vase, made of<\/strong><\/em><br \/>\n<em><strong>frosted white glass inside, covered with transparent blue glass.<\/strong><\/em><br \/>\n<em><strong>The vase is shaped like a jug with a vertical handle.<\/strong><\/em><br \/>\n<em><strong>Designed by Karl Friedrich, signed by Friedrich Glas, Germany.<\/strong><\/em><br \/>\n<em><strong>Dated to the 1960s\/70s.<\/strong><\/em><\/h3>\n<p>&nbsp;<\/p>\n<p><em><strong>Dimensions<\/strong><\/em><\/p>\n<ul>\n<li><em><strong>Top diameter: 6cm<\/strong><\/em><\/li>\n<li><em><strong>Base diameter: 7cm<\/strong><\/em><\/li>\n<li><em><strong>Height: 12cm<\/strong><\/em><\/li>\n<\/ul>\n<p>&nbsp;<\/p>\n<h3 style=\"text-align: center;\"><em><strong>The vase has 2 flaws. Visible in the photos.<\/strong><\/em><\/h3>\n<h3 style=\"text-align: center;\"><em><strong>The photos show the actual state of the object<\/strong><\/em><\/h3>\n<h3 style=\"text-align: center;\"><em><strong>Additional photos upon request<\/strong><\/em><\/h3>\n<h3 style=\"text-align: center;\"><em><strong>All our items on display are available in our warehouse.<\/strong><\/em><\/h3>\n<h3 style=\"text-align: center;\"><em><strong>Can be viewed by appointment.<\/strong><\/em><\/h3>\n<h3>\n<em><strong>No. 4443<\/strong><\/em><\/h3>","protected":false},"excerpt":{"rendered":"<p>Wazon szklany niebiesko bia\u0142y lata 60\/70-te Szklany wazon w stylu pop-art w stylu mid-modern, wykonany z matowego bia\u0142ego szk\u0142a wewn\u0105trz, pokrytego przezroczystym niebieskim szk\u0142em. Wazon ma kszta\u0142t dzbanka z pionowym uchwytem. Zaprojektowany przez Karla Friedricha, sygnowany przez Friedricha Glasa, Niemcy. Datowany na lata 60\/70-te XX wieku. &nbsp; Wymiary \u015arednica g\u00f3rna: 6cm \u015arednica podstawy: 7cm Wysoko\u015b\u0107: [&hellip;]<\/p>\n","protected":false},"featured_media":24224,"template":"","meta":{"_seopress_robots_primary_cat":"","_seopress_titles_title":"","_seopress_titles_desc":"","_seopress_robots_index":"","site-sidebar-layout":"default","site-content-layout":"","ast-site-content-layout":"default","site-content-style":"default","site-sidebar-style":"default","ast-global-header-display":"","ast-banner-title-visibility":"","ast-main-header-display":"","ast-hfb-above-header-display":"","ast-hfb-below-header-display":"","ast-hfb-mobile-header-display":"","site-post-title":"","ast-breadcrumbs-content":"","ast-featured-img":"","footer-sml-layout":"","ast-disable-related-posts":"","theme-transparent-header-meta":"default","adv-header-id-meta":"","stick-header-meta":"default","header-above-stick-meta":"","header-main-stick-meta":"","header-below-stick-meta":"","astra-migrate-meta-layouts":"set","ast-page-background-enabled":"default","ast-page-background-meta":{"desktop":{"background-color":"var(--ast-global-color-4)","background-image":"","background-repeat":"repeat","background-position":"center center","background-size":"auto","background-attachment":"scroll","background-type":"","background-media":"","overlay-type":"","overlay-color":"","overlay-opacity":"","overlay-gradient":""},"tablet":{"background-color":"","background-image":"","background-repeat":"repeat","background-position":"center center","background-size":"auto","background-attachment":"scroll","background-type":"","background-media":"","overlay-type":"","overlay-color":"","overlay-opacity":"","overlay-gradient":""},"mobile":{"background-color":"","background-image":"","background-repeat":"repeat","background-position":"center center","background-size":"auto","background-attachment":"scroll","background-type":"","background-media":"","overlay-type":"","overlay-color":"","overlay-opacity":"","overlay-gradient":""}},"ast-content-background-meta":{"desktop":{"background-color":"var(--ast-global-color-5)","background-image":"","background-repeat":"repeat","background-position":"center center","background-size":"auto","background-attachment":"scroll","background-type":"","background-media":"","overlay-type":"","overlay-color":"","overlay-opacity":"","overlay-gradient":""},"tablet":{"background-color":"var(--ast-global-color-5)","background-image":"","background-repeat":"repeat","background-position":"center center","background-size":"auto","background-attachment":"scroll","background-type":"","background-media":"","overlay-type":"","overlay-color":"","overlay-opacity":"","overlay-gradient":""},"mobile":{"background-color":"var(--ast-global-color-5)","background-image":"","background-repeat":"repeat","background-position":"center center","background-size":"auto","background-attachment":"scroll","background-type":"","background-media":"","overlay-type":"","overlay-color":"","overlay-opacity":"","overlay-gradient":""}}},"product_brand":[],"product_cat":[27,71],"product_tag":[],"class_list":{"0":"post-24241","1":"product","2":"type-product","3":"status-publish","4":"has-post-thumbnail","6":"product_cat-dekoracyjne","7":"product_cat-wazony","8":"product_shipping_class-wysylka-19zl","9":"desktop-align-left","10":"tablet-align-left","11":"mobile-align-left","12":"ast-product-gallery-layout-vertical-slider","13":"ast-product-tabs-layout-horizontal","14":"ast-qv-on-image","16":"first","17":"instock","18":"sold-individually","19":"shipping-taxable","20":"purchasable","21":"product-type-simple"},"_links":{"self":[{"href":"https:\/\/antart.com.pl\/en\/wp-json\/wp\/v2\/product\/24241","targetHints":{"allow":["GET"]}}],"collection":[{"href":"https:\/\/antart.com.pl\/en\/wp-json\/wp\/v2\/product"}],"about":[{"href":"https:\/\/antart.com.pl\/en\/wp-json\/wp\/v2\/types\/product"}],"wp:featuredmedia":[{"embeddable":true,"href":"https:\/\/antart.com.pl\/en\/wp-json\/wp\/v2\/media\/24224"}],"wp:attachment":[{"href":"https:\/\/antart.com.pl\/en\/wp-json\/wp\/v2\/media?parent=24241"}],"wp:term":[{"taxonomy":"product_brand","embeddable":true,"href":"https:\/\/antart.com.pl\/en\/wp-json\/wp\/v2\/product_brand?post=24241"},{"taxonomy":"product_cat","embeddable":true,"href":"https:\/\/antart.com.pl\/en\/wp-json\/wp\/v2\/product_cat?post=24241"},{"taxonomy":"product_tag","embeddable":true,"href":"https:\/\/antart.com.pl\/en\/wp-json\/wp\/v2\/product_tag?post=24241"}],"curies":[{"name":"wp","href":"https:\/\/api.w.org\/{rel}","templated":true}]}}