{"id":24630,"date":"2025-03-19T12:44:40","date_gmt":"2025-03-19T11:44:40","guid":{"rendered":"https:\/\/antart.com.pl\/?post_type=product&#038;p=24630"},"modified":"2025-03-19T12:44:40","modified_gmt":"2025-03-19T11:44:40","slug":"start-murano-vase-tall-blue-carnacal-confetti-1960s","status":"publish","type":"product","link":"https:\/\/antart.com.pl\/en\/produkt\/start-wazon-murano-tall-blue-carnacal-confetti-lata-60-te\/","title":{"rendered":"Start Murano Tall Blue Carnacal Confetti vase 1960s"},"content":{"rendered":"<h4 style=\"text-align: center;\"><em><strong>Start Murano Tall Blue Carnacal Confetti vase 1960s.<\/strong><\/em><\/h4>\n<h4 style=\"text-align: center;\"><em><strong>Old Murano Tall Blue Carnaval Confetti vase from the 1960s.<\/strong><\/em><br \/>\n<em><strong>Murano confetti carnival vase, hand-blown. Very technical glass work; The bottom of the vase is the most transparent part, the body has many coloured spots, white, burgundy, royal blue. Beautiful details on the sides of the vase. The top part of the vase with the crown.<\/strong><\/em><\/h4>\n<p>&nbsp;<\/p>\n<p><em><strong>Dimensions<\/strong><\/em><\/p>\n<ul>\n<li><em><strong>Top diameter 11.5cm<\/strong><\/em><\/li>\n<li><em><strong>Base diameter: 11.5cm<\/strong><\/em><\/li>\n<li><em><strong>Height: 32cm<\/strong><\/em><\/li>\n<\/ul>\n<h4 style=\"text-align: center;\"><em><strong>The photos show the actual state of the object<\/strong><\/em><\/h4>\n<h4 style=\"text-align: center;\"><em><strong>Additional photos upon request<\/strong><\/em><\/h4>\n<h4 style=\"text-align: center;\"><em><strong>All our items on display are available in our warehouse.<\/strong><\/em><\/h4>\n<h4 style=\"text-align: center;\"><em><strong>Can be viewed by appointment.<\/strong><\/em><\/h4>\n<h4><em><strong>No.4452<\/strong><\/em><\/h4>","protected":false},"excerpt":{"rendered":"<p>Start wazon Murano Tall Blue Carnacal Confetti lata 60-te. Stary wazon Murano Tall Blue Carnaval Confetti z lat 60-tych. Karnawa\u0142owy wazon z konfetti Murano, r\u0119cznie dmuchany. Bardzo techniczna obr\u00f3bka szk\u0142a; Dno wazonu jest najbardziej przezroczyst\u0105 cz\u0119\u015bci\u0105, korpus ma wiele kolorowych plam, bia\u0142y, bordowy, kr\u00f3lewski b\u0142\u0119kit. Pi\u0119kne detale na bokach wazonu. G\u00f3rna cz\u0119\u015b\u0107 wazonu z koron\u0105. [&hellip;]<\/p>\n","protected":false},"featured_media":0,"template":"","meta":{"_seopress_robots_primary_cat":"","_seopress_titles_title":"","_seopress_titles_desc":"","_seopress_robots_index":"","site-sidebar-layout":"default","site-content-layout":"","ast-site-content-layout":"default","site-content-style":"default","site-sidebar-style":"default","ast-global-header-display":"","ast-banner-title-visibility":"","ast-main-header-display":"","ast-hfb-above-header-display":"","ast-hfb-below-header-display":"","ast-hfb-mobile-header-display":"","site-post-title":"","ast-breadcrumbs-content":"","ast-featured-img":"","footer-sml-layout":"","ast-disable-related-posts":"","theme-transparent-header-meta":"default","adv-header-id-meta":"","stick-header-meta":"default","header-above-stick-meta":"","header-main-stick-meta":"","header-below-stick-meta":"","astra-migrate-meta-layouts":"set","ast-page-background-enabled":"default","ast-page-background-meta":{"desktop":{"background-color":"var(--ast-global-color-4)","background-image":"","background-repeat":"repeat","background-position":"center center","background-size":"auto","background-attachment":"scroll","background-type":"","background-media":"","overlay-type":"","overlay-color":"","overlay-opacity":"","overlay-gradient":""},"tablet":{"background-color":"","background-image":"","background-repeat":"repeat","background-position":"center center","background-size":"auto","background-attachment":"scroll","background-type":"","background-media":"","overlay-type":"","overlay-color":"","overlay-opacity":"","overlay-gradient":""},"mobile":{"background-color":"","background-image":"","background-repeat":"repeat","background-position":"center center","background-size":"auto","background-attachment":"scroll","background-type":"","background-media":"","overlay-type":"","overlay-color":"","overlay-opacity":"","overlay-gradient":""}},"ast-content-background-meta":{"desktop":{"background-color":"var(--ast-global-color-5)","background-image":"","background-repeat":"repeat","background-position":"center center","background-size":"auto","background-attachment":"scroll","background-type":"","background-media":"","overlay-type":"","overlay-color":"","overlay-opacity":"","overlay-gradient":""},"tablet":{"background-color":"var(--ast-global-color-5)","background-image":"","background-repeat":"repeat","background-position":"center center","background-size":"auto","background-attachment":"scroll","background-type":"","background-media":"","overlay-type":"","overlay-color":"","overlay-opacity":"","overlay-gradient":""},"mobile":{"background-color":"var(--ast-global-color-5)","background-image":"","background-repeat":"repeat","background-position":"center center","background-size":"auto","background-attachment":"scroll","background-type":"","background-media":"","overlay-type":"","overlay-color":"","overlay-opacity":"","overlay-gradient":""}}},"product_brand":[],"product_cat":[27,71],"product_tag":[],"class_list":{"0":"post-24630","1":"product","2":"type-product","3":"status-publish","5":"product_cat-dekoracyjne","6":"product_cat-wazony","7":"product_shipping_class-wysylka-19zl","8":"desktop-align-left","9":"tablet-align-left","10":"mobile-align-left","11":"ast-product-gallery-layout-vertical-slider","12":"ast-product-tabs-layout-horizontal","13":"ast-qv-on-image","15":"first","16":"instock","17":"sold-individually","18":"shipping-taxable","19":"purchasable","20":"product-type-simple"},"_links":{"self":[{"href":"https:\/\/antart.com.pl\/en\/wp-json\/wp\/v2\/product\/24630","targetHints":{"allow":["GET"]}}],"collection":[{"href":"https:\/\/antart.com.pl\/en\/wp-json\/wp\/v2\/product"}],"about":[{"href":"https:\/\/antart.com.pl\/en\/wp-json\/wp\/v2\/types\/product"}],"wp:attachment":[{"href":"https:\/\/antart.com.pl\/en\/wp-json\/wp\/v2\/media?parent=24630"}],"wp:term":[{"taxonomy":"product_brand","embeddable":true,"href":"https:\/\/antart.com.pl\/en\/wp-json\/wp\/v2\/product_brand?post=24630"},{"taxonomy":"product_cat","embeddable":true,"href":"https:\/\/antart.com.pl\/en\/wp-json\/wp\/v2\/product_cat?post=24630"},{"taxonomy":"product_tag","embeddable":true,"href":"https:\/\/antart.com.pl\/en\/wp-json\/wp\/v2\/product_tag?post=24630"}],"curies":[{"name":"wp","href":"https:\/\/api.w.org\/{rel}","templated":true}]}}