{"id":25098,"date":"2025-03-21T10:48:45","date_gmt":"2025-03-21T09:48:45","guid":{"rendered":"https:\/\/antart.com.pl\/?post_type=product&#038;p=25098"},"modified":"2025-11-28T19:22:10","modified_gmt":"2025-11-28T18:22:10","slug":"rosewood-box-brass-fittings","status":"publish","type":"product","link":"https:\/\/antart.com.pl\/en\/produkt\/skrzynia-z-drewna-palisander-okucia-z-mosiadzu\/","title":{"rendered":"Case in rosewood with brass fittings"},"content":{"rendered":"<h4 style=\"text-align: center;\"><strong><em>Case in rosewood with brass fittings<\/em><\/strong><\/h4>\n<h4 style=\"text-align: center;\"><strong><em>Trunk made of painted rosewood and with brass fittings.<\/em><\/strong><\/h4>\n<p>&nbsp;<\/p>\n<h4><strong><em>Dimensions:<\/em><\/strong><\/h4>\n<h4><strong><em>Outer part of the box<\/em><\/strong><\/h4>\n<ul>\n<li>\n<h4><strong><em>height: 45 cm<\/em><\/strong><\/h4>\n<\/li>\n<li>\n<h4><strong><em>width: 81 cm<\/em><\/strong><\/h4>\n<\/li>\n<li>\n<h4><strong><em>depth: 43cm<\/em><\/strong><\/h4>\n<\/li>\n<\/ul>\n<h4><strong><em>Internal part of the box<\/em><\/strong><\/h4>\n<ul>\n<li>\n<h4><strong><em>height: 28 cm<\/em><\/strong><\/h4>\n<\/li>\n<li>\n<h4><strong><em>width: 76cm<\/em><\/strong><\/h4>\n<\/li>\n<li>\n<h4><strong><em>depth: 40 cm<\/em><\/strong><\/h4>\n<\/li>\n<\/ul>\n<h4 style=\"text-align: center;\"><strong><em>The photos show the actual state of the object<\/em><\/strong><\/h4>\n<h4 style=\"text-align: center;\"><strong><em>Additional photos upon request<\/em><\/strong><\/h4>\n<h4 style=\"text-align: center;\"><strong><em>All our items on display are available in our warehouse.<\/em><\/strong><\/h4>\n<h4 style=\"text-align: center;\"><strong><em>Can be viewed by appointment.<\/em><\/strong><\/h4>\n<h4><strong><em>NO. ART 3586<\/em><\/strong><\/h4>","protected":false},"excerpt":{"rendered":"<p>Skrzynia z drewna palisander okucia z mosi\u0105dzu Kufer wykonany z drewna palisandrowego malowany i z okucia mi z mosi\u0105dzu. &nbsp; Wymiary: Zewn\u0119trzna cz\u0119\u015b\u0107 skrzyni wysoko\u015b\u0107: 45 cm szeroko\u015b\u0107: 81 cm g\u0142\u0119boko\u015b\u0107: 43cm Wewn\u0119trzna cz\u0119\u015b\u0107 skrzyni wysoko\u015b\u0107: 28 cm szeroko\u015b\u0107: 76cm g\u0142\u0119boko\u015b\u0107:40 cm Zdj\u0119cia przedstawiaj\u0105 stan faktyczny przedmiotu Dodatkowe zdj\u0119cia na pro\u015bb\u0119 zainteresowanych Wszystkie nasze przedmioty [&hellip;]<\/p>\n","protected":false},"featured_media":24698,"template":"","meta":{"_seopress_robots_primary_cat":"","_seopress_titles_title":"","_seopress_titles_desc":"","_seopress_robots_index":"","site-sidebar-layout":"default","site-content-layout":"","ast-site-content-layout":"default","site-content-style":"default","site-sidebar-style":"default","ast-global-header-display":"","ast-banner-title-visibility":"","ast-main-header-display":"","ast-hfb-above-header-display":"","ast-hfb-below-header-display":"","ast-hfb-mobile-header-display":"","site-post-title":"","ast-breadcrumbs-content":"","ast-featured-img":"","footer-sml-layout":"","ast-disable-related-posts":"","theme-transparent-header-meta":"default","adv-header-id-meta":"","stick-header-meta":"default","header-above-stick-meta":"","header-main-stick-meta":"","header-below-stick-meta":"","astra-migrate-meta-layouts":"set","ast-page-background-enabled":"default","ast-page-background-meta":{"desktop":{"background-color":"var(--ast-global-color-4)","background-image":"","background-repeat":"repeat","background-position":"center center","background-size":"auto","background-attachment":"scroll","background-type":"","background-media":"","overlay-type":"","overlay-color":"","overlay-opacity":"","overlay-gradient":""},"tablet":{"background-color":"","background-image":"","background-repeat":"repeat","background-position":"center center","background-size":"auto","background-attachment":"scroll","background-type":"","background-media":"","overlay-type":"","overlay-color":"","overlay-opacity":"","overlay-gradient":""},"mobile":{"background-color":"","background-image":"","background-repeat":"repeat","background-position":"center center","background-size":"auto","background-attachment":"scroll","background-type":"","background-media":"","overlay-type":"","overlay-color":"","overlay-opacity":"","overlay-gradient":""}},"ast-content-background-meta":{"desktop":{"background-color":"var(--ast-global-color-5)","background-image":"","background-repeat":"repeat","background-position":"center center","background-size":"auto","background-attachment":"scroll","background-type":"","background-media":"","overlay-type":"","overlay-color":"","overlay-opacity":"","overlay-gradient":""},"tablet":{"background-color":"var(--ast-global-color-5)","background-image":"","background-repeat":"repeat","background-position":"center center","background-size":"auto","background-attachment":"scroll","background-type":"","background-media":"","overlay-type":"","overlay-color":"","overlay-opacity":"","overlay-gradient":""},"mobile":{"background-color":"var(--ast-global-color-5)","background-image":"","background-repeat":"repeat","background-position":"center center","background-size":"auto","background-attachment":"scroll","background-type":"","background-media":"","overlay-type":"","overlay-color":"","overlay-opacity":"","overlay-gradient":""}}},"product_brand":[],"product_cat":[32,41],"product_tag":[],"class_list":{"0":"post-25098","1":"product","2":"type-product","3":"status-publish","4":"has-post-thumbnail","6":"product_cat-meble","7":"product_cat-skrzynie-barki","8":"product_shipping_class-wysylka-50zl","9":"desktop-align-left","10":"tablet-align-left","11":"mobile-align-left","12":"ast-product-gallery-layout-vertical-slider","13":"ast-product-tabs-layout-horizontal","14":"ast-qv-on-image","16":"first","17":"instock","18":"sale","19":"sold-individually","20":"shipping-taxable","21":"purchasable","22":"product-type-simple"},"_links":{"self":[{"href":"https:\/\/antart.com.pl\/en\/wp-json\/wp\/v2\/product\/25098","targetHints":{"allow":["GET"]}}],"collection":[{"href":"https:\/\/antart.com.pl\/en\/wp-json\/wp\/v2\/product"}],"about":[{"href":"https:\/\/antart.com.pl\/en\/wp-json\/wp\/v2\/types\/product"}],"wp:featuredmedia":[{"embeddable":true,"href":"https:\/\/antart.com.pl\/en\/wp-json\/wp\/v2\/media\/24698"}],"wp:attachment":[{"href":"https:\/\/antart.com.pl\/en\/wp-json\/wp\/v2\/media?parent=25098"}],"wp:term":[{"taxonomy":"product_brand","embeddable":true,"href":"https:\/\/antart.com.pl\/en\/wp-json\/wp\/v2\/product_brand?post=25098"},{"taxonomy":"product_cat","embeddable":true,"href":"https:\/\/antart.com.pl\/en\/wp-json\/wp\/v2\/product_cat?post=25098"},{"taxonomy":"product_tag","embeddable":true,"href":"https:\/\/antart.com.pl\/en\/wp-json\/wp\/v2\/product_tag?post=25098"}],"curies":[{"name":"wp","href":"https:\/\/api.w.org\/{rel}","templated":true}]}}