{"id":26665,"date":"2025-04-23T12:47:58","date_gmt":"2025-04-23T10:47:58","guid":{"rendered":"https:\/\/antart.com.pl\/?post_type=product&#038;p=26665"},"modified":"2026-04-01T20:06:59","modified_gmt":"2026-04-01T18:06:59","slug":"rosewood-robot-cabinet","status":"publish","type":"product","link":"https:\/\/antart.com.pl\/en\/produkt\/szafka-robot-z-drewna-palisandrowego\/","title":{"rendered":"Rosewood robot cabinet"},"content":{"rendered":"<h5 style=\"text-align: center;\"><strong><em>ROBOT cabinet in rosewood<\/em><\/strong><\/h5>\n<h5 style=\"text-align: center;\"><strong><em>A robust chest of drawers for the children's room.<\/em><\/strong><\/h5>\n<h5 style=\"text-align: center;\"><strong><em>The cabinet has three drawers.<\/em><\/strong><\/h5>\n<h5 style=\"text-align: center;\"><strong><em>The robot's handles are movable.<\/em><\/strong><\/h5>\n<h5 style=\"text-align: center;\"><strong><em>The cabinet is made of rosewood with a stable construction.<\/em><\/strong><\/h5>\n<h5><strong><em>Dimensions:<\/em><\/strong><\/h5>\n<ul>\n<li>\n<h5><strong><em>height: 62.5cm<\/em><\/strong><\/h5>\n<\/li>\n<li>\n<h5><strong><em>width: 31.5 cm<\/em><\/strong><\/h5>\n<\/li>\n<li>\n<h5><strong><em>depth: 20 cm<\/em><\/strong><\/h5>\n<\/li>\n<\/ul>\n<h5><strong><em>Drawer<\/em><\/strong><\/h5>\n<ul>\n<li>\n<h5><strong><em>height: 10.5cm<\/em><\/strong><\/h5>\n<\/li>\n<li>\n<h5><strong><em>width: 31.5 cm<\/em><\/strong><\/h5>\n<\/li>\n<li>\n<h5><strong><em>depth: 15 cm<\/em><\/strong><\/h5>\n<\/li>\n<\/ul>\n<h5 style=\"text-align: center;\"><strong><em>The photos show the actual state of the object<\/em><\/strong><\/h5>\n<h5 style=\"text-align: center;\"><strong><em>Additional photos upon request<\/em><\/strong><\/h5>\n<h5 style=\"text-align: center;\"><strong><em>All our items on display are available in our warehouse.<\/em><\/strong><\/h5>\n<h5 style=\"text-align: center;\"><strong><em>Can be viewed by appointment.<\/em><\/strong><\/h5>\n<h5><strong><em>NO. ART 3641<\/em><\/strong><\/h5>","protected":false},"excerpt":{"rendered":"<p>Szafka ROBOT z drewna palisandrowego Solidna komoda\u00a0 do pokoju dziecinnego. Szafka posiada trzy szuflady. R\u0105czki robota s\u0105 ruchome. Szafka wykonana z drewna palisandrowego o stabilnej konstrukcji. Wymiary: wysoko\u015b\u0107: 62,5cm szeroko\u015b\u0107: 31,5 cm g\u0142\u0119boko\u015b\u0107: 20 cm Szuflada wysoko\u015b\u0107: 10,5cm szeroko\u015b\u0107: 31,5 cm g\u0142\u0119boko\u015b\u0107: 15 cm Zdj\u0119cia przedstawiaj\u0105 stan faktyczny przedmiotu Dodatkowe zdj\u0119cia na pro\u015bb\u0119 zainteresowanych Wszystkie [&hellip;]<\/p>\n","protected":false},"featured_media":26646,"template":"","meta":{"_seopress_robots_primary_cat":"","_seopress_titles_title":"","_seopress_titles_desc":"","_seopress_robots_index":"","site-sidebar-layout":"default","site-content-layout":"","ast-site-content-layout":"default","site-content-style":"default","site-sidebar-style":"default","ast-global-header-display":"","ast-banner-title-visibility":"","ast-main-header-display":"","ast-hfb-above-header-display":"","ast-hfb-below-header-display":"","ast-hfb-mobile-header-display":"","site-post-title":"","ast-breadcrumbs-content":"","ast-featured-img":"","footer-sml-layout":"","ast-disable-related-posts":"","theme-transparent-header-meta":"default","adv-header-id-meta":"","stick-header-meta":"default","header-above-stick-meta":"","header-main-stick-meta":"","header-below-stick-meta":"","astra-migrate-meta-layouts":"set","ast-page-background-enabled":"default","ast-page-background-meta":{"desktop":{"background-color":"var(--ast-global-color-4)","background-image":"","background-repeat":"repeat","background-position":"center center","background-size":"auto","background-attachment":"scroll","background-type":"","background-media":"","overlay-type":"","overlay-color":"","overlay-opacity":"","overlay-gradient":""},"tablet":{"background-color":"","background-image":"","background-repeat":"repeat","background-position":"center center","background-size":"auto","background-attachment":"scroll","background-type":"","background-media":"","overlay-type":"","overlay-color":"","overlay-opacity":"","overlay-gradient":""},"mobile":{"background-color":"","background-image":"","background-repeat":"repeat","background-position":"center center","background-size":"auto","background-attachment":"scroll","background-type":"","background-media":"","overlay-type":"","overlay-color":"","overlay-opacity":"","overlay-gradient":""}},"ast-content-background-meta":{"desktop":{"background-color":"var(--ast-global-color-5)","background-image":"","background-repeat":"repeat","background-position":"center center","background-size":"auto","background-attachment":"scroll","background-type":"","background-media":"","overlay-type":"","overlay-color":"","overlay-opacity":"","overlay-gradient":""},"tablet":{"background-color":"var(--ast-global-color-5)","background-image":"","background-repeat":"repeat","background-position":"center center","background-size":"auto","background-attachment":"scroll","background-type":"","background-media":"","overlay-type":"","overlay-color":"","overlay-opacity":"","overlay-gradient":""},"mobile":{"background-color":"var(--ast-global-color-5)","background-image":"","background-repeat":"repeat","background-position":"center center","background-size":"auto","background-attachment":"scroll","background-type":"","background-media":"","overlay-type":"","overlay-color":"","overlay-opacity":"","overlay-gradient":""}}},"product_brand":[],"product_cat":[37,32,43,38],"product_tag":[],"class_list":{"0":"post-26665","1":"product","2":"type-product","3":"status-publish","4":"has-post-thumbnail","6":"product_cat-komody","7":"product_cat-meble","8":"product_cat-meble-designe","9":"product_cat-szafy-szafki","10":"product_shipping_class-wysylka-50zl","11":"desktop-align-left","12":"tablet-align-left","13":"mobile-align-left","14":"ast-product-gallery-layout-vertical-slider","15":"ast-product-tabs-layout-horizontal","16":"ast-qv-on-image","18":"first","19":"instock","20":"sale","21":"sold-individually","22":"shipping-taxable","23":"purchasable","24":"product-type-simple"},"_links":{"self":[{"href":"https:\/\/antart.com.pl\/en\/wp-json\/wp\/v2\/product\/26665","targetHints":{"allow":["GET"]}}],"collection":[{"href":"https:\/\/antart.com.pl\/en\/wp-json\/wp\/v2\/product"}],"about":[{"href":"https:\/\/antart.com.pl\/en\/wp-json\/wp\/v2\/types\/product"}],"wp:featuredmedia":[{"embeddable":true,"href":"https:\/\/antart.com.pl\/en\/wp-json\/wp\/v2\/media\/26646"}],"wp:attachment":[{"href":"https:\/\/antart.com.pl\/en\/wp-json\/wp\/v2\/media?parent=26665"}],"wp:term":[{"taxonomy":"product_brand","embeddable":true,"href":"https:\/\/antart.com.pl\/en\/wp-json\/wp\/v2\/product_brand?post=26665"},{"taxonomy":"product_cat","embeddable":true,"href":"https:\/\/antart.com.pl\/en\/wp-json\/wp\/v2\/product_cat?post=26665"},{"taxonomy":"product_tag","embeddable":true,"href":"https:\/\/antart.com.pl\/en\/wp-json\/wp\/v2\/product_tag?post=26665"}],"curies":[{"name":"wp","href":"https:\/\/api.w.org\/{rel}","templated":true}]}}