{"id":26955,"date":"2025-04-24T19:13:27","date_gmt":"2025-04-24T17:13:27","guid":{"rendered":"https:\/\/antart.com.pl\/?post_type=product&#038;p=26955"},"modified":"2026-04-01T20:35:37","modified_gmt":"2026-04-01T18:35:37","slug":"art-nouveau-cabinet-with-crystal-mirror-in-rosewood","status":"publish","type":"product","link":"https:\/\/antart.com.pl\/en\/produkt\/szafa-secesyjna-z-lustrem-krysztalowym-z-drewna-palisandrowego\/","title":{"rendered":"Art Nouveau cabinet with crystal mirror in rosewood"},"content":{"rendered":"<h4 style=\"text-align: center;\"><strong><em>Art Nouveau cabinet with crystal mirror in rosewood.<\/em><\/strong><\/h4>\n<h4 style=\"text-align: center;\">Cabinet made of rosewood covered with mahogany veneer<\/h4>\n<h4><strong><em>Dimensions:<\/em><\/strong><\/h4>\n<ul>\n<li>\n<h4><strong><em>height: 199cm<\/em><\/strong><\/h4>\n<\/li>\n<li>\n<h4><strong><em>width: 99 cm<\/em><\/strong><\/h4>\n<\/li>\n<li>\n<h4><strong><em>depth: 45 cm<\/em><\/strong><\/h4>\n<\/li>\n<\/ul>\n<h4><strong><em>Drawer<\/em><\/strong><\/h4>\n<ul>\n<li>\n<h4><strong><em>length: 77cm<\/em><\/strong><\/h4>\n<\/li>\n<li>\n<h4><strong><em>depth: 32cm<\/em><\/strong><\/h4>\n<\/li>\n<li>\n<h4><strong><em>height: 20cm<\/em><\/strong><\/h4>\n<\/li>\n<\/ul>\n<h4><strong><em>Mirror, panel<\/em><\/strong><\/h4>\n<ul>\n<li>\n<h4><strong><em>length: 115cm<\/em><\/strong><\/h4>\n<\/li>\n<li>\n<h4><strong><em>width:24cm<\/em><\/strong><\/h4>\n<\/li>\n<\/ul>\n<h4><strong><em>One side of the side shows minor scratches.<\/em><\/strong><\/h4>\n<p>&nbsp;<\/p>\n<h4 style=\"text-align: center;\"><strong><em>The photos show the actual state of the object<\/em><\/strong><\/h4>\n<h4 style=\"text-align: center;\"><strong><em>Additional photos upon request<\/em><\/strong><\/h4>\n<h4 style=\"text-align: center;\"><strong><em>All our items on display are available in our warehouse.<\/em><\/strong><\/h4>\n<h4 style=\"text-align: center;\"><strong><em>Can be viewed by appointment.<\/em><\/strong><\/h4>\n<h4><strong><em>NR. ART 3656<\/em><\/strong><\/h4>","protected":false},"excerpt":{"rendered":"<p>Szafa secesyjna z lustrem kryszta\u0142owym z drewna palisandrowego. Szafa wykonana z drewna palisandrowego pokryta mahoniowym fornirem Wymiary: wysoko\u015b\u0107: 199cm szeroko\u015b\u0107: 99 cm g\u0142\u0119boko\u015b\u0107: 45 cm Szuflada d\u0142ugo\u015b\u0107: 77cm g\u0142\u0119boko\u015b\u0107: 32cm wysoko\u015b\u0107: 20cm Lustro, tafla d\u0142ugo\u015b\u0107: 115cm szeroko\u015b\u0107:24cm Z jednej strony boku wida\u0107 zarysowania niewielkie. &nbsp; Zdj\u0119cia przedstawiaj\u0105 stan faktyczny przedmiotu Dodatkowe zdj\u0119cia na pro\u015bb\u0119 zainteresowanych [&hellip;]<\/p>\n","protected":false},"featured_media":26926,"template":"","meta":{"_seopress_robots_primary_cat":"","_seopress_titles_title":"","_seopress_titles_desc":"","_seopress_robots_index":"","site-sidebar-layout":"default","site-content-layout":"","ast-site-content-layout":"default","site-content-style":"default","site-sidebar-style":"default","ast-global-header-display":"","ast-banner-title-visibility":"","ast-main-header-display":"","ast-hfb-above-header-display":"","ast-hfb-below-header-display":"","ast-hfb-mobile-header-display":"","site-post-title":"","ast-breadcrumbs-content":"","ast-featured-img":"","footer-sml-layout":"","ast-disable-related-posts":"","theme-transparent-header-meta":"default","adv-header-id-meta":"","stick-header-meta":"default","header-above-stick-meta":"","header-main-stick-meta":"","header-below-stick-meta":"","astra-migrate-meta-layouts":"set","ast-page-background-enabled":"default","ast-page-background-meta":{"desktop":{"background-color":"var(--ast-global-color-4)","background-image":"","background-repeat":"repeat","background-position":"center center","background-size":"auto","background-attachment":"scroll","background-type":"","background-media":"","overlay-type":"","overlay-color":"","overlay-opacity":"","overlay-gradient":""},"tablet":{"background-color":"","background-image":"","background-repeat":"repeat","background-position":"center center","background-size":"auto","background-attachment":"scroll","background-type":"","background-media":"","overlay-type":"","overlay-color":"","overlay-opacity":"","overlay-gradient":""},"mobile":{"background-color":"","background-image":"","background-repeat":"repeat","background-position":"center center","background-size":"auto","background-attachment":"scroll","background-type":"","background-media":"","overlay-type":"","overlay-color":"","overlay-opacity":"","overlay-gradient":""}},"ast-content-background-meta":{"desktop":{"background-color":"var(--ast-global-color-5)","background-image":"","background-repeat":"repeat","background-position":"center center","background-size":"auto","background-attachment":"scroll","background-type":"","background-media":"","overlay-type":"","overlay-color":"","overlay-opacity":"","overlay-gradient":""},"tablet":{"background-color":"var(--ast-global-color-5)","background-image":"","background-repeat":"repeat","background-position":"center center","background-size":"auto","background-attachment":"scroll","background-type":"","background-media":"","overlay-type":"","overlay-color":"","overlay-opacity":"","overlay-gradient":""},"mobile":{"background-color":"var(--ast-global-color-5)","background-image":"","background-repeat":"repeat","background-position":"center center","background-size":"auto","background-attachment":"scroll","background-type":"","background-media":"","overlay-type":"","overlay-color":"","overlay-opacity":"","overlay-gradient":""}}},"product_brand":[],"product_cat":[32,38],"product_tag":[],"class_list":{"0":"post-26955","1":"product","2":"type-product","3":"status-publish","4":"has-post-thumbnail","6":"product_cat-meble","7":"product_cat-szafy-szafki","8":"product_shipping_class-osobisty","9":"desktop-align-left","10":"tablet-align-left","11":"mobile-align-left","12":"ast-product-gallery-layout-vertical-slider","13":"ast-product-tabs-layout-horizontal","14":"ast-qv-on-image","16":"first","17":"instock","18":"sale","19":"sold-individually","20":"shipping-taxable","21":"purchasable","22":"product-type-simple"},"_links":{"self":[{"href":"https:\/\/antart.com.pl\/en\/wp-json\/wp\/v2\/product\/26955","targetHints":{"allow":["GET"]}}],"collection":[{"href":"https:\/\/antart.com.pl\/en\/wp-json\/wp\/v2\/product"}],"about":[{"href":"https:\/\/antart.com.pl\/en\/wp-json\/wp\/v2\/types\/product"}],"wp:featuredmedia":[{"embeddable":true,"href":"https:\/\/antart.com.pl\/en\/wp-json\/wp\/v2\/media\/26926"}],"wp:attachment":[{"href":"https:\/\/antart.com.pl\/en\/wp-json\/wp\/v2\/media?parent=26955"}],"wp:term":[{"taxonomy":"product_brand","embeddable":true,"href":"https:\/\/antart.com.pl\/en\/wp-json\/wp\/v2\/product_brand?post=26955"},{"taxonomy":"product_cat","embeddable":true,"href":"https:\/\/antart.com.pl\/en\/wp-json\/wp\/v2\/product_cat?post=26955"},{"taxonomy":"product_tag","embeddable":true,"href":"https:\/\/antart.com.pl\/en\/wp-json\/wp\/v2\/product_tag?post=26955"}],"curies":[{"name":"wp","href":"https:\/\/api.w.org\/{rel}","templated":true}]}}