{"id":27121,"date":"2025-04-26T18:29:57","date_gmt":"2025-04-26T16:29:57","guid":{"rendered":"https:\/\/antart.com.pl\/?post_type=product&#038;p=27121"},"modified":"2026-04-01T20:06:58","modified_gmt":"2026-04-01T18:06:58","slug":"cabinet-with-drawers-in-rosewood","status":"publish","type":"product","link":"https:\/\/antart.com.pl\/en\/produkt\/szafka-z-szufladami-z-drewna-palisandrowego\/","title":{"rendered":"Cabinet with drawers in rosewood"},"content":{"rendered":"<h4 style=\"text-align: center;\"><em><b>Cabinet with drawers in rosewood<\/b><\/em><\/h4>\n<h4 style=\"text-align: center;\"><em>A solid cabinet for the children's room.<\/em><\/h4>\n<h4 style=\"text-align: center;\"><em>The cabinet has two drawers.<\/em><\/h4>\n<h4 style=\"text-align: center;\"><em>The cabinet is made of rosewood with a stable construction.<\/em><\/h4>\n<h4><em><b>Dimensions:<\/b><\/em><\/h4>\n<ul>\n<li>\n<h4><em>height: 65 cm<\/em><\/h4>\n<\/li>\n<li>\n<h4><em>width: 51 cm<\/em><\/h4>\n<\/li>\n<li>\n<h4><em>depth: 35 cm<\/em><\/h4>\n<\/li>\n<\/ul>\n<h4><em><b>Drawer 1<\/b><\/em><\/h4>\n<ul>\n<li>\n<h4><em>height: 20cm<\/em><\/h4>\n<\/li>\n<li>\n<h4><em>width: 41.5cm<\/em><\/h4>\n<\/li>\n<li>\n<h4><em>depth: 26 cm<\/em><\/h4>\n<\/li>\n<\/ul>\n<h4><\/h4>\n<h4><em><b>Drawer 2<\/b><\/em><\/h4>\n<ul>\n<li>\n<h4><em>height: 15cm<\/em><\/h4>\n<\/li>\n<li>\n<h4><em>width: 37.5cm<\/em><\/h4>\n<\/li>\n<li>\n<h4><em>depth: 31 cm<\/em><\/h4>\n<\/li>\n<\/ul>\n<h4 style=\"text-align: center;\"><em><b>The photos show the actual state of the object<\/b><\/em><\/h4>\n<h4 style=\"text-align: center;\"><em><b>Additional photos upon request<\/b><\/em><\/h4>\n<h4 style=\"text-align: center;\"><em><b>All our items on display are available in our warehouse.<\/b><\/em><\/h4>\n<h4 style=\"text-align: center;\"><em><b>Can be viewed by appointment.<\/b><\/em><\/h4>\n<h4><em><b>NO. ART 3642<\/b><\/em><\/h4>","protected":false},"excerpt":{"rendered":"<p>Szafka z szufladami z drewna palisandrowego Solidna szafka do pokoju dziecinnego. Szafka posiada dwie szuflady. Szafka wykonana z drewna palisandrowego o stabilnej konstrukcji. Wymiary: wysoko\u015b\u0107: 65 cm szeroko\u015b\u0107: 51 cm g\u0142\u0119boko\u015b\u0107: 35 cm Szuflada 1 wysoko\u015b\u0107: 20cm szeroko\u015b\u0107: 41,5cm g\u0142\u0119boko\u015b\u0107: 26 cm Szuflada 2 wysoko\u015b\u0107: 15cm szeroko\u015b\u0107: 37,5cm g\u0142\u0119boko\u015b\u0107: 31 cm Zdj\u0119cia przedstawiaj\u0105 stan faktyczny [&hellip;]<\/p>\n","protected":false},"featured_media":27129,"template":"","meta":{"_seopress_robots_primary_cat":"","_seopress_titles_title":"","_seopress_titles_desc":"","_seopress_robots_index":"","site-sidebar-layout":"default","site-content-layout":"","ast-site-content-layout":"default","site-content-style":"default","site-sidebar-style":"default","ast-global-header-display":"","ast-banner-title-visibility":"","ast-main-header-display":"","ast-hfb-above-header-display":"","ast-hfb-below-header-display":"","ast-hfb-mobile-header-display":"","site-post-title":"","ast-breadcrumbs-content":"","ast-featured-img":"","footer-sml-layout":"","ast-disable-related-posts":"","theme-transparent-header-meta":"default","adv-header-id-meta":"","stick-header-meta":"default","header-above-stick-meta":"","header-main-stick-meta":"","header-below-stick-meta":"","astra-migrate-meta-layouts":"set","ast-page-background-enabled":"default","ast-page-background-meta":{"desktop":{"background-color":"var(--ast-global-color-4)","background-image":"","background-repeat":"repeat","background-position":"center center","background-size":"auto","background-attachment":"scroll","background-type":"","background-media":"","overlay-type":"","overlay-color":"","overlay-opacity":"","overlay-gradient":""},"tablet":{"background-color":"","background-image":"","background-repeat":"repeat","background-position":"center center","background-size":"auto","background-attachment":"scroll","background-type":"","background-media":"","overlay-type":"","overlay-color":"","overlay-opacity":"","overlay-gradient":""},"mobile":{"background-color":"","background-image":"","background-repeat":"repeat","background-position":"center center","background-size":"auto","background-attachment":"scroll","background-type":"","background-media":"","overlay-type":"","overlay-color":"","overlay-opacity":"","overlay-gradient":""}},"ast-content-background-meta":{"desktop":{"background-color":"var(--ast-global-color-5)","background-image":"","background-repeat":"repeat","background-position":"center center","background-size":"auto","background-attachment":"scroll","background-type":"","background-media":"","overlay-type":"","overlay-color":"","overlay-opacity":"","overlay-gradient":""},"tablet":{"background-color":"var(--ast-global-color-5)","background-image":"","background-repeat":"repeat","background-position":"center center","background-size":"auto","background-attachment":"scroll","background-type":"","background-media":"","overlay-type":"","overlay-color":"","overlay-opacity":"","overlay-gradient":""},"mobile":{"background-color":"var(--ast-global-color-5)","background-image":"","background-repeat":"repeat","background-position":"center center","background-size":"auto","background-attachment":"scroll","background-type":"","background-media":"","overlay-type":"","overlay-color":"","overlay-opacity":"","overlay-gradient":""}}},"product_brand":[],"product_cat":[32,43,38],"product_tag":[],"class_list":{"0":"post-27121","1":"product","2":"type-product","3":"status-publish","4":"has-post-thumbnail","6":"product_cat-meble","7":"product_cat-meble-designe","8":"product_cat-szafy-szafki","9":"product_shipping_class-wysylka-50zl","10":"desktop-align-left","11":"tablet-align-left","12":"mobile-align-left","13":"ast-product-gallery-layout-vertical-slider","14":"ast-product-tabs-layout-horizontal","15":"ast-qv-on-image","17":"first","18":"instock","19":"sale","20":"sold-individually","21":"shipping-taxable","22":"purchasable","23":"product-type-simple"},"_links":{"self":[{"href":"https:\/\/antart.com.pl\/en\/wp-json\/wp\/v2\/product\/27121","targetHints":{"allow":["GET"]}}],"collection":[{"href":"https:\/\/antart.com.pl\/en\/wp-json\/wp\/v2\/product"}],"about":[{"href":"https:\/\/antart.com.pl\/en\/wp-json\/wp\/v2\/types\/product"}],"wp:featuredmedia":[{"embeddable":true,"href":"https:\/\/antart.com.pl\/en\/wp-json\/wp\/v2\/media\/27129"}],"wp:attachment":[{"href":"https:\/\/antart.com.pl\/en\/wp-json\/wp\/v2\/media?parent=27121"}],"wp:term":[{"taxonomy":"product_brand","embeddable":true,"href":"https:\/\/antart.com.pl\/en\/wp-json\/wp\/v2\/product_brand?post=27121"},{"taxonomy":"product_cat","embeddable":true,"href":"https:\/\/antart.com.pl\/en\/wp-json\/wp\/v2\/product_cat?post=27121"},{"taxonomy":"product_tag","embeddable":true,"href":"https:\/\/antart.com.pl\/en\/wp-json\/wp\/v2\/product_tag?post=27121"}],"curies":[{"name":"wp","href":"https:\/\/api.w.org\/{rel}","templated":true}]}}