{"id":27514,"date":"2025-05-01T17:55:04","date_gmt":"2025-05-01T15:55:04","guid":{"rendered":"https:\/\/antart.com.pl\/?post_type=product&#038;p=27514"},"modified":"2026-04-01T20:09:56","modified_gmt":"2026-04-01T18:09:56","slug":"large-ceramic-lamp-from-the-1960s","status":"publish","type":"product","link":"https:\/\/antart.com.pl\/en\/produkt\/duza-lampa-ceramiczna-z-lat-60-tych\/","title":{"rendered":"Large ceramic lamp from the 1960s"},"content":{"rendered":"<h4 style=\"text-align: center;\"><em><b>Large ceramic lamp from the 1960s<\/b><\/em><\/h4>\n<h4 style=\"text-align: center;\"><em>Large standing lamp, can also be used as a table lamp.\u00a0<\/em><\/h4>\n<h4 style=\"text-align: center;\"><em>Ceramic lamp with extra-high jute-covered conical shade.<\/em><\/h4>\n<h4 style=\"text-align: center;\"><em>The lampshade in the middle section is slightly cracked but does not interfere with use.<\/em><\/h4>\n<p>&nbsp;<\/p>\n<h4><em>Dimensions:<\/em><\/h4>\n<ul>\n<li>\n<h4><em>total height: 131.5cm<\/em><\/h4>\n<\/li>\n<li>\n<h4><em>base diameter: 30cm<\/em><\/h4>\n<\/li>\n<li>\n<h4><em>diameter of the upper part of the lampshade: 23.5 cm<\/em><\/h4>\n<\/li>\n<li>\n<h4><em>diameter of the lower part of the lampshade: 40cm<\/em><\/h4>\n<\/li>\n<li>\n<h4><em>height of lampshade: 85.5cm<\/em><\/h4>\n<\/li>\n<\/ul>\n<h4 style=\"text-align: center;\"><em>.<\/em><\/h4>\n<h4 style=\"text-align: center;\"><em><b>The photos show the actual state of the object<\/b><\/em><\/h4>\n<h4 style=\"text-align: center;\"><em><b>Additional photos upon request<\/b><\/em><\/h4>\n<h4 style=\"text-align: center;\"><em><b>All our items on display are available in our warehouse.<\/b><\/em><\/h4>\n<h4 style=\"text-align: center;\"><em><b>Can be viewed by appointment.<\/b><\/em><\/h4>\n<h4><em><b>NO. ART 3668<\/b><\/em><\/h4>","protected":false},"excerpt":{"rendered":"<p>Du\u017ca lampa ceramiczna z lat 60-tych Du\u017ca lampa stoj\u0105ca, mo\u017ce by\u0107 r\u00f3wnie\u017c jako sto\u0142owa.\u00a0 Lampa ceramiczna z bardzo wysokim kloszem sto\u017ckowym pokrytym jut\u0105. Klosz w cz\u0119\u015bci \u015brodkowej delikatnie p\u0119kni\u0119ty ale nie przeszkadza w u\u017cytkowaniu. &nbsp; Wymiary: wysoko\u015b\u0107 ca\u0142kowita: 131,5cm cm \u015brednica podstawy: 30cm \u015brednica g\u00f3rnej cz\u0119\u015bci aba\u017curu: 23,5 cm \u015brednica dolnej cz\u0119\u015bci aba\u017curu: 40cm wysoko\u015b\u0107 [&hellip;]<\/p>\n","protected":false},"featured_media":27291,"template":"","meta":{"_seopress_robots_primary_cat":"","_seopress_titles_title":"","_seopress_titles_desc":"","_seopress_robots_index":"","site-sidebar-layout":"default","site-content-layout":"","ast-site-content-layout":"default","site-content-style":"default","site-sidebar-style":"default","ast-global-header-display":"","ast-banner-title-visibility":"","ast-main-header-display":"","ast-hfb-above-header-display":"","ast-hfb-below-header-display":"","ast-hfb-mobile-header-display":"","site-post-title":"","ast-breadcrumbs-content":"","ast-featured-img":"","footer-sml-layout":"","ast-disable-related-posts":"","theme-transparent-header-meta":"default","adv-header-id-meta":"","stick-header-meta":"default","header-above-stick-meta":"","header-main-stick-meta":"","header-below-stick-meta":"","astra-migrate-meta-layouts":"set","ast-page-background-enabled":"default","ast-page-background-meta":{"desktop":{"background-color":"var(--ast-global-color-4)","background-image":"","background-repeat":"repeat","background-position":"center center","background-size":"auto","background-attachment":"scroll","background-type":"","background-media":"","overlay-type":"","overlay-color":"","overlay-opacity":"","overlay-gradient":""},"tablet":{"background-color":"","background-image":"","background-repeat":"repeat","background-position":"center center","background-size":"auto","background-attachment":"scroll","background-type":"","background-media":"","overlay-type":"","overlay-color":"","overlay-opacity":"","overlay-gradient":""},"mobile":{"background-color":"","background-image":"","background-repeat":"repeat","background-position":"center center","background-size":"auto","background-attachment":"scroll","background-type":"","background-media":"","overlay-type":"","overlay-color":"","overlay-opacity":"","overlay-gradient":""}},"ast-content-background-meta":{"desktop":{"background-color":"var(--ast-global-color-5)","background-image":"","background-repeat":"repeat","background-position":"center center","background-size":"auto","background-attachment":"scroll","background-type":"","background-media":"","overlay-type":"","overlay-color":"","overlay-opacity":"","overlay-gradient":""},"tablet":{"background-color":"var(--ast-global-color-5)","background-image":"","background-repeat":"repeat","background-position":"center center","background-size":"auto","background-attachment":"scroll","background-type":"","background-media":"","overlay-type":"","overlay-color":"","overlay-opacity":"","overlay-gradient":""},"mobile":{"background-color":"var(--ast-global-color-5)","background-image":"","background-repeat":"repeat","background-position":"center center","background-size":"auto","background-attachment":"scroll","background-type":"","background-media":"","overlay-type":"","overlay-color":"","overlay-opacity":"","overlay-gradient":""}}},"product_brand":[],"product_cat":[52,40,30],"product_tag":[],"class_list":{"0":"post-27514","1":"product","2":"type-product","3":"status-publish","4":"has-post-thumbnail","6":"product_cat-lampy-stojace","7":"product_cat-lampy-stolowe","8":"product_cat-oswietlenie","9":"product_shipping_class-wysylka-70zl","10":"desktop-align-left","11":"tablet-align-left","12":"mobile-align-left","13":"ast-product-gallery-layout-vertical-slider","14":"ast-product-tabs-layout-horizontal","15":"ast-qv-on-image","17":"first","18":"instock","19":"sale","20":"sold-individually","21":"shipping-taxable","22":"purchasable","23":"product-type-simple"},"_links":{"self":[{"href":"https:\/\/antart.com.pl\/en\/wp-json\/wp\/v2\/product\/27514","targetHints":{"allow":["GET"]}}],"collection":[{"href":"https:\/\/antart.com.pl\/en\/wp-json\/wp\/v2\/product"}],"about":[{"href":"https:\/\/antart.com.pl\/en\/wp-json\/wp\/v2\/types\/product"}],"wp:featuredmedia":[{"embeddable":true,"href":"https:\/\/antart.com.pl\/en\/wp-json\/wp\/v2\/media\/27291"}],"wp:attachment":[{"href":"https:\/\/antart.com.pl\/en\/wp-json\/wp\/v2\/media?parent=27514"}],"wp:term":[{"taxonomy":"product_brand","embeddable":true,"href":"https:\/\/antart.com.pl\/en\/wp-json\/wp\/v2\/product_brand?post=27514"},{"taxonomy":"product_cat","embeddable":true,"href":"https:\/\/antart.com.pl\/en\/wp-json\/wp\/v2\/product_cat?post=27514"},{"taxonomy":"product_tag","embeddable":true,"href":"https:\/\/antart.com.pl\/en\/wp-json\/wp\/v2\/product_tag?post=27514"}],"curies":[{"name":"wp","href":"https:\/\/api.w.org\/{rel}","templated":true}]}}