{"id":28824,"date":"2025-05-23T09:09:50","date_gmt":"2025-05-23T07:09:50","guid":{"rendered":"https:\/\/antart.com.pl\/?post_type=product&#038;p=28824"},"modified":"2026-04-01T20:33:48","modified_gmt":"2026-04-01T18:33:48","slug":"lava-table-tek-vintage-60s-70s","status":"publish","type":"product","link":"https:\/\/antart.com.pl\/en\/produkt\/stolik-lawa-dania-tek-vintage-lata-60-70-te\/","title":{"rendered":"Table, bench Dania TEK vintage 1960s\/70s"},"content":{"rendered":"<h4 style=\"text-align: center;\"><em><strong>Table, bench Dania TEK vintage 1960s\/70s<\/strong><\/em><\/h4>\n<h4 style=\"text-align: center;\"><em><strong>Folding bench.<\/strong><\/em><\/h4>\n<h4 style=\"text-align: center;\"><em><strong>Table from Danish.<\/strong><\/em><\/h4>\n<h4 style=\"text-align: center;\"><em><strong>Table made of solid teak wood<\/strong><\/em><\/h4>\n<h4 style=\"text-align: center;\"><em><strong>Dated to the late 1960s<\/strong><\/em><\/h4>\n<p>&nbsp;<\/p>\n<h4><em><strong>Folded dimensions:<\/strong><\/em><\/h4>\n<ul>\n<li>\n<h4><em><strong>height: 50 cm<\/strong><\/em><\/h4>\n<\/li>\n<li>\n<h4><em><strong>diameter: 90 cm<\/strong><\/em><\/h4>\n<\/li>\n<\/ul>\n<h4><em><strong>When unfolded<\/strong><\/em><\/h4>\n<ul>\n<li>\n<h4><em><strong>length: 140cm<\/strong><\/em><\/h4>\n<\/li>\n<li>\n<h4><em><strong>width: 90cm<\/strong><\/em><\/h4>\n<\/li>\n<li>\n<h4><em><strong>height: 50cm<\/strong><\/em><\/h4>\n<\/li>\n<\/ul>\n<h4><em><strong>Inset<\/strong><\/em><\/h4>\n<ul>\n<li>\n<h4><em><strong>width: 90 cm<\/strong><\/em><\/h4>\n<\/li>\n<li>\n<h4><em><strong>depth: 50cm<\/strong><\/em><\/h4>\n<\/li>\n<\/ul>\n<h4 style=\"text-align: center;\"><em><strong>The photos show the actual state of the object<\/strong><\/em><\/h4>\n<h4 style=\"text-align: center;\"><em><strong>Additional photos upon request<\/strong><\/em><\/h4>\n<h4 style=\"text-align: center;\"><em><strong>All our items on display are available in our warehouse.<\/strong><\/em><\/h4>\n<h4 style=\"text-align: center;\"><em><strong>Can be viewed by appointment.<\/strong><\/em><\/h4>\n<h4><em><strong>NO. ART 3712<\/strong><\/em><\/h4>","protected":false},"excerpt":{"rendered":"<p>Stolik, \u0142awa Dania TEK vintage lata 60\/70-te \u0141awa rozk\u0142adana. Stolik z du\u0144skiej. Stolik wykonany z litego drewna tekowego Datowany na koniec 60-tych lat &nbsp; Wymiary z\u0142o\u017conego: wysoko\u015b\u0107: 50 cm \u015brednica: 90 cm Po roz\u0142o\u017ceniu d\u0142ugo\u015b\u0107: 140cm szeroko\u015b\u0107: 90cm wysoko\u015b\u0107: 50cm Wk\u0142adka szeroko\u015b\u0107: 90 cm g\u0142\u0119boko\u015b\u0107: 50cm Zdj\u0119cia przedstawiaj\u0105 stan faktyczny przedmiotu Dodatkowe zdj\u0119cia na pro\u015bb\u0119 [&hellip;]<\/p>\n","protected":false},"featured_media":28751,"template":"","meta":{"_seopress_robots_primary_cat":"","_seopress_titles_title":"","_seopress_titles_desc":"","_seopress_robots_index":"","site-sidebar-layout":"default","site-content-layout":"","ast-site-content-layout":"default","site-content-style":"default","site-sidebar-style":"default","ast-global-header-display":"","ast-banner-title-visibility":"","ast-main-header-display":"","ast-hfb-above-header-display":"","ast-hfb-below-header-display":"","ast-hfb-mobile-header-display":"","site-post-title":"","ast-breadcrumbs-content":"","ast-featured-img":"","footer-sml-layout":"","ast-disable-related-posts":"","theme-transparent-header-meta":"default","adv-header-id-meta":"","stick-header-meta":"default","header-above-stick-meta":"","header-main-stick-meta":"","header-below-stick-meta":"","astra-migrate-meta-layouts":"set","ast-page-background-enabled":"default","ast-page-background-meta":{"desktop":{"background-color":"var(--ast-global-color-4)","background-image":"","background-repeat":"repeat","background-position":"center center","background-size":"auto","background-attachment":"scroll","background-type":"","background-media":"","overlay-type":"","overlay-color":"","overlay-opacity":"","overlay-gradient":""},"tablet":{"background-color":"","background-image":"","background-repeat":"repeat","background-position":"center center","background-size":"auto","background-attachment":"scroll","background-type":"","background-media":"","overlay-type":"","overlay-color":"","overlay-opacity":"","overlay-gradient":""},"mobile":{"background-color":"","background-image":"","background-repeat":"repeat","background-position":"center center","background-size":"auto","background-attachment":"scroll","background-type":"","background-media":"","overlay-type":"","overlay-color":"","overlay-opacity":"","overlay-gradient":""}},"ast-content-background-meta":{"desktop":{"background-color":"var(--ast-global-color-5)","background-image":"","background-repeat":"repeat","background-position":"center center","background-size":"auto","background-attachment":"scroll","background-type":"","background-media":"","overlay-type":"","overlay-color":"","overlay-opacity":"","overlay-gradient":""},"tablet":{"background-color":"var(--ast-global-color-5)","background-image":"","background-repeat":"repeat","background-position":"center center","background-size":"auto","background-attachment":"scroll","background-type":"","background-media":"","overlay-type":"","overlay-color":"","overlay-opacity":"","overlay-gradient":""},"mobile":{"background-color":"var(--ast-global-color-5)","background-image":"","background-repeat":"repeat","background-position":"center center","background-size":"auto","background-attachment":"scroll","background-type":"","background-media":"","overlay-type":"","overlay-color":"","overlay-opacity":"","overlay-gradient":""}}},"product_brand":[],"product_cat":[32,33],"product_tag":[],"class_list":{"0":"post-28824","1":"product","2":"type-product","3":"status-publish","4":"has-post-thumbnail","6":"product_cat-meble","7":"product_cat-stoly-stoliki","8":"product_shipping_class-wysylka-100zl","9":"desktop-align-left","10":"tablet-align-left","11":"mobile-align-left","12":"ast-product-gallery-layout-vertical-slider","13":"ast-product-tabs-layout-horizontal","14":"ast-qv-on-image","16":"first","17":"instock","18":"sale","19":"sold-individually","20":"shipping-taxable","21":"purchasable","22":"product-type-simple"},"_links":{"self":[{"href":"https:\/\/antart.com.pl\/en\/wp-json\/wp\/v2\/product\/28824","targetHints":{"allow":["GET"]}}],"collection":[{"href":"https:\/\/antart.com.pl\/en\/wp-json\/wp\/v2\/product"}],"about":[{"href":"https:\/\/antart.com.pl\/en\/wp-json\/wp\/v2\/types\/product"}],"wp:featuredmedia":[{"embeddable":true,"href":"https:\/\/antart.com.pl\/en\/wp-json\/wp\/v2\/media\/28751"}],"wp:attachment":[{"href":"https:\/\/antart.com.pl\/en\/wp-json\/wp\/v2\/media?parent=28824"}],"wp:term":[{"taxonomy":"product_brand","embeddable":true,"href":"https:\/\/antart.com.pl\/en\/wp-json\/wp\/v2\/product_brand?post=28824"},{"taxonomy":"product_cat","embeddable":true,"href":"https:\/\/antart.com.pl\/en\/wp-json\/wp\/v2\/product_cat?post=28824"},{"taxonomy":"product_tag","embeddable":true,"href":"https:\/\/antart.com.pl\/en\/wp-json\/wp\/v2\/product_tag?post=28824"}],"curies":[{"name":"wp","href":"https:\/\/api.w.org\/{rel}","templated":true}]}}