{"id":29828,"date":"2025-05-31T10:31:56","date_gmt":"2025-05-31T08:31:56","guid":{"rendered":"https:\/\/antart.com.pl\/?post_type=product&#038;p=29828"},"modified":"2025-05-31T10:31:56","modified_gmt":"2025-05-31T08:31:56","slug":"cabinet-desk-in-ludwik-style-with-marquetry-2","status":"publish","type":"product","link":"https:\/\/antart.com.pl\/en\/produkt\/sekretarzyk-biurko-w-stylu-ludwikowskim-z-intarsja-2\/","title":{"rendered":"Bookcase, Folkstyle desk with inlay"},"content":{"rendered":"<h4 style=\"text-align: center;\"><strong><em>Bookcase, Folkstyle desk with inlay<\/em><\/strong><\/h4>\n<h4 style=\"text-align: center;\"><strong><em>Stable construction.<\/em><\/strong><\/h4>\n<h4 style=\"text-align: center;\"><strong><em>Secretariat covered in teak veneer with marquetry.<\/em><\/strong><\/h4>\n<h4 style=\"text-align: center;\"><strong><em>The desk has 2 drawers.<\/em><\/strong><\/h4>\n<h4><strong><em>Dimensions:<\/em><\/strong><\/h4>\n<ul>\n<li>\n<h4><strong><em>height: 86 cm<\/em><\/strong><\/h4>\n<\/li>\n<li>\n<h4><strong><em>width: 83.5 cm<\/em><\/strong><\/h4>\n<\/li>\n<li>\n<h4><strong><em>depth: 37 cm<\/em><\/strong><\/h4>\n<\/li>\n<\/ul>\n<h4><strong><em>Drawer dimensions<\/em><\/strong><\/h4>\n<ul>\n<li>\n<h4><strong><em>length: 77.5cm<\/em><\/strong><\/h4>\n<\/li>\n<li>\n<h4><strong><em>depth: 29cm<\/em><\/strong><\/h4>\n<\/li>\n<li>\n<h4><strong><em>height: 14cm<\/em><\/strong><\/h4>\n<\/li>\n<\/ul>\n<h4 style=\"text-align: center;\"><strong><em>The photos show the actual state of the object<\/em><\/strong><\/h4>\n<h4 style=\"text-align: center;\"><strong><em>Additional photos upon request<\/em><\/strong><\/h4>\n<h4 style=\"text-align: center;\"><strong><em>All our items on display are available in our warehouse.<\/em><\/strong><\/h4>\n<h4 style=\"text-align: center;\"><strong><em>Can be viewed by appointment.<\/em><\/strong><\/h4>\n<h4><strong><em>No. 3752<\/em><\/strong><\/h4>","protected":false},"excerpt":{"rendered":"<p>Sekretarzyk, biurko w stylu ludwikowskim z intarsj\u0105 Konstrukcja stabilna. Sekretarzyk pokryty fornirem tekowym z intarsj\u0105. Biurko posiada 2 szuflady. Wymiary: wysoko\u015b\u0107: 86 cm szeroko\u015b\u0107: 83,5 cm g\u0142\u0119boko\u015b\u0107: 37 cm Wymiary szuflad d\u0142ugo\u015b\u0107: 77,5cm g\u0142\u0119boko\u015b\u0107: 29cm wysoko\u015b\u0107: 14cm Zdj\u0119cia przedstawiaj\u0105 stan faktyczny przedmiotu Dodatkowe zdj\u0119cia na pro\u015bb\u0119 zainteresowanych Wszystkie nasze przedmioty wystawione s\u0105 dost\u0119pne w naszym [&hellip;]<\/p>\n","protected":false},"featured_media":29803,"template":"","meta":{"_seopress_robots_primary_cat":"","_seopress_titles_title":"","_seopress_titles_desc":"","_seopress_robots_index":"","site-sidebar-layout":"default","site-content-layout":"","ast-site-content-layout":"default","site-content-style":"default","site-sidebar-style":"default","ast-global-header-display":"","ast-banner-title-visibility":"","ast-main-header-display":"","ast-hfb-above-header-display":"","ast-hfb-below-header-display":"","ast-hfb-mobile-header-display":"","site-post-title":"","ast-breadcrumbs-content":"","ast-featured-img":"","footer-sml-layout":"","ast-disable-related-posts":"","theme-transparent-header-meta":"default","adv-header-id-meta":"","stick-header-meta":"default","header-above-stick-meta":"","header-main-stick-meta":"","header-below-stick-meta":"","astra-migrate-meta-layouts":"set","ast-page-background-enabled":"default","ast-page-background-meta":{"desktop":{"background-color":"var(--ast-global-color-4)","background-image":"","background-repeat":"repeat","background-position":"center center","background-size":"auto","background-attachment":"scroll","background-type":"","background-media":"","overlay-type":"","overlay-color":"","overlay-opacity":"","overlay-gradient":""},"tablet":{"background-color":"","background-image":"","background-repeat":"repeat","background-position":"center center","background-size":"auto","background-attachment":"scroll","background-type":"","background-media":"","overlay-type":"","overlay-color":"","overlay-opacity":"","overlay-gradient":""},"mobile":{"background-color":"","background-image":"","background-repeat":"repeat","background-position":"center center","background-size":"auto","background-attachment":"scroll","background-type":"","background-media":"","overlay-type":"","overlay-color":"","overlay-opacity":"","overlay-gradient":""}},"ast-content-background-meta":{"desktop":{"background-color":"var(--ast-global-color-5)","background-image":"","background-repeat":"repeat","background-position":"center center","background-size":"auto","background-attachment":"scroll","background-type":"","background-media":"","overlay-type":"","overlay-color":"","overlay-opacity":"","overlay-gradient":""},"tablet":{"background-color":"var(--ast-global-color-5)","background-image":"","background-repeat":"repeat","background-position":"center center","background-size":"auto","background-attachment":"scroll","background-type":"","background-media":"","overlay-type":"","overlay-color":"","overlay-opacity":"","overlay-gradient":""},"mobile":{"background-color":"var(--ast-global-color-5)","background-image":"","background-repeat":"repeat","background-position":"center center","background-size":"auto","background-attachment":"scroll","background-type":"","background-media":"","overlay-type":"","overlay-color":"","overlay-opacity":"","overlay-gradient":""}}},"product_brand":[],"product_cat":[55,32],"product_tag":[],"class_list":{"0":"post-29828","1":"product","2":"type-product","3":"status-publish","4":"has-post-thumbnail","6":"product_cat-biurka-sekretery","7":"product_cat-meble","8":"product_shipping_class-wysylka-180zl","9":"desktop-align-left","10":"tablet-align-left","11":"mobile-align-left","12":"ast-product-gallery-layout-vertical-slider","13":"ast-product-tabs-layout-horizontal","14":"ast-qv-on-image","16":"first","17":"instock","18":"sold-individually","19":"shipping-taxable","20":"purchasable","21":"product-type-simple"},"_links":{"self":[{"href":"https:\/\/antart.com.pl\/en\/wp-json\/wp\/v2\/product\/29828","targetHints":{"allow":["GET"]}}],"collection":[{"href":"https:\/\/antart.com.pl\/en\/wp-json\/wp\/v2\/product"}],"about":[{"href":"https:\/\/antart.com.pl\/en\/wp-json\/wp\/v2\/types\/product"}],"wp:featuredmedia":[{"embeddable":true,"href":"https:\/\/antart.com.pl\/en\/wp-json\/wp\/v2\/media\/29803"}],"wp:attachment":[{"href":"https:\/\/antart.com.pl\/en\/wp-json\/wp\/v2\/media?parent=29828"}],"wp:term":[{"taxonomy":"product_brand","embeddable":true,"href":"https:\/\/antart.com.pl\/en\/wp-json\/wp\/v2\/product_brand?post=29828"},{"taxonomy":"product_cat","embeddable":true,"href":"https:\/\/antart.com.pl\/en\/wp-json\/wp\/v2\/product_cat?post=29828"},{"taxonomy":"product_tag","embeddable":true,"href":"https:\/\/antart.com.pl\/en\/wp-json\/wp\/v2\/product_tag?post=29828"}],"curies":[{"name":"wp","href":"https:\/\/api.w.org\/{rel}","templated":true}]}}