{"id":30077,"date":"2025-06-02T10:45:27","date_gmt":"2025-06-02T08:45:27","guid":{"rendered":"https:\/\/antart.com.pl\/?post_type=product&#038;p=30077"},"modified":"2025-07-18T09:54:09","modified_gmt":"2025-07-18T07:54:09","slug":"cup-in-the-zest-trio-of-the-seltmann-weiden-manufacture","status":"publish","type":"product","link":"https:\/\/antart.com.pl\/en\/produkt\/filizanka-w-zest-trio-wytworni-seltmann-weiden\/","title":{"rendered":"Cup in zest. Trio by Seltmann Weiden"},"content":{"rendered":"<h4 style=\"text-align: center;\"><em><b>Cup in a trio set by the Seltmann Weiden label. Porcelain in white, finished in green and gilt with pattern.\u00a0<\/b><\/em><\/h4>\n<h4><\/h4>\n<h4><em><b>I have 6pc of the set for sale.\u00a0<\/b><\/em><\/h4>\n<h4><em><b>The price is for 1pc of the trio set.\u00a0<\/b><\/em><\/h4>\n<h4><\/h4>\n<h4><em><b>Dimensions\u00a0<\/b><\/em><\/h4>\n<h4><em><b>Cup\u00a0<\/b><\/em><\/h4>\n<ul>\n<li>\n<h4><em><b>diameter: 8cm.\u00a0<\/b><\/em><\/h4>\n<\/li>\n<li>\n<h4><em><b>height: 6.5cm.\u00a0<\/b><\/em><\/h4>\n<\/li>\n<li>\n<h4><em><b>capacity: 150ml.\u00a0<\/b><\/em><\/h4>\n<\/li>\n<\/ul>\n<h4><em><b>Spodek\u00a0<\/b><\/em><\/h4>\n<ul>\n<li>\n<h4><em><b>diameter: 14.5 cm\u00a0<\/b><\/em><\/h4>\n<\/li>\n<li>\n<h4><em><b>height: 2 cm.\u00a0<\/b><\/em><\/h4>\n<\/li>\n<\/ul>\n<h4><em><b>Dessert plate\u00a0<\/b><\/em><\/h4>\n<ul>\n<li>\n<h4><em><b>19cm diameter.\u00a0<\/b><\/em><\/h4>\n<\/li>\n<li>\n<h4><em><b>height: 2cm.\u00a0<\/b><\/em><\/h4>\n<\/li>\n<\/ul>\n<h4 style=\"text-align: center;\"><em><b>The photos show the actual state of the object<\/b><\/em><\/h4>\n<h4 style=\"text-align: center;\"><em><b>Additional photos upon request<\/b><\/em><\/h4>\n<h4 style=\"text-align: center;\"><em><b>All our items on display are available in our warehouse.<\/b><\/em><\/h4>\n<h4 style=\"text-align: center;\"><em><b>Can be viewed by appointment.<\/b><\/em><\/h4>\n<h4><\/h4>\n<h4><em><b>No.4747<\/b><\/em><\/h4>","protected":false},"excerpt":{"rendered":"<p>Fili\u017canka w zestawie trio wytw\u00f3rni Seltmann Weiden. Porcelana w kolorze bia\u0142ym, wyko\u0144czona kolorem zielonym oraz z\u0142oceniami z wzorem.\u00a0 Posiadam w sprzeda\u017cy 6szt zestawu.\u00a0 Cena dotyczy 1szt zestawu trio.\u00a0 Wymiary\u00a0 Fili\u017canka\u00a0 \u015brednica: 8cm.\u00a0 wysoko\u015b\u0107: 6,5cm.\u00a0 poj: 150ml.\u00a0 Spodek\u00a0 \u015brednica: 14,5 cm\u00a0 wysoko\u015b\u0107: 2 cm.\u00a0 Talerzyk deserowy\u00a0 \u015brednica 19cm.\u00a0 wysoko\u015b\u0107: 2cm.\u00a0 Zdj\u0119cia przedstawiaj\u0105 stan faktyczny przedmiotu Dodatkowe [&hellip;]<\/p>\n","protected":false},"featured_media":29921,"template":"","meta":{"_seopress_robots_primary_cat":"","_seopress_titles_title":"","_seopress_titles_desc":"","_seopress_robots_index":"","site-sidebar-layout":"default","site-content-layout":"","ast-site-content-layout":"default","site-content-style":"default","site-sidebar-style":"default","ast-global-header-display":"","ast-banner-title-visibility":"","ast-main-header-display":"","ast-hfb-above-header-display":"","ast-hfb-below-header-display":"","ast-hfb-mobile-header-display":"","site-post-title":"","ast-breadcrumbs-content":"","ast-featured-img":"","footer-sml-layout":"","ast-disable-related-posts":"","theme-transparent-header-meta":"default","adv-header-id-meta":"","stick-header-meta":"default","header-above-stick-meta":"","header-main-stick-meta":"","header-below-stick-meta":"","astra-migrate-meta-layouts":"set","ast-page-background-enabled":"default","ast-page-background-meta":{"desktop":{"background-color":"var(--ast-global-color-4)","background-image":"","background-repeat":"repeat","background-position":"center center","background-size":"auto","background-attachment":"scroll","background-type":"","background-media":"","overlay-type":"","overlay-color":"","overlay-opacity":"","overlay-gradient":""},"tablet":{"background-color":"","background-image":"","background-repeat":"repeat","background-position":"center center","background-size":"auto","background-attachment":"scroll","background-type":"","background-media":"","overlay-type":"","overlay-color":"","overlay-opacity":"","overlay-gradient":""},"mobile":{"background-color":"","background-image":"","background-repeat":"repeat","background-position":"center center","background-size":"auto","background-attachment":"scroll","background-type":"","background-media":"","overlay-type":"","overlay-color":"","overlay-opacity":"","overlay-gradient":""}},"ast-content-background-meta":{"desktop":{"background-color":"var(--ast-global-color-5)","background-image":"","background-repeat":"repeat","background-position":"center center","background-size":"auto","background-attachment":"scroll","background-type":"","background-media":"","overlay-type":"","overlay-color":"","overlay-opacity":"","overlay-gradient":""},"tablet":{"background-color":"var(--ast-global-color-5)","background-image":"","background-repeat":"repeat","background-position":"center center","background-size":"auto","background-attachment":"scroll","background-type":"","background-media":"","overlay-type":"","overlay-color":"","overlay-opacity":"","overlay-gradient":""},"mobile":{"background-color":"var(--ast-global-color-5)","background-image":"","background-repeat":"repeat","background-position":"center center","background-size":"auto","background-attachment":"scroll","background-type":"","background-media":"","overlay-type":"","overlay-color":"","overlay-opacity":"","overlay-gradient":""}}},"product_brand":[],"product_cat":[51,24],"product_tag":[],"class_list":{"0":"post-30077","1":"product","2":"type-product","3":"status-publish","4":"has-post-thumbnail","6":"product_cat-filizanki-zastawy-sniadaniowe","7":"product_cat-kuchnia","8":"product_shipping_class-wysylka-19zl","9":"desktop-align-left","10":"tablet-align-left","11":"mobile-align-left","12":"ast-product-gallery-layout-vertical-slider","13":"ast-product-tabs-layout-horizontal","14":"ast-qv-on-image","16":"first","17":"instock","18":"shipping-taxable","19":"purchasable","20":"product-type-simple"},"_links":{"self":[{"href":"https:\/\/antart.com.pl\/en\/wp-json\/wp\/v2\/product\/30077","targetHints":{"allow":["GET"]}}],"collection":[{"href":"https:\/\/antart.com.pl\/en\/wp-json\/wp\/v2\/product"}],"about":[{"href":"https:\/\/antart.com.pl\/en\/wp-json\/wp\/v2\/types\/product"}],"wp:featuredmedia":[{"embeddable":true,"href":"https:\/\/antart.com.pl\/en\/wp-json\/wp\/v2\/media\/29921"}],"wp:attachment":[{"href":"https:\/\/antart.com.pl\/en\/wp-json\/wp\/v2\/media?parent=30077"}],"wp:term":[{"taxonomy":"product_brand","embeddable":true,"href":"https:\/\/antart.com.pl\/en\/wp-json\/wp\/v2\/product_brand?post=30077"},{"taxonomy":"product_cat","embeddable":true,"href":"https:\/\/antart.com.pl\/en\/wp-json\/wp\/v2\/product_cat?post=30077"},{"taxonomy":"product_tag","embeddable":true,"href":"https:\/\/antart.com.pl\/en\/wp-json\/wp\/v2\/product_tag?post=30077"}],"curies":[{"name":"wp","href":"https:\/\/api.w.org\/{rel}","templated":true}]}}