{"id":32043,"date":"2025-06-20T10:15:53","date_gmt":"2025-06-20T08:15:53","guid":{"rendered":"https:\/\/antart.com.pl\/?post_type=product&#038;p=32043"},"modified":"2026-04-01T20:14:57","modified_gmt":"2026-04-01T18:14:57","slug":"club-armchair-vintage-60s","status":"publish","type":"product","link":"https:\/\/antart.com.pl\/en\/produkt\/fotel-klubowy-vintage-60-te-lata\/","title":{"rendered":"Vintage 60s club armchair"},"content":{"rendered":"<h4 style=\"text-align: center;\"><strong><em>Vintage 60s club armchair<\/em><\/strong><\/h4>\n<h4 style=\"text-align: center;\"><strong><em>Dated in the 1960s<\/em><\/strong><\/h4>\n<h4 style=\"text-align: center;\"><strong><em>Stable construction<\/em><\/strong><\/h4>\n<h4 style=\"text-align: center;\"><strong><em>Upholstery in good condition<\/em><\/strong><\/h4>\n<h4><strong><em>Approximate dimensions:<\/em><\/strong><\/h4>\n<ul>\n<li>\n<h4><strong><em>height: 74 cm<\/em><\/strong><\/h4>\n<\/li>\n<li>\n<h4><strong><em>width: 64 cm<\/em><\/strong><\/h4>\n<\/li>\n<li>\n<h4><strong><em>depth: 72 cm<\/em><\/strong><\/h4>\n<\/li>\n<li>\n<h4><strong><em>height to seat: 42 cm<\/em><\/strong><\/h4>\n<\/li>\n<li>\n<h4><strong><em>seat width: 53 cm<\/em><\/strong><\/h4>\n<\/li>\n<li>\n<h4><strong><em>seat depth: 49 cm<\/em><\/strong><\/h4>\n<\/li>\n<\/ul>\n<h4><strong><em>I own two such seats<\/em><\/strong><\/h4>\n<h4><strong><em>The price quoted applies to 1 piece<\/em><\/strong><\/h4>\n<p>&nbsp;<\/p>\n<h4 style=\"text-align: center;\"><strong><em>The photos show the actual state of the object<\/em><\/strong><\/h4>\n<h4 style=\"text-align: center;\"><strong><em>Additional photos upon request<\/em><\/strong><\/h4>\n<h4 style=\"text-align: center;\"><strong><em>All our items on display are available in our warehouse.<\/em><\/strong><\/h4>\n<h4 style=\"text-align: center;\"><strong><em>Can be viewed by appointment.<\/em><\/strong><\/h4>\n<h4><strong><em>NO. ART 3846<\/em><\/strong><\/h4>","protected":false},"excerpt":{"rendered":"<p>Fotel klubowy Vintage 60-te lata Datowany na 60-te lata Konstrukcja stabilna Tapicerka w dobrym stanie Przybli\u017cone wymiary: wysoko\u015b\u0107: 74 cm szeroko\u015b\u0107: 64 cm g\u0142\u0119boko\u015b\u0107: 72 cm wysoko\u015b\u0107 do siedziska: 42 cm szeroko\u015b\u0107 siedziska: 53 cm g\u0142\u0119boko\u015b\u0107 siedziska: 49 cm Posiadam dwa takie fotele Podana cena dotyczy 1 sztuki &nbsp; Zdj\u0119cia przedstawiaj\u0105 stan faktyczny przedmiotu Dodatkowe [&hellip;]<\/p>\n","protected":false},"featured_media":31723,"template":"","meta":{"_seopress_robots_primary_cat":"","_seopress_titles_title":"","_seopress_titles_desc":"","_seopress_robots_index":"","site-sidebar-layout":"default","site-content-layout":"","ast-site-content-layout":"default","site-content-style":"default","site-sidebar-style":"default","ast-global-header-display":"","ast-banner-title-visibility":"","ast-main-header-display":"","ast-hfb-above-header-display":"","ast-hfb-below-header-display":"","ast-hfb-mobile-header-display":"","site-post-title":"","ast-breadcrumbs-content":"","ast-featured-img":"","footer-sml-layout":"","ast-disable-related-posts":"","theme-transparent-header-meta":"default","adv-header-id-meta":"","stick-header-meta":"default","header-above-stick-meta":"","header-main-stick-meta":"","header-below-stick-meta":"","astra-migrate-meta-layouts":"set","ast-page-background-enabled":"default","ast-page-background-meta":{"desktop":{"background-color":"var(--ast-global-color-4)","background-image":"","background-repeat":"repeat","background-position":"center center","background-size":"auto","background-attachment":"scroll","background-type":"","background-media":"","overlay-type":"","overlay-color":"","overlay-opacity":"","overlay-gradient":""},"tablet":{"background-color":"","background-image":"","background-repeat":"repeat","background-position":"center center","background-size":"auto","background-attachment":"scroll","background-type":"","background-media":"","overlay-type":"","overlay-color":"","overlay-opacity":"","overlay-gradient":""},"mobile":{"background-color":"","background-image":"","background-repeat":"repeat","background-position":"center center","background-size":"auto","background-attachment":"scroll","background-type":"","background-media":"","overlay-type":"","overlay-color":"","overlay-opacity":"","overlay-gradient":""}},"ast-content-background-meta":{"desktop":{"background-color":"var(--ast-global-color-5)","background-image":"","background-repeat":"repeat","background-position":"center center","background-size":"auto","background-attachment":"scroll","background-type":"","background-media":"","overlay-type":"","overlay-color":"","overlay-opacity":"","overlay-gradient":""},"tablet":{"background-color":"var(--ast-global-color-5)","background-image":"","background-repeat":"repeat","background-position":"center center","background-size":"auto","background-attachment":"scroll","background-type":"","background-media":"","overlay-type":"","overlay-color":"","overlay-opacity":"","overlay-gradient":""},"mobile":{"background-color":"var(--ast-global-color-5)","background-image":"","background-repeat":"repeat","background-position":"center center","background-size":"auto","background-attachment":"scroll","background-type":"","background-media":"","overlay-type":"","overlay-color":"","overlay-opacity":"","overlay-gradient":""}}},"product_brand":[],"product_cat":[39,32],"product_tag":[],"class_list":{"0":"post-32043","1":"product","2":"type-product","3":"status-publish","4":"has-post-thumbnail","6":"product_cat-fotele-puf","7":"product_cat-meble","8":"product_shipping_class-wysylka-70zl","9":"desktop-align-left","10":"tablet-align-left","11":"mobile-align-left","12":"ast-product-gallery-layout-vertical-slider","13":"ast-product-tabs-layout-horizontal","14":"ast-qv-on-image","16":"first","17":"instock","18":"sale","19":"shipping-taxable","20":"purchasable","21":"product-type-simple"},"_links":{"self":[{"href":"https:\/\/antart.com.pl\/en\/wp-json\/wp\/v2\/product\/32043","targetHints":{"allow":["GET"]}}],"collection":[{"href":"https:\/\/antart.com.pl\/en\/wp-json\/wp\/v2\/product"}],"about":[{"href":"https:\/\/antart.com.pl\/en\/wp-json\/wp\/v2\/types\/product"}],"wp:featuredmedia":[{"embeddable":true,"href":"https:\/\/antart.com.pl\/en\/wp-json\/wp\/v2\/media\/31723"}],"wp:attachment":[{"href":"https:\/\/antart.com.pl\/en\/wp-json\/wp\/v2\/media?parent=32043"}],"wp:term":[{"taxonomy":"product_brand","embeddable":true,"href":"https:\/\/antart.com.pl\/en\/wp-json\/wp\/v2\/product_brand?post=32043"},{"taxonomy":"product_cat","embeddable":true,"href":"https:\/\/antart.com.pl\/en\/wp-json\/wp\/v2\/product_cat?post=32043"},{"taxonomy":"product_tag","embeddable":true,"href":"https:\/\/antart.com.pl\/en\/wp-json\/wp\/v2\/product_tag?post=32043"}],"curies":[{"name":"wp","href":"https:\/\/api.w.org\/{rel}","templated":true}]}}