{"id":32383,"date":"2025-06-21T12:42:31","date_gmt":"2025-06-21T10:42:31","guid":{"rendered":"https:\/\/antart.com.pl\/?post_type=product&#038;p=32383"},"modified":"2025-06-21T12:42:31","modified_gmt":"2025-06-21T10:42:31","slug":"folding-table-solid-teak-gudme-mobelfabrik","status":"publish","type":"product","link":"https:\/\/antart.com.pl\/en\/produkt\/stol-rozkladany-lite-drewno-tekowe-gudme-mobelfabrik\/","title":{"rendered":"Gudme Mobelfabrik solid teak folding table"},"content":{"rendered":"<h4 style=\"text-align: center;\"><strong><em>Gudme Mobelfabrik solid teak folding table<\/em><\/strong><\/h4>\n<h4 style=\"text-align: center;\"><strong><em>The table was manufactured by the high-end company Gudme Mobelfabrik<\/em><\/strong><\/h4>\n<h4 style=\"text-align: center;\"><strong><em>A massive table made of solid exotic teak wood.<\/em><\/strong><\/h4>\n<h4 style=\"text-align: center;\"><strong><em>It has 2 inserts tucked into the centre of the table.<\/em><\/strong><\/h4>\n<h4><strong><em>Dimensions:<\/em><\/strong><\/h4>\n<h4><strong><em>Folded table<\/em><\/strong><\/h4>\n<ul>\n<li>\n<h4><strong><em>height: 72 cm<\/em><\/strong><\/h4>\n<\/li>\n<li>\n<h4><strong><em>width: 85 cm<\/em><\/strong><\/h4>\n<\/li>\n<li>\n<h4><strong><em>length: 85cm<\/em><\/strong><\/h4>\n<\/li>\n<\/ul>\n<h4><strong><em>Unfolded table<\/em><\/strong><\/h4>\n<ul>\n<li>\n<h4><strong><em>height: 72 cm<\/em><\/strong><\/h4>\n<\/li>\n<li>\n<h4><strong><em>width: 85 cm<\/em><\/strong><\/h4>\n<\/li>\n<li>\n<h4><strong><em>length: 180 cm<\/em><\/strong><\/h4>\n<\/li>\n<\/ul>\n<h4 style=\"text-align: center;\"><strong><em>The photos show the actual state of the object<\/em><\/strong><\/h4>\n<h4 style=\"text-align: center;\"><strong><em>Additional photos upon request<\/em><\/strong><\/h4>\n<h4 style=\"text-align: center;\"><strong><em>All our items on display are available in our warehouse.<\/em><\/strong><\/h4>\n<h4 style=\"text-align: center;\"><strong><em>Can be viewed by appointment.<\/em><\/strong><\/h4>\n<h4><strong><em>No.3830<\/em><\/strong><\/h4>","protected":false},"excerpt":{"rendered":"<p>St\u00f3\u0142 rozk\u0142adany lite drewno tekowe Gudme Mobelfabrik St\u00f3\u0142 zosta\u0142 wyprodukowany przez wysokiej klasy firm\u0119 Gudme Mobelfabrik Masywny st\u00f3\u0142 wykonany z litego drewna egzotycznego, tekowego. Posiada schowane 2 wk\u0142adki w \u015brodek sto\u0142u. Wymiary: St\u00f3\u0142 z\u0142o\u017cony wysoko\u015b\u0107: 72 cm szeroko\u015b\u0107: 85 cm d\u0142ugo\u015b\u0107: 85cm St\u00f3\u0142 roz\u0142o\u017cony wysoko\u015b\u0107: 72 cm szeroko\u015b\u0107: 85 cm d\u0142ugo\u015b\u0107: 180 cm Zdj\u0119cia przedstawiaj\u0105 [&hellip;]<\/p>\n","protected":false},"featured_media":32343,"template":"","meta":{"_seopress_robots_primary_cat":"","_seopress_titles_title":"","_seopress_titles_desc":"","_seopress_robots_index":"","site-sidebar-layout":"default","site-content-layout":"","ast-site-content-layout":"default","site-content-style":"default","site-sidebar-style":"default","ast-global-header-display":"","ast-banner-title-visibility":"","ast-main-header-display":"","ast-hfb-above-header-display":"","ast-hfb-below-header-display":"","ast-hfb-mobile-header-display":"","site-post-title":"","ast-breadcrumbs-content":"","ast-featured-img":"","footer-sml-layout":"","ast-disable-related-posts":"","theme-transparent-header-meta":"default","adv-header-id-meta":"","stick-header-meta":"default","header-above-stick-meta":"","header-main-stick-meta":"","header-below-stick-meta":"","astra-migrate-meta-layouts":"set","ast-page-background-enabled":"default","ast-page-background-meta":{"desktop":{"background-color":"var(--ast-global-color-4)","background-image":"","background-repeat":"repeat","background-position":"center center","background-size":"auto","background-attachment":"scroll","background-type":"","background-media":"","overlay-type":"","overlay-color":"","overlay-opacity":"","overlay-gradient":""},"tablet":{"background-color":"","background-image":"","background-repeat":"repeat","background-position":"center center","background-size":"auto","background-attachment":"scroll","background-type":"","background-media":"","overlay-type":"","overlay-color":"","overlay-opacity":"","overlay-gradient":""},"mobile":{"background-color":"","background-image":"","background-repeat":"repeat","background-position":"center center","background-size":"auto","background-attachment":"scroll","background-type":"","background-media":"","overlay-type":"","overlay-color":"","overlay-opacity":"","overlay-gradient":""}},"ast-content-background-meta":{"desktop":{"background-color":"var(--ast-global-color-5)","background-image":"","background-repeat":"repeat","background-position":"center center","background-size":"auto","background-attachment":"scroll","background-type":"","background-media":"","overlay-type":"","overlay-color":"","overlay-opacity":"","overlay-gradient":""},"tablet":{"background-color":"var(--ast-global-color-5)","background-image":"","background-repeat":"repeat","background-position":"center center","background-size":"auto","background-attachment":"scroll","background-type":"","background-media":"","overlay-type":"","overlay-color":"","overlay-opacity":"","overlay-gradient":""},"mobile":{"background-color":"var(--ast-global-color-5)","background-image":"","background-repeat":"repeat","background-position":"center center","background-size":"auto","background-attachment":"scroll","background-type":"","background-media":"","overlay-type":"","overlay-color":"","overlay-opacity":"","overlay-gradient":""}}},"product_brand":[],"product_cat":[32,33],"product_tag":[],"class_list":{"0":"post-32383","1":"product","2":"type-product","3":"status-publish","4":"has-post-thumbnail","6":"product_cat-meble","7":"product_cat-stoly-stoliki","8":"product_shipping_class-wysylka-180zl","9":"desktop-align-left","10":"tablet-align-left","11":"mobile-align-left","12":"ast-product-gallery-layout-vertical-slider","13":"ast-product-tabs-layout-horizontal","14":"ast-qv-on-image","16":"first","17":"instock","18":"sold-individually","19":"shipping-taxable","20":"purchasable","21":"product-type-simple"},"_links":{"self":[{"href":"https:\/\/antart.com.pl\/en\/wp-json\/wp\/v2\/product\/32383","targetHints":{"allow":["GET"]}}],"collection":[{"href":"https:\/\/antart.com.pl\/en\/wp-json\/wp\/v2\/product"}],"about":[{"href":"https:\/\/antart.com.pl\/en\/wp-json\/wp\/v2\/types\/product"}],"wp:featuredmedia":[{"embeddable":true,"href":"https:\/\/antart.com.pl\/en\/wp-json\/wp\/v2\/media\/32343"}],"wp:attachment":[{"href":"https:\/\/antart.com.pl\/en\/wp-json\/wp\/v2\/media?parent=32383"}],"wp:term":[{"taxonomy":"product_brand","embeddable":true,"href":"https:\/\/antart.com.pl\/en\/wp-json\/wp\/v2\/product_brand?post=32383"},{"taxonomy":"product_cat","embeddable":true,"href":"https:\/\/antart.com.pl\/en\/wp-json\/wp\/v2\/product_cat?post=32383"},{"taxonomy":"product_tag","embeddable":true,"href":"https:\/\/antart.com.pl\/en\/wp-json\/wp\/v2\/product_tag?post=32383"}],"curies":[{"name":"wp","href":"https:\/\/api.w.org\/{rel}","templated":true}]}}