{"id":32427,"date":"2025-06-21T13:43:18","date_gmt":"2025-06-21T11:43:18","guid":{"rendered":"https:\/\/antart.com.pl\/?post_type=product&#038;p=32427"},"modified":"2026-04-01T20:06:54","modified_gmt":"2026-04-01T18:06:54","slug":"pine-cabinet-belluno-elegante-white-2","status":"publish","type":"product","link":"https:\/\/antart.com.pl\/en\/produkt\/szafka-komoda-rtv-sosnowa-belluno-elegante-biala\/","title":{"rendered":"Cabinet, RTV pine dresser Belluno Elegante White"},"content":{"rendered":"<h4 style=\"text-align: center;\"><em><strong>Cabinet, RTV pine dresser Belluno Elegante White<\/strong><\/em><\/h4>\n<h4 style=\"text-align: center;\"><em><strong>A white showcase that gives chic and elegance as well as lightness to the living room.<\/strong><\/em><\/h4>\n<h4 style=\"text-align: center;\"><em><strong>Display case made of natural Finnish pine.<\/strong><\/em><\/h4>\n<h4><em><strong>Dimensions:<\/strong><\/em><\/h4>\n<ul>\n<li>\n<h4><em><strong>height: 52cm<\/strong><\/em><\/h4>\n<\/li>\n<li>\n<h4><em><strong>width: 120cm<\/strong><\/em><\/h4>\n<\/li>\n<li>\n<h4><em><strong>depth: 55 cm<\/strong><\/em><\/h4>\n<\/li>\n<\/ul>\n<h4><em><strong>Drawer<\/strong><\/em><\/h4>\n<ul>\n<li>\n<h4><em><strong>height: 9cm<\/strong><\/em><\/h4>\n<\/li>\n<li>\n<h4><em><strong>width: 46cm<\/strong><\/em><\/h4>\n<\/li>\n<li>\n<h4><em><strong>depth: 30 cm<\/strong><\/em><\/h4>\n<\/li>\n<\/ul>\n<h4 style=\"text-align: center;\"><em><strong>The photos show the actual state of the object<\/strong><\/em><\/h4>\n<h4 style=\"text-align: center;\"><em><strong>Additional photos upon request<\/strong><\/em><\/h4>\n<h4 style=\"text-align: center;\"><em><strong>All our items on display are available in our warehouse.<\/strong><\/em><\/h4>\n<h4 style=\"text-align: center;\"><em><strong>Can be viewed by appointment.<\/strong><\/em><\/h4>\n<h4><em><strong>NO. ART 3799<\/strong><\/em><\/h4>","protected":false},"excerpt":{"rendered":"<p>Szafka, komoda RTV \u00a0sosnowa Belluno Elegante Bia\u0142a Witryna bia\u0142a nadaj\u0105ca szyku i elegancji jak r\u00f3wnie\u017c lekko\u015bci w salonie. Witryna wykonana z drewna naturalnego sosny fi\u0144skiej. Wymiary: wysoko\u015b\u0107: 52cm szeroko\u015b\u0107: 120cm g\u0142\u0119boko\u015b\u0107: 55\u00a0cm Szuflada wysoko\u015b\u0107: 9cm szeroko\u015b\u0107: 46cm g\u0142\u0119boko\u015b\u0107: 30 cm Zdj\u0119cia przedstawiaj\u0105 stan faktyczny przedmiotu Dodatkowe zdj\u0119cia na pro\u015bb\u0119 zainteresowanych Wszystkie nasze przedmioty wystawione s\u0105 [&hellip;]<\/p>\n","protected":false},"featured_media":32398,"template":"","meta":{"_seopress_robots_primary_cat":"","_seopress_titles_title":"","_seopress_titles_desc":"","_seopress_robots_index":"","site-sidebar-layout":"default","site-content-layout":"","ast-site-content-layout":"default","site-content-style":"default","site-sidebar-style":"default","ast-global-header-display":"","ast-banner-title-visibility":"","ast-main-header-display":"","ast-hfb-above-header-display":"","ast-hfb-below-header-display":"","ast-hfb-mobile-header-display":"","site-post-title":"","ast-breadcrumbs-content":"","ast-featured-img":"","footer-sml-layout":"","ast-disable-related-posts":"","theme-transparent-header-meta":"default","adv-header-id-meta":"","stick-header-meta":"default","header-above-stick-meta":"","header-main-stick-meta":"","header-below-stick-meta":"","astra-migrate-meta-layouts":"set","ast-page-background-enabled":"default","ast-page-background-meta":{"desktop":{"background-color":"var(--ast-global-color-4)","background-image":"","background-repeat":"repeat","background-position":"center center","background-size":"auto","background-attachment":"scroll","background-type":"","background-media":"","overlay-type":"","overlay-color":"","overlay-opacity":"","overlay-gradient":""},"tablet":{"background-color":"","background-image":"","background-repeat":"repeat","background-position":"center center","background-size":"auto","background-attachment":"scroll","background-type":"","background-media":"","overlay-type":"","overlay-color":"","overlay-opacity":"","overlay-gradient":""},"mobile":{"background-color":"","background-image":"","background-repeat":"repeat","background-position":"center center","background-size":"auto","background-attachment":"scroll","background-type":"","background-media":"","overlay-type":"","overlay-color":"","overlay-opacity":"","overlay-gradient":""}},"ast-content-background-meta":{"desktop":{"background-color":"var(--ast-global-color-5)","background-image":"","background-repeat":"repeat","background-position":"center center","background-size":"auto","background-attachment":"scroll","background-type":"","background-media":"","overlay-type":"","overlay-color":"","overlay-opacity":"","overlay-gradient":""},"tablet":{"background-color":"var(--ast-global-color-5)","background-image":"","background-repeat":"repeat","background-position":"center center","background-size":"auto","background-attachment":"scroll","background-type":"","background-media":"","overlay-type":"","overlay-color":"","overlay-opacity":"","overlay-gradient":""},"mobile":{"background-color":"var(--ast-global-color-5)","background-image":"","background-repeat":"repeat","background-position":"center center","background-size":"auto","background-attachment":"scroll","background-type":"","background-media":"","overlay-type":"","overlay-color":"","overlay-opacity":"","overlay-gradient":""}}},"product_brand":[],"product_cat":[32,38],"product_tag":[],"class_list":{"0":"post-32427","1":"product","2":"type-product","3":"status-publish","4":"has-post-thumbnail","6":"product_cat-meble","7":"product_cat-szafy-szafki","8":"product_shipping_class-wysylka-180zl","9":"desktop-align-left","10":"tablet-align-left","11":"mobile-align-left","12":"ast-product-gallery-layout-vertical-slider","13":"ast-product-tabs-layout-horizontal","14":"ast-qv-on-image","16":"first","17":"instock","18":"sale","19":"sold-individually","20":"shipping-taxable","21":"purchasable","22":"product-type-simple"},"_links":{"self":[{"href":"https:\/\/antart.com.pl\/en\/wp-json\/wp\/v2\/product\/32427","targetHints":{"allow":["GET"]}}],"collection":[{"href":"https:\/\/antart.com.pl\/en\/wp-json\/wp\/v2\/product"}],"about":[{"href":"https:\/\/antart.com.pl\/en\/wp-json\/wp\/v2\/types\/product"}],"wp:featuredmedia":[{"embeddable":true,"href":"https:\/\/antart.com.pl\/en\/wp-json\/wp\/v2\/media\/32398"}],"wp:attachment":[{"href":"https:\/\/antart.com.pl\/en\/wp-json\/wp\/v2\/media?parent=32427"}],"wp:term":[{"taxonomy":"product_brand","embeddable":true,"href":"https:\/\/antart.com.pl\/en\/wp-json\/wp\/v2\/product_brand?post=32427"},{"taxonomy":"product_cat","embeddable":true,"href":"https:\/\/antart.com.pl\/en\/wp-json\/wp\/v2\/product_cat?post=32427"},{"taxonomy":"product_tag","embeddable":true,"href":"https:\/\/antart.com.pl\/en\/wp-json\/wp\/v2\/product_tag?post=32427"}],"curies":[{"name":"wp","href":"https:\/\/api.w.org\/{rel}","templated":true}]}}