{"id":32531,"date":"2025-06-22T10:21:03","date_gmt":"2025-06-22T08:21:03","guid":{"rendered":"https:\/\/antart.com.pl\/?post_type=product&#038;p=32531"},"modified":"2025-06-22T10:21:03","modified_gmt":"2025-06-22T08:21:03","slug":"swivel-chair-1960s-70s-mid-century-vintage-flottoto","status":"publish","type":"product","link":"https:\/\/antart.com.pl\/en\/produkt\/krzesla-obrotowe-z-lat-60-70-te-mid-century-vintage-flottoto\/","title":{"rendered":"Swivel chairs from the 1960s\/70s Mid Century vintage Flottoto"},"content":{"rendered":"<h4 style=\"text-align: center;\"><em><strong>Swivel chairs from the 1960s\/70s Mid Century vintage Flottoto<\/strong><\/em><\/h4>\n<h4 style=\"text-align: center;\"><em><strong>Swivel chair from manufacturer Flottoto a produced by Casale.<\/strong><\/em><\/h4>\n<h4 style=\"text-align: center;\"><em><strong>The chair is characterised by its strength and flexibility thanks to the patented plywood of wood with synthetic resin.<\/strong><\/em><\/h4>\n<h4><em><strong>Dimensions:<\/strong><\/em><\/h4>\n<ul>\n<li>\n<h4><em><strong>height: 89 cm<\/strong><\/em><\/h4>\n<\/li>\n<li>\n<h4><em><strong>width: 47 cm<\/strong><\/em><\/h4>\n<\/li>\n<li>\n<h4><em><strong>depth: 40 cm<\/strong><\/em><\/h4>\n<\/li>\n<li>\n<h4><em><strong>height to seat: 46 cm<\/strong><\/em><\/h4>\n<\/li>\n<li>\n<h4><em><strong>seat width: 42 cm<\/strong><\/em><\/h4>\n<\/li>\n<li>\n<h4><em><strong>seat depth: 38 cm<\/strong><\/em><\/h4>\n<\/li>\n<\/ul>\n<h4><em><strong>A foot is missing on one leg.<\/strong><\/em><\/h4>\n<h4><em><strong>The price quoted applies to 1 piece<\/strong><\/em><\/h4>\n<p style=\"text-align: center;\">\n<h4 style=\"text-align: center;\"><em><strong>The photos show the actual state of the object<\/strong><\/em><\/h4>\n<h4 style=\"text-align: center;\"><em><strong>Additional photos upon request<\/strong><\/em><\/h4>\n<h4 style=\"text-align: center;\"><em><strong>All our items on display are available in our warehouse.<\/strong><\/em><\/h4>\n<h4 style=\"text-align: center;\"><em><strong>Can be viewed by appointment.<\/strong><\/em><\/h4>\n<h4><em><strong>NO. ART 3829<\/strong><\/em><\/h4>","protected":false},"excerpt":{"rendered":"<p>Krzes\u0142a obrotowe z lat 60\/70-te Mid Century vintage Flottoto Krzes\u0142o obrotowe producenta firm\u0119 Flottoto a wyprodukowane przez firm\u0119 Casale. Krzes\u0142o charakteryzuje si\u0119 wytrzyma\u0142o\u015bci\u0105 i elastyczno\u015bci\u0105 dzi\u0119ki opatentowanej sklejce drewna z \u017cywic\u0105 syntetyczn\u0105. Wymiary: wysoko\u015b\u0107: 89 cm szeroko\u015b\u0107: 47 cm g\u0142\u0119boko\u015b\u0107: 40 cm wysoko\u015b\u0107 do siedziska: 46 cm szeroko\u015b\u0107 siedziska: 42 cm g\u0142\u0119boko\u015b\u0107 siedziska: 38 cm [&hellip;]<\/p>\n","protected":false},"featured_media":32431,"template":"","meta":{"_seopress_robots_primary_cat":"","_seopress_titles_title":"","_seopress_titles_desc":"","_seopress_robots_index":"","site-sidebar-layout":"default","site-content-layout":"","ast-site-content-layout":"default","site-content-style":"default","site-sidebar-style":"default","ast-global-header-display":"","ast-banner-title-visibility":"","ast-main-header-display":"","ast-hfb-above-header-display":"","ast-hfb-below-header-display":"","ast-hfb-mobile-header-display":"","site-post-title":"","ast-breadcrumbs-content":"","ast-featured-img":"","footer-sml-layout":"","ast-disable-related-posts":"","theme-transparent-header-meta":"default","adv-header-id-meta":"","stick-header-meta":"default","header-above-stick-meta":"","header-main-stick-meta":"","header-below-stick-meta":"","astra-migrate-meta-layouts":"set","ast-page-background-enabled":"default","ast-page-background-meta":{"desktop":{"background-color":"var(--ast-global-color-4)","background-image":"","background-repeat":"repeat","background-position":"center center","background-size":"auto","background-attachment":"scroll","background-type":"","background-media":"","overlay-type":"","overlay-color":"","overlay-opacity":"","overlay-gradient":""},"tablet":{"background-color":"","background-image":"","background-repeat":"repeat","background-position":"center center","background-size":"auto","background-attachment":"scroll","background-type":"","background-media":"","overlay-type":"","overlay-color":"","overlay-opacity":"","overlay-gradient":""},"mobile":{"background-color":"","background-image":"","background-repeat":"repeat","background-position":"center center","background-size":"auto","background-attachment":"scroll","background-type":"","background-media":"","overlay-type":"","overlay-color":"","overlay-opacity":"","overlay-gradient":""}},"ast-content-background-meta":{"desktop":{"background-color":"var(--ast-global-color-5)","background-image":"","background-repeat":"repeat","background-position":"center center","background-size":"auto","background-attachment":"scroll","background-type":"","background-media":"","overlay-type":"","overlay-color":"","overlay-opacity":"","overlay-gradient":""},"tablet":{"background-color":"var(--ast-global-color-5)","background-image":"","background-repeat":"repeat","background-position":"center center","background-size":"auto","background-attachment":"scroll","background-type":"","background-media":"","overlay-type":"","overlay-color":"","overlay-opacity":"","overlay-gradient":""},"mobile":{"background-color":"var(--ast-global-color-5)","background-image":"","background-repeat":"repeat","background-position":"center center","background-size":"auto","background-attachment":"scroll","background-type":"","background-media":"","overlay-type":"","overlay-color":"","overlay-opacity":"","overlay-gradient":""}}},"product_brand":[],"product_cat":[36,32,43],"product_tag":[],"class_list":{"0":"post-32531","1":"product","2":"type-product","3":"status-publish","4":"has-post-thumbnail","6":"product_cat-krzesla-taborety","7":"product_cat-meble","8":"product_cat-meble-designe","9":"product_shipping_class-wysylka-60zl","10":"desktop-align-left","11":"tablet-align-left","12":"mobile-align-left","13":"ast-product-gallery-layout-vertical-slider","14":"ast-product-tabs-layout-horizontal","15":"ast-qv-on-image","17":"first","18":"instock","19":"shipping-taxable","20":"purchasable","21":"product-type-simple"},"_links":{"self":[{"href":"https:\/\/antart.com.pl\/en\/wp-json\/wp\/v2\/product\/32531","targetHints":{"allow":["GET"]}}],"collection":[{"href":"https:\/\/antart.com.pl\/en\/wp-json\/wp\/v2\/product"}],"about":[{"href":"https:\/\/antart.com.pl\/en\/wp-json\/wp\/v2\/types\/product"}],"wp:featuredmedia":[{"embeddable":true,"href":"https:\/\/antart.com.pl\/en\/wp-json\/wp\/v2\/media\/32431"}],"wp:attachment":[{"href":"https:\/\/antart.com.pl\/en\/wp-json\/wp\/v2\/media?parent=32531"}],"wp:term":[{"taxonomy":"product_brand","embeddable":true,"href":"https:\/\/antart.com.pl\/en\/wp-json\/wp\/v2\/product_brand?post=32531"},{"taxonomy":"product_cat","embeddable":true,"href":"https:\/\/antart.com.pl\/en\/wp-json\/wp\/v2\/product_cat?post=32531"},{"taxonomy":"product_tag","embeddable":true,"href":"https:\/\/antart.com.pl\/en\/wp-json\/wp\/v2\/product_tag?post=32531"}],"curies":[{"name":"wp","href":"https:\/\/api.w.org\/{rel}","templated":true}]}}