{"id":32540,"date":"2025-06-22T12:38:59","date_gmt":"2025-06-22T10:38:59","guid":{"rendered":"https:\/\/antart.com.pl\/?post_type=product&#038;p=32540"},"modified":"2026-04-01T20:06:53","modified_gmt":"2026-04-01T18:06:53","slug":"sideboard-dresser-proj-n-jonsson-hugo-troeds-sweden-teak-1960s","status":"publish","type":"product","link":"https:\/\/antart.com.pl\/en\/produkt\/kredens-komoda-proj-n-jonsson-hugo-troeds-szwecja-teak-lata-60-te\/","title":{"rendered":"Sideboard, chest of drawers design N. Jonsson, Hugo Troeds Sweden, teak 1960s"},"content":{"rendered":"<h4 style=\"text-align: center;\"><em><b>Sideboard, chest of drawers design N. Jonsson, Hugo Troeds Sweden, teak 1960s<\/b><\/em><\/h4>\n<h4 style=\"text-align: center;\"><em>A chest of drawers dating from the 1960s.<\/em><\/h4>\n<h4 style=\"text-align: center;\"><em>The sideboard was designed by proj. N. Jonssen at the Hugo Troeds manufactory in Sweden.<\/em><\/h4>\n<h4 style=\"text-align: center;\"><em>Cabinet made of solid wood covered with exotic teak veneer.<\/em><\/h4>\n<h4 style=\"text-align: center;\"><em>The cabinet has two original keys.<\/em><\/h4>\n<h4><\/h4>\n<h4><em><b>Dimensions:<\/b><\/em><\/h4>\n<ul>\n<li>\n<h4><em>height: 82 cm<\/em><\/h4>\n<\/li>\n<li>\n<h4><em>width: 228 cm<\/em><\/h4>\n<\/li>\n<li>\n<h4><em>depth: 40 cm<\/em><\/h4>\n<\/li>\n<\/ul>\n<h4><\/h4>\n<h4 style=\"text-align: center;\"><em><b>The photos show the actual state of the object<\/b><\/em><\/h4>\n<h4 style=\"text-align: center;\"><em><b>Additional photos upon request<\/b><\/em><\/h4>\n<h4 style=\"text-align: center;\"><em><b>All our items on display are available in our warehouse.<\/b><\/em><\/h4>\n<h4 style=\"text-align: center;\"><em><b>Can be viewed by appointment.<\/b><\/em><\/h4>\n<h4><em><b>Order no. 3822<\/b><\/em><\/h4>","protected":false},"excerpt":{"rendered":"<p>Kredens, komoda proj. N. Jonsson, Hugo Troeds Szwecja, \u00a0teak lata 60-te Komoda datowana na lata 60-te. Kredens zosta\u0142 zaprojektowany przez proj. N. Jonssena w manufakturze Hugo Troeds w Szwecji. Szafka wykonana z litego drewna pokryta fornirem z drewna egzotycznego, tekowego. Szafka posiada dwa oryginalne klucze. Wymiary: wysoko\u015b\u0107: 82 cm szeroko\u015b\u0107: 228 cm g\u0142\u0119boko\u015b\u0107: 40 cm [&hellip;]<\/p>\n","protected":false},"featured_media":32563,"template":"","meta":{"_seopress_robots_primary_cat":"","_seopress_titles_title":"","_seopress_titles_desc":"","_seopress_robots_index":"","site-sidebar-layout":"default","site-content-layout":"","ast-site-content-layout":"default","site-content-style":"default","site-sidebar-style":"default","ast-global-header-display":"","ast-banner-title-visibility":"","ast-main-header-display":"","ast-hfb-above-header-display":"","ast-hfb-below-header-display":"","ast-hfb-mobile-header-display":"","site-post-title":"","ast-breadcrumbs-content":"","ast-featured-img":"","footer-sml-layout":"","ast-disable-related-posts":"","theme-transparent-header-meta":"default","adv-header-id-meta":"","stick-header-meta":"default","header-above-stick-meta":"","header-main-stick-meta":"","header-below-stick-meta":"","astra-migrate-meta-layouts":"set","ast-page-background-enabled":"default","ast-page-background-meta":{"desktop":{"background-color":"var(--ast-global-color-4)","background-image":"","background-repeat":"repeat","background-position":"center center","background-size":"auto","background-attachment":"scroll","background-type":"","background-media":"","overlay-type":"","overlay-color":"","overlay-opacity":"","overlay-gradient":""},"tablet":{"background-color":"","background-image":"","background-repeat":"repeat","background-position":"center center","background-size":"auto","background-attachment":"scroll","background-type":"","background-media":"","overlay-type":"","overlay-color":"","overlay-opacity":"","overlay-gradient":""},"mobile":{"background-color":"","background-image":"","background-repeat":"repeat","background-position":"center center","background-size":"auto","background-attachment":"scroll","background-type":"","background-media":"","overlay-type":"","overlay-color":"","overlay-opacity":"","overlay-gradient":""}},"ast-content-background-meta":{"desktop":{"background-color":"var(--ast-global-color-5)","background-image":"","background-repeat":"repeat","background-position":"center center","background-size":"auto","background-attachment":"scroll","background-type":"","background-media":"","overlay-type":"","overlay-color":"","overlay-opacity":"","overlay-gradient":""},"tablet":{"background-color":"var(--ast-global-color-5)","background-image":"","background-repeat":"repeat","background-position":"center center","background-size":"auto","background-attachment":"scroll","background-type":"","background-media":"","overlay-type":"","overlay-color":"","overlay-opacity":"","overlay-gradient":""},"mobile":{"background-color":"var(--ast-global-color-5)","background-image":"","background-repeat":"repeat","background-position":"center center","background-size":"auto","background-attachment":"scroll","background-type":"","background-media":"","overlay-type":"","overlay-color":"","overlay-opacity":"","overlay-gradient":""}}},"product_brand":[],"product_cat":[37,32,43,38],"product_tag":[],"class_list":{"0":"post-32540","1":"product","2":"type-product","3":"status-publish","4":"has-post-thumbnail","6":"product_cat-komody","7":"product_cat-meble","8":"product_cat-meble-designe","9":"product_cat-szafy-szafki","10":"product_shipping_class-wysylka-po-uzgodnieniu","11":"desktop-align-left","12":"tablet-align-left","13":"mobile-align-left","14":"ast-product-gallery-layout-vertical-slider","15":"ast-product-tabs-layout-horizontal","16":"ast-qv-on-image","18":"first","19":"instock","20":"sale","21":"sold-individually","22":"shipping-taxable","23":"purchasable","24":"product-type-simple"},"_links":{"self":[{"href":"https:\/\/antart.com.pl\/en\/wp-json\/wp\/v2\/product\/32540","targetHints":{"allow":["GET"]}}],"collection":[{"href":"https:\/\/antart.com.pl\/en\/wp-json\/wp\/v2\/product"}],"about":[{"href":"https:\/\/antart.com.pl\/en\/wp-json\/wp\/v2\/types\/product"}],"wp:featuredmedia":[{"embeddable":true,"href":"https:\/\/antart.com.pl\/en\/wp-json\/wp\/v2\/media\/32563"}],"wp:attachment":[{"href":"https:\/\/antart.com.pl\/en\/wp-json\/wp\/v2\/media?parent=32540"}],"wp:term":[{"taxonomy":"product_brand","embeddable":true,"href":"https:\/\/antart.com.pl\/en\/wp-json\/wp\/v2\/product_brand?post=32540"},{"taxonomy":"product_cat","embeddable":true,"href":"https:\/\/antart.com.pl\/en\/wp-json\/wp\/v2\/product_cat?post=32540"},{"taxonomy":"product_tag","embeddable":true,"href":"https:\/\/antart.com.pl\/en\/wp-json\/wp\/v2\/product_tag?post=32540"}],"curies":[{"name":"wp","href":"https:\/\/api.w.org\/{rel}","templated":true}]}}