{"id":32675,"date":"2025-06-23T09:01:19","date_gmt":"2025-06-23T07:01:19","guid":{"rendered":"https:\/\/antart.com.pl\/?post_type=product&#038;p=32675"},"modified":"2025-11-17T13:36:39","modified_gmt":"2025-11-17T12:36:39","slug":"breakfast-set-trio-bareuther-waldsassen-bavaria","status":"publish","type":"product","link":"https:\/\/antart.com.pl\/en\/produkt\/zestaw-sniadaniowy-trio-wytworni-bareuther-waldsassen-bavaria\/","title":{"rendered":"Trio breakfast set by Bareuther Waldsassen Bavaria factory"},"content":{"rendered":"<h4 style=\"text-align: center;\"><em><b>Cup in a trio set by the Bareuther Waldsassen Bavaria label. High-quality porcelain in ecru with a delicate floral pattern of pink roses on sprigs in black and grey. Set finished with gilding on the rims. Delicate rubbing on the gilding.\u00a0<\/b><\/em><\/h4>\n<h4><\/h4>\n<h4><em><b>I have 11pc of trio sets for sale.\u00a0<\/b><\/em><\/h4>\n<h4><em><b>The price is for 1pc of the trio set.\u00a0<\/b><\/em><\/h4>\n<h4><\/h4>\n<h4><em><b>Dimensions\u00a0<\/b><\/em><\/h4>\n<h4><em><b>Cup\u00a0<\/b><\/em><\/h4>\n<ul>\n<li>\n<h4><em><b>filler diameter: 9.5cm.\u00a0<\/b><\/em><\/h4>\n<\/li>\n<li>\n<h4><em><b>base diameter: 4.5cm.\u00a0<\/b><\/em><\/h4>\n<\/li>\n<li>\n<h4><em><b>height: 5.5cm.\u00a0<\/b><\/em><\/h4>\n<\/li>\n<li>\n<h4><em><b>Volume: 150ml.\u00a0<\/b><\/em><\/h4>\n<\/li>\n<\/ul>\n<h4><em><b>Spodek\u00a0<\/b><\/em><\/h4>\n<ul>\n<li>\n<h4><em><b>diameter: 15cm.\u00a0<\/b><\/em><\/h4>\n<\/li>\n<li>\n<h4><em><b>height: 2cm.\u00a0<\/b><\/em><\/h4>\n<\/li>\n<\/ul>\n<h4><em><b>Dessert plate\u00a0<\/b><\/em><\/h4>\n<ul>\n<li>\n<h4><em><b>diameter: 19.5cm.\u00a0<\/b><\/em><\/h4>\n<\/li>\n<li>\n<h4><em><b>height: 2cm.\u00a0<\/b><\/em><\/h4>\n<\/li>\n<\/ul>\n<h4 style=\"text-align: center;\"><em><b>The photos show the actual state of the object<\/b><\/em><\/h4>\n<h4 style=\"text-align: center;\"><em><b>Additional photos upon request<\/b><\/em><\/h4>\n<h4 style=\"text-align: center;\"><em><b>All our items on display are available in our warehouse.<\/b><\/em><\/h4>\n<h4 style=\"text-align: center;\"><em><b>Can be viewed by appointment.<\/b><\/em><\/h4>\n<h4><\/h4>\n<h4><em><b>No.4904<\/b><\/em><\/h4>","protected":false},"excerpt":{"rendered":"<p>Fili\u017canka w zestawie trio wytw\u00f3rni Bareuther Waldsassen Bavaria. Wysokiej jako\u015bci porcelana w kolorze ecru z delikatnym kwiatowym wzorem r\u00f3\u017cowych r\u00f3\u017c na ga\u0142\u0105zkach w kolorze czerni i szaro\u015bci. Zestaw wyko\u0144czony z\u0142oceniami na rantach. Delikatne przetarcia na z\u0142oceniach.\u00a0 Posiadam w sprzeda\u017cy 11szt zestaw\u00f3w trio.\u00a0 Cena dotyczy 1szt zestawu trio.\u00a0 Wymiary\u00a0 Fili\u017canka\u00a0 \u015brednica wlewu: 9,5cm.\u00a0 \u015brednica podstawy: 4,5cm.\u00a0 [&hellip;]<\/p>\n","protected":false},"featured_media":32678,"template":"","meta":{"_seopress_robots_primary_cat":"","_seopress_titles_title":"","_seopress_titles_desc":"","_seopress_robots_index":"","site-sidebar-layout":"default","site-content-layout":"","ast-site-content-layout":"default","site-content-style":"default","site-sidebar-style":"default","ast-global-header-display":"","ast-banner-title-visibility":"","ast-main-header-display":"","ast-hfb-above-header-display":"","ast-hfb-below-header-display":"","ast-hfb-mobile-header-display":"","site-post-title":"","ast-breadcrumbs-content":"","ast-featured-img":"","footer-sml-layout":"","ast-disable-related-posts":"","theme-transparent-header-meta":"default","adv-header-id-meta":"","stick-header-meta":"default","header-above-stick-meta":"","header-main-stick-meta":"","header-below-stick-meta":"","astra-migrate-meta-layouts":"set","ast-page-background-enabled":"default","ast-page-background-meta":{"desktop":{"background-color":"var(--ast-global-color-4)","background-image":"","background-repeat":"repeat","background-position":"center center","background-size":"auto","background-attachment":"scroll","background-type":"","background-media":"","overlay-type":"","overlay-color":"","overlay-opacity":"","overlay-gradient":""},"tablet":{"background-color":"","background-image":"","background-repeat":"repeat","background-position":"center center","background-size":"auto","background-attachment":"scroll","background-type":"","background-media":"","overlay-type":"","overlay-color":"","overlay-opacity":"","overlay-gradient":""},"mobile":{"background-color":"","background-image":"","background-repeat":"repeat","background-position":"center center","background-size":"auto","background-attachment":"scroll","background-type":"","background-media":"","overlay-type":"","overlay-color":"","overlay-opacity":"","overlay-gradient":""}},"ast-content-background-meta":{"desktop":{"background-color":"var(--ast-global-color-5)","background-image":"","background-repeat":"repeat","background-position":"center center","background-size":"auto","background-attachment":"scroll","background-type":"","background-media":"","overlay-type":"","overlay-color":"","overlay-opacity":"","overlay-gradient":""},"tablet":{"background-color":"var(--ast-global-color-5)","background-image":"","background-repeat":"repeat","background-position":"center center","background-size":"auto","background-attachment":"scroll","background-type":"","background-media":"","overlay-type":"","overlay-color":"","overlay-opacity":"","overlay-gradient":""},"mobile":{"background-color":"var(--ast-global-color-5)","background-image":"","background-repeat":"repeat","background-position":"center center","background-size":"auto","background-attachment":"scroll","background-type":"","background-media":"","overlay-type":"","overlay-color":"","overlay-opacity":"","overlay-gradient":""}}},"product_brand":[],"product_cat":[51,24],"product_tag":[],"class_list":{"0":"post-32675","1":"product","2":"type-product","3":"status-publish","4":"has-post-thumbnail","6":"product_cat-filizanki-zastawy-sniadaniowe","7":"product_cat-kuchnia","8":"product_shipping_class-wysylka-19zl","9":"desktop-align-left","10":"tablet-align-left","11":"mobile-align-left","12":"ast-product-gallery-layout-vertical-slider","13":"ast-product-tabs-layout-horizontal","14":"ast-qv-on-image","16":"first","17":"instock","18":"shipping-taxable","19":"purchasable","20":"product-type-simple"},"_links":{"self":[{"href":"https:\/\/antart.com.pl\/en\/wp-json\/wp\/v2\/product\/32675","targetHints":{"allow":["GET"]}}],"collection":[{"href":"https:\/\/antart.com.pl\/en\/wp-json\/wp\/v2\/product"}],"about":[{"href":"https:\/\/antart.com.pl\/en\/wp-json\/wp\/v2\/types\/product"}],"wp:featuredmedia":[{"embeddable":true,"href":"https:\/\/antart.com.pl\/en\/wp-json\/wp\/v2\/media\/32678"}],"wp:attachment":[{"href":"https:\/\/antart.com.pl\/en\/wp-json\/wp\/v2\/media?parent=32675"}],"wp:term":[{"taxonomy":"product_brand","embeddable":true,"href":"https:\/\/antart.com.pl\/en\/wp-json\/wp\/v2\/product_brand?post=32675"},{"taxonomy":"product_cat","embeddable":true,"href":"https:\/\/antart.com.pl\/en\/wp-json\/wp\/v2\/product_cat?post=32675"},{"taxonomy":"product_tag","embeddable":true,"href":"https:\/\/antart.com.pl\/en\/wp-json\/wp\/v2\/product_tag?post=32675"}],"curies":[{"name":"wp","href":"https:\/\/api.w.org\/{rel}","templated":true}]}}