{"id":33053,"date":"2025-06-23T13:01:36","date_gmt":"2025-06-23T11:01:36","guid":{"rendered":"https:\/\/antart.com.pl\/?post_type=product&#038;p=33053"},"modified":"2025-12-05T11:28:44","modified_gmt":"2025-12-05T10:28:44","slug":"tielsch-altwasser-breakfast-set","status":"publish","type":"product","link":"https:\/\/antart.com.pl\/en\/produkt\/zestaw-sniadaniowy-wytworni-tielsch-altwasser\/","title":{"rendered":"Breakfast set from the Tielsch Altwasser factory"},"content":{"rendered":"<h4 style=\"text-align: center;\"><em><b>Cup in a trio set by the Tielsch Altwasser factory in high-quality ecru porcelain. The motif on the set is orange flowers on black stems with gold leaves. The centre of the cup is also finished with a flower motif and gilding on the rim. The saucer and dessert plate are finished with gilding on the wavy rim. One cup and saucer is slightly chipped.\u00a0<\/b><\/em><\/h4>\n<h4><\/h4>\n<h4><em><b>I have 11pc of trio sets for sale.<\/b><\/em><\/h4>\n<h4><em><b>The price is for 1pc of the trio set.\u00a0<\/b><\/em><\/h4>\n<h4><\/h4>\n<h4><em><b>Dimensions\u00a0<\/b><\/em><\/h4>\n<h4><em><b>Cup\u00a0<\/b><\/em><\/h4>\n<ul>\n<li>\n<h4><em><b>height: 5cm.\u00a0<\/b><\/em><\/h4>\n<\/li>\n<li>\n<h4><em><b>filler diameter: 9.5cm.\u00a0<\/b><\/em><\/h4>\n<\/li>\n<li>\n<h4><em><b>base diameter: 4.5cm.\u00a0<\/b><\/em><\/h4>\n<\/li>\n<li>\n<h4><em><b>Volume: 170ml.\u00a0<\/b><\/em><\/h4>\n<\/li>\n<\/ul>\n<h4><em><b>Spodek\u00a0<\/b><\/em><\/h4>\n<ul>\n<li>\n<h4><em><b>diameter: 14.5cm.\u00a0<\/b><\/em><\/h4>\n<\/li>\n<li>\n<h4><em><b>height: 2 cm.\u00a0<\/b><\/em><\/h4>\n<\/li>\n<\/ul>\n<h4><em><b>Dessert plate\u00a0<\/b><\/em><\/h4>\n<ul>\n<li>\n<h4><em><b>diameter: 19.5cm.\u00a0<\/b><\/em><\/h4>\n<\/li>\n<li>\n<h4><em><b>height: 2cm.\u00a0<\/b><\/em><\/h4>\n<\/li>\n<\/ul>\n<h4 style=\"text-align: center;\"><em><b>The photos show the actual state of the object<\/b><\/em><\/h4>\n<h4 style=\"text-align: center;\"><em><b>Additional photos upon request<\/b><\/em><\/h4>\n<h4 style=\"text-align: center;\"><em><b>All our items on display are available in our warehouse.<\/b><\/em><\/h4>\n<h4 style=\"text-align: center;\"><em><b>Can be viewed by appointment.<\/b><\/em><\/h4>\n<h4><\/h4>\n<h4><em><b>No.4933<\/b><\/em><\/h4>","protected":false},"excerpt":{"rendered":"<p>Fili\u017canka w zestawie trio wytw\u00f3rni Tielsch Altwasser z wysokiej jako\u015bci porcelany w kolorze ecru. Motywem na zestawie s\u0105 pomara\u0144czowe kwiaty na czarnych \u0142odygach ze z\u0142otymi li\u015b\u0107mi. \u015arodek fili\u017canki jest wyko\u0144czony r\u00f3wnie\u017c motywem kwiat\u00f3w oraz z\u0142oceniami na rancie. Spodek i talerz deserowy wyko\u0144czony z\u0142oceniami na falistym rancie. Jedna fili\u017canka i spodek jest delikatnie uszczerbiona.\u00a0 Posiadam w [&hellip;]<\/p>\n","protected":false},"featured_media":32825,"template":"","meta":{"_seopress_robots_primary_cat":"","_seopress_titles_title":"","_seopress_titles_desc":"","_seopress_robots_index":"","site-sidebar-layout":"default","site-content-layout":"","ast-site-content-layout":"default","site-content-style":"default","site-sidebar-style":"default","ast-global-header-display":"","ast-banner-title-visibility":"","ast-main-header-display":"","ast-hfb-above-header-display":"","ast-hfb-below-header-display":"","ast-hfb-mobile-header-display":"","site-post-title":"","ast-breadcrumbs-content":"","ast-featured-img":"","footer-sml-layout":"","ast-disable-related-posts":"","theme-transparent-header-meta":"default","adv-header-id-meta":"","stick-header-meta":"default","header-above-stick-meta":"","header-main-stick-meta":"","header-below-stick-meta":"","astra-migrate-meta-layouts":"set","ast-page-background-enabled":"default","ast-page-background-meta":{"desktop":{"background-color":"var(--ast-global-color-4)","background-image":"","background-repeat":"repeat","background-position":"center center","background-size":"auto","background-attachment":"scroll","background-type":"","background-media":"","overlay-type":"","overlay-color":"","overlay-opacity":"","overlay-gradient":""},"tablet":{"background-color":"","background-image":"","background-repeat":"repeat","background-position":"center center","background-size":"auto","background-attachment":"scroll","background-type":"","background-media":"","overlay-type":"","overlay-color":"","overlay-opacity":"","overlay-gradient":""},"mobile":{"background-color":"","background-image":"","background-repeat":"repeat","background-position":"center center","background-size":"auto","background-attachment":"scroll","background-type":"","background-media":"","overlay-type":"","overlay-color":"","overlay-opacity":"","overlay-gradient":""}},"ast-content-background-meta":{"desktop":{"background-color":"var(--ast-global-color-5)","background-image":"","background-repeat":"repeat","background-position":"center center","background-size":"auto","background-attachment":"scroll","background-type":"","background-media":"","overlay-type":"","overlay-color":"","overlay-opacity":"","overlay-gradient":""},"tablet":{"background-color":"var(--ast-global-color-5)","background-image":"","background-repeat":"repeat","background-position":"center center","background-size":"auto","background-attachment":"scroll","background-type":"","background-media":"","overlay-type":"","overlay-color":"","overlay-opacity":"","overlay-gradient":""},"mobile":{"background-color":"var(--ast-global-color-5)","background-image":"","background-repeat":"repeat","background-position":"center center","background-size":"auto","background-attachment":"scroll","background-type":"","background-media":"","overlay-type":"","overlay-color":"","overlay-opacity":"","overlay-gradient":""}}},"product_brand":[],"product_cat":[51,24],"product_tag":[],"class_list":{"0":"post-33053","1":"product","2":"type-product","3":"status-publish","4":"has-post-thumbnail","6":"product_cat-filizanki-zastawy-sniadaniowe","7":"product_cat-kuchnia","8":"product_shipping_class-wysylka-19zl","9":"desktop-align-left","10":"tablet-align-left","11":"mobile-align-left","12":"ast-product-gallery-layout-vertical-slider","13":"ast-product-tabs-layout-horizontal","14":"ast-qv-on-image","16":"first","17":"instock","18":"shipping-taxable","19":"purchasable","20":"product-type-simple"},"_links":{"self":[{"href":"https:\/\/antart.com.pl\/en\/wp-json\/wp\/v2\/product\/33053","targetHints":{"allow":["GET"]}}],"collection":[{"href":"https:\/\/antart.com.pl\/en\/wp-json\/wp\/v2\/product"}],"about":[{"href":"https:\/\/antart.com.pl\/en\/wp-json\/wp\/v2\/types\/product"}],"wp:featuredmedia":[{"embeddable":true,"href":"https:\/\/antart.com.pl\/en\/wp-json\/wp\/v2\/media\/32825"}],"wp:attachment":[{"href":"https:\/\/antart.com.pl\/en\/wp-json\/wp\/v2\/media?parent=33053"}],"wp:term":[{"taxonomy":"product_brand","embeddable":true,"href":"https:\/\/antart.com.pl\/en\/wp-json\/wp\/v2\/product_brand?post=33053"},{"taxonomy":"product_cat","embeddable":true,"href":"https:\/\/antart.com.pl\/en\/wp-json\/wp\/v2\/product_cat?post=33053"},{"taxonomy":"product_tag","embeddable":true,"href":"https:\/\/antart.com.pl\/en\/wp-json\/wp\/v2\/product_tag?post=33053"}],"curies":[{"name":"wp","href":"https:\/\/api.w.org\/{rel}","templated":true}]}}