{"id":33138,"date":"2025-06-28T12:18:25","date_gmt":"2025-06-28T10:18:25","guid":{"rendered":"https:\/\/antart.com.pl\/?post_type=product&#038;p=33138"},"modified":"2026-04-01T20:33:32","modified_gmt":"2026-04-01T18:33:32","slug":"teak-table-1960s-burchardt-nielsen","status":"publish","type":"product","link":"https:\/\/antart.com.pl\/en\/produkt\/stolik-dunski-z-drewna-tekowego-lata-60-tych-s-burchardt-nielsen\/","title":{"rendered":"Danish teak table 1960s S. Burchardt- Nielsen"},"content":{"rendered":"<h4 style=\"text-align: center;\"><em><strong>Danish teak table 1960s S. Burchardt- Nielsen<\/strong><\/em><\/h4>\n<h4 style=\"text-align: center;\"><em><strong>Robust and durable construction.<\/strong><\/em><\/h4>\n<h4 style=\"text-align: center;\"><em><strong>Table made of solid teak wood in the 1960s.<\/strong><\/em><\/h4>\n<h4 style=\"text-align: center;\"><em><strong>Under the tabletop a sticker with the signature of the company S. Burchardt- Nielsen furniture manufacture \u201d Mobel Fabrik\u201d.\u201d<\/strong><\/em><\/h4>\n<p>&nbsp;<\/p>\n<h4><em><strong>Dimensions<\/strong><\/em><\/h4>\n<ul>\n<li>\n<h4><em><strong>length: 73.5 cm<\/strong><\/em><\/h4>\n<\/li>\n<li>\n<h4><em><strong>width: 74.5cm<\/strong><\/em><\/h4>\n<\/li>\n<li>\n<h4><em><strong>Height: 51 cm<\/strong><\/em><\/h4>\n<\/li>\n<\/ul>\n<h4 style=\"text-align: center;\"><em><strong>The photos show the actual state of the object<\/strong><\/em><\/h4>\n<h4 style=\"text-align: center;\"><em><strong>Additional photos upon request<\/strong><\/em><\/h4>\n<h4 style=\"text-align: center;\"><em><strong>All our items on display are available in our warehouse.<\/strong><\/em><\/h4>\n<h4 style=\"text-align: center;\"><em><strong>Can be viewed by appointment.<\/strong><\/em><\/h4>\n<h4><em><strong>NO. ART 3814<\/strong><\/em><\/h4>","protected":false},"excerpt":{"rendered":"<p>Stolik du\u0144ski z drewna tekowego lata 60-tych S. Burchardt- Nielsen Solidna i wytrzyma\u0142a konstrukcja. Stolik wykonany z litego drewno tekowe w latach 60-tych. Pod blatem naklejka z sygnatura firmy S. Burchardt- Nielsen produkcji mebli &#8221; Mobel Fabrik&#8221; &nbsp; Wymiary d\u0142ugo\u015b\u0107: 73,5 cm szeroko\u015b\u0107: 74,5cm Wysoko\u015b\u0107:\u00a0 51 cm Zdj\u0119cia przedstawiaj\u0105 stan faktyczny przedmiotu Dodatkowe zdj\u0119cia na [&hellip;]<\/p>\n","protected":false},"featured_media":33136,"template":"","meta":{"_seopress_robots_primary_cat":"","_seopress_titles_title":"","_seopress_titles_desc":"","_seopress_robots_index":"","site-sidebar-layout":"default","site-content-layout":"","ast-site-content-layout":"default","site-content-style":"default","site-sidebar-style":"default","ast-global-header-display":"","ast-banner-title-visibility":"","ast-main-header-display":"","ast-hfb-above-header-display":"","ast-hfb-below-header-display":"","ast-hfb-mobile-header-display":"","site-post-title":"","ast-breadcrumbs-content":"","ast-featured-img":"","footer-sml-layout":"","ast-disable-related-posts":"","theme-transparent-header-meta":"default","adv-header-id-meta":"","stick-header-meta":"default","header-above-stick-meta":"","header-main-stick-meta":"","header-below-stick-meta":"","astra-migrate-meta-layouts":"set","ast-page-background-enabled":"default","ast-page-background-meta":{"desktop":{"background-color":"var(--ast-global-color-4)","background-image":"","background-repeat":"repeat","background-position":"center center","background-size":"auto","background-attachment":"scroll","background-type":"","background-media":"","overlay-type":"","overlay-color":"","overlay-opacity":"","overlay-gradient":""},"tablet":{"background-color":"","background-image":"","background-repeat":"repeat","background-position":"center center","background-size":"auto","background-attachment":"scroll","background-type":"","background-media":"","overlay-type":"","overlay-color":"","overlay-opacity":"","overlay-gradient":""},"mobile":{"background-color":"","background-image":"","background-repeat":"repeat","background-position":"center center","background-size":"auto","background-attachment":"scroll","background-type":"","background-media":"","overlay-type":"","overlay-color":"","overlay-opacity":"","overlay-gradient":""}},"ast-content-background-meta":{"desktop":{"background-color":"var(--ast-global-color-5)","background-image":"","background-repeat":"repeat","background-position":"center center","background-size":"auto","background-attachment":"scroll","background-type":"","background-media":"","overlay-type":"","overlay-color":"","overlay-opacity":"","overlay-gradient":""},"tablet":{"background-color":"var(--ast-global-color-5)","background-image":"","background-repeat":"repeat","background-position":"center center","background-size":"auto","background-attachment":"scroll","background-type":"","background-media":"","overlay-type":"","overlay-color":"","overlay-opacity":"","overlay-gradient":""},"mobile":{"background-color":"var(--ast-global-color-5)","background-image":"","background-repeat":"repeat","background-position":"center center","background-size":"auto","background-attachment":"scroll","background-type":"","background-media":"","overlay-type":"","overlay-color":"","overlay-opacity":"","overlay-gradient":""}}},"product_brand":[],"product_cat":[32,33],"product_tag":[],"class_list":{"0":"post-33138","1":"product","2":"type-product","3":"status-publish","4":"has-post-thumbnail","6":"product_cat-meble","7":"product_cat-stoly-stoliki","8":"product_shipping_class-wysylka-80zl","9":"desktop-align-left","10":"tablet-align-left","11":"mobile-align-left","12":"ast-product-gallery-layout-vertical-slider","13":"ast-product-tabs-layout-horizontal","14":"ast-qv-on-image","16":"first","17":"instock","18":"sale","19":"sold-individually","20":"shipping-taxable","21":"purchasable","22":"product-type-simple"},"_links":{"self":[{"href":"https:\/\/antart.com.pl\/en\/wp-json\/wp\/v2\/product\/33138","targetHints":{"allow":["GET"]}}],"collection":[{"href":"https:\/\/antart.com.pl\/en\/wp-json\/wp\/v2\/product"}],"about":[{"href":"https:\/\/antart.com.pl\/en\/wp-json\/wp\/v2\/types\/product"}],"wp:featuredmedia":[{"embeddable":true,"href":"https:\/\/antart.com.pl\/en\/wp-json\/wp\/v2\/media\/33136"}],"wp:attachment":[{"href":"https:\/\/antart.com.pl\/en\/wp-json\/wp\/v2\/media?parent=33138"}],"wp:term":[{"taxonomy":"product_brand","embeddable":true,"href":"https:\/\/antart.com.pl\/en\/wp-json\/wp\/v2\/product_brand?post=33138"},{"taxonomy":"product_cat","embeddable":true,"href":"https:\/\/antart.com.pl\/en\/wp-json\/wp\/v2\/product_cat?post=33138"},{"taxonomy":"product_tag","embeddable":true,"href":"https:\/\/antart.com.pl\/en\/wp-json\/wp\/v2\/product_tag?post=33138"}],"curies":[{"name":"wp","href":"https:\/\/api.w.org\/{rel}","templated":true}]}}