{"id":33844,"date":"2025-07-01T08:59:29","date_gmt":"2025-07-01T06:59:29","guid":{"rendered":"https:\/\/antart.com.pl\/?post_type=product&#038;p=33844"},"modified":"2025-07-01T08:59:29","modified_gmt":"2025-07-01T06:59:29","slug":"pipe-coaster-from-the-1970s-of-the-veritable-gres-flammes-manufacture","status":"publish","type":"product","link":"https:\/\/antart.com.pl\/en\/produkt\/podstawka-do-fajki-z-lat-70tych-wytworni-veritable-gres-flammes\/","title":{"rendered":"Pipe stand from the 1970s by the Veritable Gres Flammes label."},"content":{"rendered":"<h3 style=\"text-align: center;\"><em><b>Pipe stand from the 1970s by the Veritable Gres Flammes label.<\/b><\/em><\/h3>\n<h3 style=\"text-align: center;\"><em><b>The ceramic saucer in the shape of a pipe serves as a stand for a pipe. The distinctive GRES FLAMME glaze indicates the ceramic's high-temperature firing technique, giving the effect of a cracked, glassy surface.<\/b><\/em><\/h3>\n<h3><\/h3>\n<h3><em><b>Dimensions<\/b><\/em><\/h3>\n<ul>\n<li>\n<h3><em><b>Length: 19cm.<\/b><\/em><\/h3>\n<\/li>\n<li>\n<h3><em><b>Height: 8.5cm.<\/b><\/em><\/h3>\n<\/li>\n<li>\n<h3><em><b>Base diameter: 8cm.<\/b><\/em><\/h3>\n<\/li>\n<li>\n<h3><em><b>Top diameter: 7cm.<\/b><\/em><\/h3>\n<\/li>\n<\/ul>\n<h3 style=\"text-align: center;\"><em><b>The photos show the actual state of the object<\/b><\/em><\/h3>\n<h3 style=\"text-align: center;\"><em><b>Additional photos upon request<\/b><\/em><\/h3>\n<h3 style=\"text-align: center;\"><em><b>All our items on display are available in our warehouse.<\/b><\/em><\/h3>\n<h3 style=\"text-align: center;\"><em><b>Can be viewed by appointment.<\/b><\/em><\/h3>\n<h3><\/h3>\n<h3><em><b>No.4973<\/b><\/em><\/h3>","protected":false},"excerpt":{"rendered":"<p>Podstawka do fajki z lat 70tych wytw\u00f3rni Veritable Gres Flammes. Ceramiczna podstawka w kszta\u0142cie fajki s\u0142u\u017cy jako podstawka pod fajk\u0119. Charakterystyczna glazura GRES FLAMME wskazuje na technik\u0119 wypalania ceramiki w wysokiej temperaturze, daj\u0105ca efekt sp\u0119kanej, szklistej powierzchni. Wymiary Dlugo\u015b\u0107: 19cm. Wysoko\u015b\u0107: 8,5cm. \u015arednica podstawy: 8cm. \u015arednica g\u00f3rna: 7cm. Zdj\u0119cia przedstawiaj\u0105 stan faktyczny przedmiotu Dodatkowe zdj\u0119cia [&hellip;]<\/p>\n","protected":false},"featured_media":33391,"template":"","meta":{"_seopress_robots_primary_cat":"","_seopress_titles_title":"","_seopress_titles_desc":"","_seopress_robots_index":"","site-sidebar-layout":"default","site-content-layout":"","ast-site-content-layout":"default","site-content-style":"default","site-sidebar-style":"default","ast-global-header-display":"","ast-banner-title-visibility":"","ast-main-header-display":"","ast-hfb-above-header-display":"","ast-hfb-below-header-display":"","ast-hfb-mobile-header-display":"","site-post-title":"","ast-breadcrumbs-content":"","ast-featured-img":"","footer-sml-layout":"","ast-disable-related-posts":"","theme-transparent-header-meta":"default","adv-header-id-meta":"","stick-header-meta":"default","header-above-stick-meta":"","header-main-stick-meta":"","header-below-stick-meta":"","astra-migrate-meta-layouts":"set","ast-page-background-enabled":"default","ast-page-background-meta":{"desktop":{"background-color":"var(--ast-global-color-4)","background-image":"","background-repeat":"repeat","background-position":"center center","background-size":"auto","background-attachment":"scroll","background-type":"","background-media":"","overlay-type":"","overlay-color":"","overlay-opacity":"","overlay-gradient":""},"tablet":{"background-color":"","background-image":"","background-repeat":"repeat","background-position":"center center","background-size":"auto","background-attachment":"scroll","background-type":"","background-media":"","overlay-type":"","overlay-color":"","overlay-opacity":"","overlay-gradient":""},"mobile":{"background-color":"","background-image":"","background-repeat":"repeat","background-position":"center center","background-size":"auto","background-attachment":"scroll","background-type":"","background-media":"","overlay-type":"","overlay-color":"","overlay-opacity":"","overlay-gradient":""}},"ast-content-background-meta":{"desktop":{"background-color":"var(--ast-global-color-5)","background-image":"","background-repeat":"repeat","background-position":"center center","background-size":"auto","background-attachment":"scroll","background-type":"","background-media":"","overlay-type":"","overlay-color":"","overlay-opacity":"","overlay-gradient":""},"tablet":{"background-color":"var(--ast-global-color-5)","background-image":"","background-repeat":"repeat","background-position":"center center","background-size":"auto","background-attachment":"scroll","background-type":"","background-media":"","overlay-type":"","overlay-color":"","overlay-opacity":"","overlay-gradient":""},"mobile":{"background-color":"var(--ast-global-color-5)","background-image":"","background-repeat":"repeat","background-position":"center center","background-size":"auto","background-attachment":"scroll","background-type":"","background-media":"","overlay-type":"","overlay-color":"","overlay-opacity":"","overlay-gradient":""}}},"product_brand":[],"product_cat":[27,29],"product_tag":[],"class_list":{"0":"post-33844","1":"product","2":"type-product","3":"status-publish","4":"has-post-thumbnail","6":"product_cat-dekoracyjne","7":"product_cat-figurki","8":"product_shipping_class-wysylka-19zl","9":"desktop-align-left","10":"tablet-align-left","11":"mobile-align-left","12":"ast-product-gallery-layout-vertical-slider","13":"ast-product-tabs-layout-horizontal","14":"ast-qv-on-image","16":"first","17":"instock","18":"sold-individually","19":"shipping-taxable","20":"purchasable","21":"product-type-simple"},"_links":{"self":[{"href":"https:\/\/antart.com.pl\/en\/wp-json\/wp\/v2\/product\/33844","targetHints":{"allow":["GET"]}}],"collection":[{"href":"https:\/\/antart.com.pl\/en\/wp-json\/wp\/v2\/product"}],"about":[{"href":"https:\/\/antart.com.pl\/en\/wp-json\/wp\/v2\/types\/product"}],"wp:featuredmedia":[{"embeddable":true,"href":"https:\/\/antart.com.pl\/en\/wp-json\/wp\/v2\/media\/33391"}],"wp:attachment":[{"href":"https:\/\/antart.com.pl\/en\/wp-json\/wp\/v2\/media?parent=33844"}],"wp:term":[{"taxonomy":"product_brand","embeddable":true,"href":"https:\/\/antart.com.pl\/en\/wp-json\/wp\/v2\/product_brand?post=33844"},{"taxonomy":"product_cat","embeddable":true,"href":"https:\/\/antart.com.pl\/en\/wp-json\/wp\/v2\/product_cat?post=33844"},{"taxonomy":"product_tag","embeddable":true,"href":"https:\/\/antart.com.pl\/en\/wp-json\/wp\/v2\/product_tag?post=33844"}],"curies":[{"name":"wp","href":"https:\/\/api.w.org\/{rel}","templated":true}]}}