{"id":33857,"date":"2025-07-01T11:50:55","date_gmt":"2025-07-01T09:50:55","guid":{"rendered":"https:\/\/antart.com.pl\/?post_type=product&#038;p=33857"},"modified":"2025-07-01T11:50:55","modified_gmt":"2025-07-01T09:50:55","slug":"solid-wood-casket-for-jewellery","status":"publish","type":"product","link":"https:\/\/antart.com.pl\/en\/produkt\/szkatulka-z-drewna-litego-na-bizuterie\/","title":{"rendered":"Solid wood casket for jewellery."},"content":{"rendered":"<h4 style=\"text-align: center;\"><em><b>A 1970s gold wood casket in secretary style. The cabinet features a wooden construction with a brown leather insert on the front of the top, and decorative handles. The cabinet has a hinged top shelf and one drawer, the centre is lined with orange velvet.\u00a0<\/b><\/em><\/h4>\n<h4><\/h4>\n<h4><em><b>Dimensions\u00a0<\/b><\/em><\/h4>\n<ul>\n<li>\n<h4><em><b>Height: 20.5cm.\u00a0<\/b><\/em><\/h4>\n<\/li>\n<li>\n<h4><em><b>Width: 14cm.\u00a0<\/b><\/em><\/h4>\n<\/li>\n<li>\n<h4><em><b>Length: 21.5cm.\u00a0<\/b><\/em><\/h4>\n<\/li>\n<\/ul>\n<h4 style=\"text-align: center;\"><em><b>The photos show the actual state of the object<\/b><\/em><\/h4>\n<h4 style=\"text-align: center;\"><em><b>Additional photos upon request<\/b><\/em><\/h4>\n<h4 style=\"text-align: center;\"><em><b>All our items on display are available in our warehouse.<\/b><\/em><\/h4>\n<h4 style=\"text-align: center;\"><em><b>Can be viewed by appointment.<\/b><\/em><\/h4>\n<h4><\/h4>\n<h4><em><b>No. 4986<\/b><\/em><\/h4>","protected":false},"excerpt":{"rendered":"<p>Szkatu\u0142ka z drewna z\u0142otego z lat 70tych w stylu sekretarzyka. Sekretarzyk charakteryzuje si\u0119 drewnian\u0105 konstrukcja z br\u0105zow\u0105, sk\u00f3rzan\u0105 wstawk\u0105 na froncie g\u00f3rnej cz\u0119\u015bci, oraz ozdobnymi uchwytami. Szkatu\u0142ka ma p\u00f3\u0142eczk\u0119 z zawiasowym blatem i jedn\u0105 szuflad\u0119, \u015brodek wy\u0142o\u017cony jest aksamitem w kolorze pomara\u0144czowym.\u00a0 Wymiary\u00a0 Wysoko\u015b\u0107: 20,5cm.\u00a0 Szeroko\u015b\u0107: 14cm.\u00a0 D\u0142ugo\u015b\u0107: 21,5cm.\u00a0 Zdj\u0119cia przedstawiaj\u0105 stan faktyczny przedmiotu Dodatkowe [&hellip;]<\/p>\n","protected":false},"featured_media":33460,"template":"","meta":{"_seopress_robots_primary_cat":"","_seopress_titles_title":"","_seopress_titles_desc":"","_seopress_robots_index":"","site-sidebar-layout":"default","site-content-layout":"","ast-site-content-layout":"default","site-content-style":"default","site-sidebar-style":"default","ast-global-header-display":"","ast-banner-title-visibility":"","ast-main-header-display":"","ast-hfb-above-header-display":"","ast-hfb-below-header-display":"","ast-hfb-mobile-header-display":"","site-post-title":"","ast-breadcrumbs-content":"","ast-featured-img":"","footer-sml-layout":"","ast-disable-related-posts":"","theme-transparent-header-meta":"default","adv-header-id-meta":"","stick-header-meta":"default","header-above-stick-meta":"","header-main-stick-meta":"","header-below-stick-meta":"","astra-migrate-meta-layouts":"set","ast-page-background-enabled":"default","ast-page-background-meta":{"desktop":{"background-color":"var(--ast-global-color-4)","background-image":"","background-repeat":"repeat","background-position":"center center","background-size":"auto","background-attachment":"scroll","background-type":"","background-media":"","overlay-type":"","overlay-color":"","overlay-opacity":"","overlay-gradient":""},"tablet":{"background-color":"","background-image":"","background-repeat":"repeat","background-position":"center center","background-size":"auto","background-attachment":"scroll","background-type":"","background-media":"","overlay-type":"","overlay-color":"","overlay-opacity":"","overlay-gradient":""},"mobile":{"background-color":"","background-image":"","background-repeat":"repeat","background-position":"center center","background-size":"auto","background-attachment":"scroll","background-type":"","background-media":"","overlay-type":"","overlay-color":"","overlay-opacity":"","overlay-gradient":""}},"ast-content-background-meta":{"desktop":{"background-color":"var(--ast-global-color-5)","background-image":"","background-repeat":"repeat","background-position":"center center","background-size":"auto","background-attachment":"scroll","background-type":"","background-media":"","overlay-type":"","overlay-color":"","overlay-opacity":"","overlay-gradient":""},"tablet":{"background-color":"var(--ast-global-color-5)","background-image":"","background-repeat":"repeat","background-position":"center center","background-size":"auto","background-attachment":"scroll","background-type":"","background-media":"","overlay-type":"","overlay-color":"","overlay-opacity":"","overlay-gradient":""},"mobile":{"background-color":"var(--ast-global-color-5)","background-image":"","background-repeat":"repeat","background-position":"center center","background-size":"auto","background-attachment":"scroll","background-type":"","background-media":"","overlay-type":"","overlay-color":"","overlay-opacity":"","overlay-gradient":""}}},"product_brand":[],"product_cat":[27,45,28,91],"product_tag":[],"class_list":{"0":"post-33857","1":"product","2":"type-product","3":"status-publish","4":"has-post-thumbnail","6":"product_cat-dekoracyjne","7":"product_cat-pozostale-dekoracyjne","8":"product_cat-rzezby-rzemioslo","9":"product_cat-szkatulki","10":"product_shipping_class-wysylka-19zl","11":"desktop-align-left","12":"tablet-align-left","13":"mobile-align-left","14":"ast-product-gallery-layout-vertical-slider","15":"ast-product-tabs-layout-horizontal","16":"ast-qv-on-image","18":"first","19":"instock","20":"sold-individually","21":"shipping-taxable","22":"purchasable","23":"product-type-simple"},"_links":{"self":[{"href":"https:\/\/antart.com.pl\/en\/wp-json\/wp\/v2\/product\/33857","targetHints":{"allow":["GET"]}}],"collection":[{"href":"https:\/\/antart.com.pl\/en\/wp-json\/wp\/v2\/product"}],"about":[{"href":"https:\/\/antart.com.pl\/en\/wp-json\/wp\/v2\/types\/product"}],"wp:featuredmedia":[{"embeddable":true,"href":"https:\/\/antart.com.pl\/en\/wp-json\/wp\/v2\/media\/33460"}],"wp:attachment":[{"href":"https:\/\/antart.com.pl\/en\/wp-json\/wp\/v2\/media?parent=33857"}],"wp:term":[{"taxonomy":"product_brand","embeddable":true,"href":"https:\/\/antart.com.pl\/en\/wp-json\/wp\/v2\/product_brand?post=33857"},{"taxonomy":"product_cat","embeddable":true,"href":"https:\/\/antart.com.pl\/en\/wp-json\/wp\/v2\/product_cat?post=33857"},{"taxonomy":"product_tag","embeddable":true,"href":"https:\/\/antart.com.pl\/en\/wp-json\/wp\/v2\/product_tag?post=33857"}],"curies":[{"name":"wp","href":"https:\/\/api.w.org\/{rel}","templated":true}]}}