{"id":33964,"date":"2025-07-05T10:06:30","date_gmt":"2025-07-05T08:06:30","guid":{"rendered":"https:\/\/antart.com.pl\/?post_type=product&#038;p=33964"},"modified":"2025-07-05T10:06:31","modified_gmt":"2025-07-05T08:06:31","slug":"chinese-stained-glass-panel-carved-in-dongyang-wood-with-birds-and-flowers","status":"publish","type":"product","link":"https:\/\/antart.com.pl\/en\/produkt\/panel-witraz-chinski-rzezbiony-w-drewnie-dongyang-z-ptakami-i-kwiatami\/","title":{"rendered":"Panel, Chinese stained glass carved wood Dongyang with birds and flowers"},"content":{"rendered":"<h4 style=\"text-align: center;\"><em><b>Panel, Chinese stained glass carved wood Dongyang with birds and flowers<\/b><\/em><\/h4>\n<h4 style=\"text-align: center;\"><em>Stained glass in a wooden frame painted on glass characteristic of Chinese culture.<\/em><\/h4>\n<h4 style=\"text-align: center;\"><em>Carvings made from dongyang wood.<\/em><\/h4>\n<h4 style=\"text-align: center;\"><em>It is known for its high relief and multi-layered compositions and rich texture that creates a three-dimensional effect.\u00a0<\/em><\/h4>\n<h4><em><b>Dimensions:<\/b><\/em><\/h4>\n<ul>\n<li>\n<h4><em>height: 140cm<\/em><\/h4>\n<\/li>\n<li>\n<h4><em>width: 75cm<\/em><\/h4>\n<\/li>\n<li>\n<h4><em>depth: 3.5 cm<\/em><\/h4>\n<\/li>\n<\/ul>\n<h4 style=\"text-align: right;\"><em><b>The photos show the actual state of the object<\/b><\/em><\/h4>\n<h4 style=\"text-align: right;\"><em><b>Additional photos upon request<\/b><\/em><\/h4>\n<h4 style=\"text-align: right;\"><em><b>All our items on display are available in our warehouse.<\/b><\/em><\/h4>\n<h4 style=\"text-align: right;\"><em><b>Can be viewed by appointment.<\/b><\/em><\/h4>\n<h4><em><b>NO. ART 3797<\/b><\/em><\/h4>","protected":false},"excerpt":{"rendered":"<p>Panel, witra\u017c chi\u0144ski rze\u017abiony w drewnie Dongyang z ptakami i kwiatami Witra\u017c w drewnianej ramie malowany na szkle charakterystyczne na kultury chi\u0144skiej. Wykonane rze\u017abienia z drewna dongyang. Znany jest z wysokiego reliefu oraz wielowarstwowych kompozycji i bogatej strukturze kt\u00f3ra tworzy tr\u00f3jwymiarowy efekt.\u00a0 Wymiary: wysoko\u015b\u0107: 140cm szeroko\u015b\u0107: 75cm g\u0142\u0119boko\u015b\u0107: 3,5 cm Zdj\u0119cia przedstawiaj\u0105 stan faktyczny przedmiotu [&hellip;]<\/p>\n","protected":false},"featured_media":33897,"template":"","meta":{"_seopress_robots_primary_cat":"","_seopress_titles_title":"","_seopress_titles_desc":"","_seopress_robots_index":"","site-sidebar-layout":"default","site-content-layout":"","ast-site-content-layout":"default","site-content-style":"default","site-sidebar-style":"default","ast-global-header-display":"","ast-banner-title-visibility":"","ast-main-header-display":"","ast-hfb-above-header-display":"","ast-hfb-below-header-display":"","ast-hfb-mobile-header-display":"","site-post-title":"","ast-breadcrumbs-content":"","ast-featured-img":"","footer-sml-layout":"","ast-disable-related-posts":"","theme-transparent-header-meta":"default","adv-header-id-meta":"","stick-header-meta":"default","header-above-stick-meta":"","header-main-stick-meta":"","header-below-stick-meta":"","astra-migrate-meta-layouts":"set","ast-page-background-enabled":"default","ast-page-background-meta":{"desktop":{"background-color":"var(--ast-global-color-4)","background-image":"","background-repeat":"repeat","background-position":"center center","background-size":"auto","background-attachment":"scroll","background-type":"","background-media":"","overlay-type":"","overlay-color":"","overlay-opacity":"","overlay-gradient":""},"tablet":{"background-color":"","background-image":"","background-repeat":"repeat","background-position":"center center","background-size":"auto","background-attachment":"scroll","background-type":"","background-media":"","overlay-type":"","overlay-color":"","overlay-opacity":"","overlay-gradient":""},"mobile":{"background-color":"","background-image":"","background-repeat":"repeat","background-position":"center center","background-size":"auto","background-attachment":"scroll","background-type":"","background-media":"","overlay-type":"","overlay-color":"","overlay-opacity":"","overlay-gradient":""}},"ast-content-background-meta":{"desktop":{"background-color":"var(--ast-global-color-5)","background-image":"","background-repeat":"repeat","background-position":"center center","background-size":"auto","background-attachment":"scroll","background-type":"","background-media":"","overlay-type":"","overlay-color":"","overlay-opacity":"","overlay-gradient":""},"tablet":{"background-color":"var(--ast-global-color-5)","background-image":"","background-repeat":"repeat","background-position":"center center","background-size":"auto","background-attachment":"scroll","background-type":"","background-media":"","overlay-type":"","overlay-color":"","overlay-opacity":"","overlay-gradient":""},"mobile":{"background-color":"var(--ast-global-color-5)","background-image":"","background-repeat":"repeat","background-position":"center center","background-size":"auto","background-attachment":"scroll","background-type":"","background-media":"","overlay-type":"","overlay-color":"","overlay-opacity":"","overlay-gradient":""}}},"product_brand":[],"product_cat":[27,342],"product_tag":[],"class_list":{"0":"post-33964","1":"product","2":"type-product","3":"status-publish","4":"has-post-thumbnail","6":"product_cat-dekoracyjne","7":"product_cat-witraze","8":"product_shipping_class-wysylka-120zl","9":"desktop-align-left","10":"tablet-align-left","11":"mobile-align-left","12":"ast-product-gallery-layout-vertical-slider","13":"ast-product-tabs-layout-horizontal","14":"ast-qv-on-image","16":"first","17":"instock","18":"sold-individually","19":"shipping-taxable","20":"purchasable","21":"product-type-simple"},"_links":{"self":[{"href":"https:\/\/antart.com.pl\/en\/wp-json\/wp\/v2\/product\/33964","targetHints":{"allow":["GET"]}}],"collection":[{"href":"https:\/\/antart.com.pl\/en\/wp-json\/wp\/v2\/product"}],"about":[{"href":"https:\/\/antart.com.pl\/en\/wp-json\/wp\/v2\/types\/product"}],"wp:featuredmedia":[{"embeddable":true,"href":"https:\/\/antart.com.pl\/en\/wp-json\/wp\/v2\/media\/33897"}],"wp:attachment":[{"href":"https:\/\/antart.com.pl\/en\/wp-json\/wp\/v2\/media?parent=33964"}],"wp:term":[{"taxonomy":"product_brand","embeddable":true,"href":"https:\/\/antart.com.pl\/en\/wp-json\/wp\/v2\/product_brand?post=33964"},{"taxonomy":"product_cat","embeddable":true,"href":"https:\/\/antart.com.pl\/en\/wp-json\/wp\/v2\/product_cat?post=33964"},{"taxonomy":"product_tag","embeddable":true,"href":"https:\/\/antart.com.pl\/en\/wp-json\/wp\/v2\/product_tag?post=33964"}],"curies":[{"name":"wp","href":"https:\/\/api.w.org\/{rel}","templated":true}]}}