{"id":34029,"date":"2025-07-05T13:10:08","date_gmt":"2025-07-05T11:10:08","guid":{"rendered":"https:\/\/antart.com.pl\/?post_type=product&#038;p=34029"},"modified":"2025-07-05T13:10:08","modified_gmt":"2025-07-05T11:10:08","slug":"wooden-folding-table-eclectic-in-walnut-xixth-century","status":"publish","type":"product","link":"https:\/\/antart.com.pl\/en\/produkt\/stol-drewniany-rozkladany-eklektyczny-w-orzechu-xix-wiek\/","title":{"rendered":"Wooden folding table eclectic in walnut 19th century"},"content":{"rendered":"<h4 style=\"text-align: center;\"><em><strong>Wooden folding table eclectic in walnut 19th century<\/strong><\/em><\/h4>\n<h4 style=\"text-align: center;\"><em><strong>Folding table, antique wooden table covered with walnut veneer.<\/strong><\/em><\/h4>\n<h4 style=\"text-align: center;\"><em><strong>Eclectic style table.<\/strong><\/em><\/h4>\n<h4><em><strong>Dimensions:<\/strong><\/em><\/h4>\n<h4><em><strong>Folded table<\/strong><\/em><\/h4>\n<ul>\n<li>\n<h4><em><strong>height: 76 cm<\/strong><\/em><\/h4>\n<\/li>\n<li>\n<h4><em><strong>width: 105 cm<\/strong><\/em><\/h4>\n<\/li>\n<li>\n<h4><em><strong>length: 115 cm<\/strong><\/em><\/h4>\n<\/li>\n<\/ul>\n<h4><em><strong>Unfolded table<\/strong><\/em><\/h4>\n<ul>\n<li>\n<h4><em><strong>height: 76 cm<\/strong><\/em><\/h4>\n<\/li>\n<li>\n<h4><em><strong>width: 105 cm<\/strong><\/em><\/h4>\n<\/li>\n<li>\n<h4><em><strong>length: 202 cm<\/strong><\/em><\/h4>\n<\/li>\n<\/ul>\n<h4 style=\"text-align: center;\"><em><strong>The photos show the actual state of the object<\/strong><\/em><\/h4>\n<h4 style=\"text-align: center;\"><em><strong>Additional photos upon request<\/strong><\/em><\/h4>\n<h4 style=\"text-align: center;\"><em><strong>All our items on display are available in our warehouse.<\/strong><\/em><\/h4>\n<h4 style=\"text-align: center;\"><em><strong>Can be viewed by appointment.<\/strong><\/em><\/h4>\n<h4><em><strong>No.3786<\/strong><\/em><\/h4>","protected":false},"excerpt":{"rendered":"<p>St\u00f3\u0142 drewniany ROZK\u0141ADANY eklektyczny w orzechu \u00a0XIX wiek St\u00f3\u0142 rozk\u0142adany, antyczne, drewniany pokryty fornirem z orzecha. St\u00f3\u0142 w stylu eklektycznym. Wymiary: St\u00f3\u0142 z\u0142o\u017cony wysoko\u015b\u0107: 76 cm szeroko\u015b\u0107: 105 cm d\u0142ugo\u015b\u0107: 115 cm St\u00f3\u0142 roz\u0142o\u017cony wysoko\u015b\u0107: 76 cm szeroko\u015b\u0107: 105 cm d\u0142ugo\u015b\u0107: 202 cm Zdj\u0119cia przedstawiaj\u0105 stan faktyczny przedmiotu Dodatkowe zdj\u0119cia na pro\u015bb\u0119 zainteresowanych Wszystkie nasze [&hellip;]<\/p>\n","protected":false},"featured_media":34014,"template":"","meta":{"_seopress_robots_primary_cat":"","_seopress_titles_title":"","_seopress_titles_desc":"","_seopress_robots_index":"","site-sidebar-layout":"default","site-content-layout":"","ast-site-content-layout":"default","site-content-style":"default","site-sidebar-style":"default","ast-global-header-display":"","ast-banner-title-visibility":"","ast-main-header-display":"","ast-hfb-above-header-display":"","ast-hfb-below-header-display":"","ast-hfb-mobile-header-display":"","site-post-title":"","ast-breadcrumbs-content":"","ast-featured-img":"","footer-sml-layout":"","ast-disable-related-posts":"","theme-transparent-header-meta":"default","adv-header-id-meta":"","stick-header-meta":"default","header-above-stick-meta":"","header-main-stick-meta":"","header-below-stick-meta":"","astra-migrate-meta-layouts":"set","ast-page-background-enabled":"default","ast-page-background-meta":{"desktop":{"background-color":"var(--ast-global-color-4)","background-image":"","background-repeat":"repeat","background-position":"center center","background-size":"auto","background-attachment":"scroll","background-type":"","background-media":"","overlay-type":"","overlay-color":"","overlay-opacity":"","overlay-gradient":""},"tablet":{"background-color":"","background-image":"","background-repeat":"repeat","background-position":"center center","background-size":"auto","background-attachment":"scroll","background-type":"","background-media":"","overlay-type":"","overlay-color":"","overlay-opacity":"","overlay-gradient":""},"mobile":{"background-color":"","background-image":"","background-repeat":"repeat","background-position":"center center","background-size":"auto","background-attachment":"scroll","background-type":"","background-media":"","overlay-type":"","overlay-color":"","overlay-opacity":"","overlay-gradient":""}},"ast-content-background-meta":{"desktop":{"background-color":"var(--ast-global-color-5)","background-image":"","background-repeat":"repeat","background-position":"center center","background-size":"auto","background-attachment":"scroll","background-type":"","background-media":"","overlay-type":"","overlay-color":"","overlay-opacity":"","overlay-gradient":""},"tablet":{"background-color":"var(--ast-global-color-5)","background-image":"","background-repeat":"repeat","background-position":"center center","background-size":"auto","background-attachment":"scroll","background-type":"","background-media":"","overlay-type":"","overlay-color":"","overlay-opacity":"","overlay-gradient":""},"mobile":{"background-color":"var(--ast-global-color-5)","background-image":"","background-repeat":"repeat","background-position":"center center","background-size":"auto","background-attachment":"scroll","background-type":"","background-media":"","overlay-type":"","overlay-color":"","overlay-opacity":"","overlay-gradient":""}}},"product_brand":[],"product_cat":[32,33],"product_tag":[],"class_list":{"0":"post-34029","1":"product","2":"type-product","3":"status-publish","4":"has-post-thumbnail","6":"product_cat-meble","7":"product_cat-stoly-stoliki","8":"product_shipping_class-wysylka-180zl","9":"desktop-align-left","10":"tablet-align-left","11":"mobile-align-left","12":"ast-product-gallery-layout-vertical-slider","13":"ast-product-tabs-layout-horizontal","14":"ast-qv-on-image","16":"first","17":"instock","18":"sold-individually","19":"shipping-taxable","20":"purchasable","21":"product-type-simple"},"_links":{"self":[{"href":"https:\/\/antart.com.pl\/en\/wp-json\/wp\/v2\/product\/34029","targetHints":{"allow":["GET"]}}],"collection":[{"href":"https:\/\/antart.com.pl\/en\/wp-json\/wp\/v2\/product"}],"about":[{"href":"https:\/\/antart.com.pl\/en\/wp-json\/wp\/v2\/types\/product"}],"wp:featuredmedia":[{"embeddable":true,"href":"https:\/\/antart.com.pl\/en\/wp-json\/wp\/v2\/media\/34014"}],"wp:attachment":[{"href":"https:\/\/antart.com.pl\/en\/wp-json\/wp\/v2\/media?parent=34029"}],"wp:term":[{"taxonomy":"product_brand","embeddable":true,"href":"https:\/\/antart.com.pl\/en\/wp-json\/wp\/v2\/product_brand?post=34029"},{"taxonomy":"product_cat","embeddable":true,"href":"https:\/\/antart.com.pl\/en\/wp-json\/wp\/v2\/product_cat?post=34029"},{"taxonomy":"product_tag","embeddable":true,"href":"https:\/\/antart.com.pl\/en\/wp-json\/wp\/v2\/product_tag?post=34029"}],"curies":[{"name":"wp","href":"https:\/\/api.w.org\/{rel}","templated":true}]}}